{"id":10907,"date":"2021-08-12T14:53:39","date_gmt":"2021-08-12T12:53:39","guid":{"rendered":"https:\/\/2c342aae-e94b-481e-aca9-de530b3b6ed6.h3.conves.io\/?page_id=10907"},"modified":"2021-10-21T13:56:22","modified_gmt":"2021-10-21T11:56:22","slug":"shop-strasser-maschinen","status":"publish","type":"page","link":"https:\/\/www.strasser.co.at\/de\/shop-strasser-maschinen\/","title":{"rendered":"Shop"},"content":{"rendered":"\n<h1>\n\t<\/h1>\n\t\t\t<a href=\"\/wp-content\/plugins\/QRSticker\/pdf-haendler.php\" target=\"_blank\" role=\"button\" rel=\"noopener\">\n\t\t\t\t\t\tPreisliste H\u00e4ndler\n\t\t\t\t\t<\/a>\n\t\t\t<a href=\"\/wp-content\/plugins\/QRSticker\/pdf-kunden.php\" target=\"_blank\" role=\"button\" rel=\"noopener\">\n\t\t\t\t\t\tPreisliste Endkunden\n\t\t\t\t\t<\/a>\n\t\r\n<div class=\"background\">\r\n  <div class=\"wrapper\">\r\n  <form method=\"post\" id=\"FilterForm\">\r\n    <select name=\"category\" id=\"FilterDiv\"><option value=\"\" selected>Alle Kategorien<\/option><option value=\"188\">Burgerformer<\/option><option value=\"406\">Pl\u00e4tter<\/option><option value=\"385\">Steaker<\/option><option value=\"298\">Sonstiges<\/option><\/select>&nbsp;<!--<input type=\"submit\" value=\"Filter\" \/>--><\/form><br style=\"clear:both\" \/>\r\n\t\t      <div class=\"subCategory-name\">\r\n\t\t        <h4><a href=\"https:\/\/www.strasser.co.at\/de\/produkt-kategorie\/shop\/burgerformer\/\">Burgerformer<\/a><\/h4>\r\n\t\t\t  <\/div>\r\n\t\t\t  <div class=\"subCategory-products\">\r\n\t\t\t  \r\n            <div class=\"product-cell\" style=\"width:24%; margin-right:1%;background:#ffffff;float:left; margin-bottom:20px;position:relative;\">\r\n\t\t\t  <div class=\"product-cell-image\" style=\"height:0;width:100%;padding-bottom:100%;overflow:hidden;\">\r\n\t\t\t      <a href=\"\/de\/produkt\/ab-hamburgerformer-f1-3\/\" title=\"AB Hamburgerformer F1\" style=\"color:#4c4c4c;\"><img decoding=\"async\" height=\"100%\" src=\"https:\/\/www.strasser.co.at\/wp-content\/uploads\/2021\/06\/F1-o.-Logo.jpg\" class=\"attachment-shop_catalog size-shop_catalog wp-post-image\" style=\"overflow:hidden;\r\n\twidth: 100% !important;\r\n        max-height: 500px !important;\r\n        object-fit: contain;\r\n        object-position: auto 0%;\" \/><\/a>\r\n\t\t\r\n\t\t\t  <\/div>\r\n\t\t\t  <div class=\"product-cell-text\" style=\"padding-left:10%; padding-top:20px; padding-bottom:20px; height:84px; \">\r\n\t\t\t      <h2 class=\"fl-post-grid-title\" itemprop=\"headline\" style=\"font-size:20px;line-height:22px;\">\r\n\t\t\t        <a href=\"\/de\/produkt\/ab-hamburgerformer-f1-3\/\" title=\"AB Hamburgerformer F1\" style=\"color:#4c4c4c;\">AB Hamburgerformer F1<\/a>\r\n\t\t          <\/h2>\r\n\t\t\t  <\/div>  \r\n\t\t\t<\/div>\r\n\t\t\t\r\n            <div class=\"product-cell\" style=\"width:24%; margin-right:1%;background:#ffffff;float:left; margin-bottom:20px;position:relative;\">\r\n\t\t\t  <div class=\"product-cell-image\" style=\"height:0;width:100%;padding-bottom:100%;overflow:hidden;\">\r\n\t\t\t      <a href=\"\/de\/produkt\/ab-unterlegepapier-weiss-135x135mm\/\" title=\"AB Unterlegepapier wei\u00df 135x135mm\" style=\"color:#4c4c4c;\"><img decoding=\"async\" height=\"100%\" src=\"https:\/\/www.strasser.co.at\/wp-content\/uploads\/2022\/06\/727000-1.jpg\" class=\"attachment-shop_catalog size-shop_catalog wp-post-image\" style=\"overflow:hidden;\r\n\twidth: 100% !important;\r\n        max-height: 500px !important;\r\n        object-fit: contain;\r\n        object-position: auto 0%;\" \/><\/a>\r\n\t\t\r\n\t\t\t  <\/div>\r\n\t\t\t  <div class=\"product-cell-text\" style=\"padding-left:10%; padding-top:20px; padding-bottom:20px; height:84px; \">\r\n\t\t\t      <h2 class=\"fl-post-grid-title\" itemprop=\"headline\" style=\"font-size:20px;line-height:22px;\">\r\n\t\t\t        <a href=\"\/de\/produkt\/ab-unterlegepapier-weiss-135x135mm\/\" title=\"AB Unterlegepapier wei\u00df 135x135mm\" style=\"color:#4c4c4c;\">AB Unterlegepapier wei\u00df 135x135mm<\/a>\r\n\t\t          <\/h2>\r\n\t\t\t  <\/div>  \r\n\t\t\t<\/div>\r\n\t\t\t<\/div><br style=\"clear:both\" \/>\r\n\t\t      <div class=\"subCategory-name\">\r\n\t\t        <h4><a href=\"https:\/\/www.strasser.co.at\/de\/produkt-kategorie\/shop\/plaetter-2\/\">Pl\u00e4tter<\/a><\/h4>\r\n\t\t\t  <\/div>\r\n\t\t\t  <div class=\"subCategory-products\">\r\n\t\t\t  \r\n            <div class=\"product-cell\" style=\"width:24%; margin-right:1%;background:#ffffff;float:left; margin-bottom:20px;position:relative;\">\r\n\t\t\t  <div class=\"product-cell-image\" style=\"height:0;width:100%;padding-bottom:100%;overflow:hidden;\">\r\n\t\t\t      <a href=\"\/de\/produkt\/kt-fleischplaetter-mod-kt-alp\/\" title=\"KT Fleischpl\u00e4tter Mod. KT-ALP\" style=\"color:#4c4c4c;\"><img decoding=\"async\" height=\"100%\" src=\"https:\/\/www.strasser.co.at\/wp-content\/uploads\/2022\/08\/KT-ALP-Schnitzelplaetter.jpg\" class=\"attachment-shop_catalog size-shop_catalog wp-post-image\" style=\"overflow:hidden;\r\n\twidth: 100% !important;\r\n        max-height: 500px !important;\r\n        object-fit: contain;\r\n        object-position: auto 0%;\" \/><\/a>\r\n\t\t\r\n\t\t\t  <\/div>\r\n\t\t\t  <div class=\"product-cell-text\" style=\"padding-left:10%; padding-top:20px; padding-bottom:20px; height:84px; \">\r\n\t\t\t      <h2 class=\"fl-post-grid-title\" itemprop=\"headline\" style=\"font-size:20px;line-height:22px;\">\r\n\t\t\t        <a href=\"\/de\/produkt\/kt-fleischplaetter-mod-kt-alp\/\" title=\"KT Fleischpl\u00e4tter Mod. KT-ALP\" style=\"color:#4c4c4c;\">KT Fleischpl\u00e4tter Mod. KT-ALP<\/a>\r\n\t\t          <\/h2>\r\n\t\t\t  <\/div>  \r\n\t\t\t<\/div>\r\n\t\t\t<\/div><br style=\"clear:both\" \/>\r\n\t\t      <div class=\"subCategory-name\">\r\n\t\t        <h4><a href=\"https:\/\/www.strasser.co.at\/de\/produkt-kategorie\/shop\/steaker-2\/\">Steaker<\/a><\/h4>\r\n\t\t\t  <\/div>\r\n\t\t\t  <div class=\"subCategory-products\">\r\n\t\t\t  \r\n            <div class=\"product-cell\" style=\"width:24%; margin-right:1%;background:#ffffff;float:left; margin-bottom:20px;position:relative;\">\r\n\t\t\t  <div class=\"product-cell-image\" style=\"height:0;width:100%;padding-bottom:100%;overflow:hidden;\">\r\n\t\t\t      <a href=\"\/de\/produkt\/kt-steaker\/\" title=\"KT Steaker\" style=\"color:#4c4c4c;\"><img decoding=\"async\" height=\"100%\" src=\"https:\/\/www.strasser.co.at\/wp-content\/uploads\/2023\/12\/820-2.jpg\" class=\"attachment-shop_catalog size-shop_catalog wp-post-image\" style=\"overflow:hidden;\r\n\twidth: 100% !important;\r\n        max-height: 500px !important;\r\n        object-fit: contain;\r\n        object-position: auto 0%;\" \/><\/a>\r\n\t\t\r\n\t\t\t  <\/div>\r\n\t\t\t  <div class=\"product-cell-text\" style=\"padding-left:10%; padding-top:20px; padding-bottom:20px; height:84px; \">\r\n\t\t\t      <h2 class=\"fl-post-grid-title\" itemprop=\"headline\" style=\"font-size:20px;line-height:22px;\">\r\n\t\t\t        <a href=\"\/de\/produkt\/kt-steaker\/\" title=\"KT Steaker\" style=\"color:#4c4c4c;\">KT Steaker<\/a>\r\n\t\t          <\/h2>\r\n\t\t\t  <\/div>  \r\n\t\t\t<\/div>\r\n\t\t\t<\/div><br style=\"clear:both\" \/>\r\n\t\t      <div class=\"subCategory-name\">\r\n\t\t        <h4><a href=\"https:\/\/www.strasser.co.at\/de\/produkt-kategorie\/shop\/sonstiges-2\/\">Sonstiges<\/a><\/h4>\r\n\t\t\t  <\/div>\r\n\t\t\t  <div class=\"subCategory-products\">\r\n\t\t\t  \r\n            <div class=\"product-cell\" style=\"width:24%; margin-right:1%;background:#ffffff;float:left; margin-bottom:20px;position:relative;\">\r\n\t\t\t  <div class=\"product-cell-image\" style=\"height:0;width:100%;padding-bottom:100%;overflow:hidden;\">\r\n\t\t\t      <a href=\"\/de\/produkt\/maschinentisch-700x500x900mm\/\" title=\"Maschinentisch 700x500x900mm\" style=\"color:#4c4c4c;\"><img decoding=\"async\" height=\"100%\" src=\"https:\/\/www.strasser.co.at\/wp-content\/uploads\/2025\/10\/835.jpg\" class=\"attachment-shop_catalog size-shop_catalog wp-post-image\" style=\"overflow:hidden;\r\n\twidth: 100% !important;\r\n        max-height: 500px !important;\r\n        object-fit: contain;\r\n        object-position: auto 0%;\" \/><\/a>\r\n\t\t\r\n\t\t\t  <\/div>\r\n\t\t\t  <div class=\"product-cell-text\" style=\"padding-left:10%; padding-top:20px; padding-bottom:20px; height:84px; \">\r\n\t\t\t      <h2 class=\"fl-post-grid-title\" itemprop=\"headline\" style=\"font-size:20px;line-height:22px;\">\r\n\t\t\t        <a href=\"\/de\/produkt\/maschinentisch-700x500x900mm\/\" title=\"Maschinentisch 700x500x900mm\" style=\"color:#4c4c4c;\">Maschinentisch 700x500x900mm<\/a>\r\n\t\t          <\/h2>\r\n\t\t\t  <\/div>  \r\n\t\t\t<\/div>\r\n\t\t\t\r\n            <div class=\"product-cell\" style=\"width:24%; margin-right:1%;background:#ffffff;float:left; margin-bottom:20px;position:relative;\">\r\n\t\t\t  <div class=\"product-cell-image\" style=\"height:0;width:100%;padding-bottom:100%;overflow:hidden;\">\r\n\t\t\t      <a href=\"\/de\/produkt\/maschinentisch-900-x-600-x-900mm\/\" title=\"Maschinentisch 900x600x900mm\" style=\"color:#4c4c4c;\"><img decoding=\"async\" height=\"100%\" src=\"https:\/\/www.strasser.co.at\/wp-content\/uploads\/2025\/10\/832.jpg\" class=\"attachment-shop_catalog size-shop_catalog wp-post-image\" style=\"overflow:hidden;\r\n\twidth: 100% !important;\r\n        max-height: 500px !important;\r\n        object-fit: contain;\r\n        object-position: auto 0%;\" \/><\/a>\r\n\t\t\r\n\t\t\t  <\/div>\r\n\t\t\t  <div class=\"product-cell-text\" style=\"padding-left:10%; padding-top:20px; padding-bottom:20px; height:84px; \">\r\n\t\t\t      <h2 class=\"fl-post-grid-title\" itemprop=\"headline\" style=\"font-size:20px;line-height:22px;\">\r\n\t\t\t        <a href=\"\/de\/produkt\/maschinentisch-900-x-600-x-900mm\/\" title=\"Maschinentisch 900x600x900mm\" style=\"color:#4c4c4c;\">Maschinentisch 900x600x900mm<\/a>\r\n\t\t          <\/h2>\r\n\t\t\t  <\/div>  \r\n\t\t\t<\/div>\r\n\t\t\t\r\n            <div class=\"product-cell\" style=\"width:24%; margin-right:1%;background:#ffffff;float:left; margin-bottom:20px;position:relative;\">\r\n\t\t\t  <div class=\"product-cell-image\" style=\"height:0;width:100%;padding-bottom:100%;overflow:hidden;\">\r\n\t\t\t      <a href=\"\/de\/produkt\/ladenstufentisch-aus-edelstahl\/\" title=\"Ladenstufentisch aus Edelstahl\" style=\"color:#4c4c4c;\"><img decoding=\"async\" height=\"100%\" src=\"https:\/\/www.strasser.co.at\/wp-content\/uploads\/2022\/10\/700.jpg\" class=\"attachment-shop_catalog size-shop_catalog wp-post-image\" style=\"overflow:hidden;\r\n\twidth: 100% !important;\r\n        max-height: 500px !important;\r\n        object-fit: contain;\r\n        object-position: auto 0%;\" \/><\/a>\r\n\t\t\r\n\t\t\t  <\/div>\r\n\t\t\t  <div class=\"product-cell-text\" style=\"padding-left:10%; padding-top:20px; padding-bottom:20px; height:84px; \">\r\n\t\t\t      <h2 class=\"fl-post-grid-title\" itemprop=\"headline\" style=\"font-size:20px;line-height:22px;\">\r\n\t\t\t        <a href=\"\/de\/produkt\/ladenstufentisch-aus-edelstahl\/\" title=\"Ladenstufentisch aus Edelstahl\" style=\"color:#4c4c4c;\">Ladenstufentisch aus Edelstahl<\/a>\r\n\t\t          <\/h2>\r\n\t\t\t  <\/div>  \r\n\t\t\t<\/div>\r\n\t\t\t<\/div>\r\n        <br style=\"clear:both\" \/>\r\n      <\/div>\r\n\t<\/div>\t  \r\n\t  \t    <!--<script src=\"\/wp-content\/plugins\/QRSticker\/jquery-2.1.0.min.js\"><\/script>-->\r\n\r\n\t    <script type=\"text\/javascript\">\r\n        <!--$(document).ready(function () {-->\r\n\t\tjQuery(document).ready(function($){\r\n        \r\n\t\t  $(\"#FilterDiv\").change(function(){\r\n\t\t\t\/\/alert(\"Changed\");\r\n\t\t\t$(\"#FilterForm\").submit();\r\n\t\t  });\r\n\t\t  \r\n        });\r\n        <\/script>\n\n","protected":false},"excerpt":{"rendered":"<p>Abm.: 1500 x 700 x 900 mm Oberplatte 1,5 mm stark, 3-seitig abgekantet, hinten 50mm aufgekantet Stufentiefe 300 mm, Stufenh\u00f6he 30 mm Ausf\u00fchrung: verschwei\u00dft, mit Zwischenboden, mit KS- Verstellgleitern zum Niveausgleich<\/p>\n","protected":false},"author":2,"featured_media":0,"parent":0,"menu_order":0,"comment_status":"closed","ping_status":"closed","template":"","meta":{"_acf_changed":false,"_crsspst_to_strasser-maschinench":false,"inline_featured_image":false,"footnotes":""},"class_list":["post-10907","page","type-page","status-publish","hentry"],"acf":[],"_links":{"self":[{"href":"https:\/\/www.strasser.co.at\/de\/wp-json\/wp\/v2\/pages\/10907","targetHints":{"allow":["GET"]}}],"collection":[{"href":"https:\/\/www.strasser.co.at\/de\/wp-json\/wp\/v2\/pages"}],"about":[{"href":"https:\/\/www.strasser.co.at\/de\/wp-json\/wp\/v2\/types\/page"}],"author":[{"embeddable":true,"href":"https:\/\/www.strasser.co.at\/de\/wp-json\/wp\/v2\/users\/2"}],"replies":[{"embeddable":true,"href":"https:\/\/www.strasser.co.at\/de\/wp-json\/wp\/v2\/comments?post=10907"}],"version-history":[{"count":0,"href":"https:\/\/www.strasser.co.at\/de\/wp-json\/wp\/v2\/pages\/10907\/revisions"}],"wp:attachment":[{"href":"https:\/\/www.strasser.co.at\/de\/wp-json\/wp\/v2\/media?parent=10907"}],"curies":[{"name":"wp","href":"https:\/\/api.w.org\/{rel}","templated":true}]}}