{"id":15133,"date":"2021-10-19T15:26:04","date_gmt":"2021-10-19T13:26:04","guid":{"rendered":"https:\/\/2c342aae-e94b-481e-aca9-de530b3b6ed6.h3.conves.io\/?page_id=15133"},"modified":"2026-02-19T13:00:38","modified_gmt":"2026-02-19T12:00:38","slug":"geschaeftszweige","status":"publish","type":"page","link":"https:\/\/www.strasser.co.at\/de\/unternehmen\/geschaeftszweige\/","title":{"rendered":"Unternehmen"},"content":{"rendered":"\n\n\t<h2>Gesch\u00e4ftszweige<\/h2>\n\t\t\t\t<img decoding=\"async\" src=\"http:\/\/www.strasser.co.at\/wp-content\/uploads\/2023\/09\/Strasser-7.jpg\" alt=\"Strasser-7\" itemprop=\"image\" title=\"Strasser-7\" onerror=\"this.style.display='none'\"  \/>\n\t<h3>Neumaschinen<\/h3>\n\tWir sind Ihr verl\u00e4sslicher Partner f\u00fcr hochwertige und leistungsstarke Maschinen zur Lebensmittelverarbeitung. Als Generalvertretung der namhaftesten Maschinenhersteller, bieten wir Ihnen von der Beratung bis hin zur Montage und Inbetriebnahme der Anlagen ein Komplettangebot.<br \/>\nIn unserem Portfolio haben wir ausschlie\u00dflich Maschinen die den h\u00f6chsten Hygienestandards der Lebensmittelindustrie entsprechen. Unsere L\u00f6sungen umfassen Anlagen von der Zerkleinerung und Standardisierung \u00fcber die Verarbeitung und Veredelung bis hin zur thermischen Behandlung und Verpackung.\n<p>Zu unserem Portfolio z\u00e4hlen unter anderem:<\/p>\n<ul>\n<li>Seydelmann<\/li>\n<li>Schr\u00f6ter<\/li>\n<li>Henneken<\/li>\n<li>JBT Alco<\/li>\n<li>DJM Food Processing<\/li>\n<li>Frey<\/li>\n<li>AB Burgerformer<\/li>\n<li>Vakona<\/li>\n<li>Magurit<\/li>\n<li>VC999<\/li>\n<li>Bastra<\/li>\n<li>Foodlogistik<\/li>\n<li>Kitzinger<\/li>\n<li>Jeros<\/li>\n<li>Korimat<\/li>\n<li>Maja<\/li>\n<li>Mainca<\/li>\n<li>Gaser<\/li>\n<li>KT OY<\/li>\n<li>Oxytec und einige mehr.<\/li>\n<\/ul>\n<p>Finden Sie weitere Informationen zu unserem <a href=\"https:\/\/www.strasser.co.at\/produkt-kategorie\/neumaschinen\/\">aktuellen Neumaschinenangebot<\/a><\/p>\n<p>Bl\u00e4ttern Sie gerne in unserer neuen <a href=\"https:\/\/www.strasser.co.at\/wp-content\/uploads\/2026\/02\/Strasser-Broschuere-AT-new.pdf\" target=\"_blank\" rel=\"noopener\">Firmenbrosch\u00fcre.<\/a><\/p>\n\t<h3>Service &amp; Montage<\/h3>\n\t<p>F\u00fcr die ordnungsgem\u00e4\u00dfe Montage und Wartung Ihrer Maschinen sorgt unser qualifiziertes Technik-Team. Egal, ob erste Inbetriebnahme, Service oder Ernstfall &#8211; unsere Technikerinnen und Techniker sind f\u00fcr Sie da.<\/p>\nKurze Reaktionszeiten und hohe Ersatzteilvorhaltung sind unsere St\u00e4rken. Unser Technik-Team unterst\u00fctzt Sie telefonisch oder vor Ort in Ihrem Unternehmen.<br \/>\nGeplante Service- und Wartungsarbeiten f\u00fchren wir auf unseren regelm\u00e4\u00dfigen Servicetouren \u00f6sterreichweit durch. \n\t\t\t\t<img decoding=\"async\" src=\"http:\/\/www.strasser.co.at\/wp-content\/uploads\/2023\/09\/Strasser-76.jpg\" alt=\"Strasser-76\" itemprop=\"image\" title=\"Strasser-76\" onerror=\"this.style.display='none'\"  \/>\n\t\t\t\t<img decoding=\"async\" src=\"http:\/\/www.strasser.co.at\/wp-content\/uploads\/2023\/09\/Strasser-4.jpg\" alt=\"Strasser-4\" itemprop=\"image\" title=\"Strasser-4\" onerror=\"this.style.display='none'\"  \/>\n\t<h3>Gebrauchtmaschinen<\/h3>\n\t<p>Gebrauchtmaschinen aus unseren Werkst\u00e4tten finden weltweit zufriedene Kundinnen und Kunden.<\/p>\n<p>Auf unseren rund 2000 m\u00b2 gro\u00dfen Lager- und Ausstellungsfl\u00e4chen haben wir Maschinen f\u00fcr praktisch alle Anwendungsbereiche der Lebensmittelindustrie.<\/p>\n<p>Finden Sie weitere Informationen zu unserem aktuellen <a href=\"https:\/\/www.strasser.co.at\/de\/gebrauchtmaschinen\/\">Gebrauchtmaschinenangebot<\/a>.<\/p>\n<p>Sie wollen eine Maschine verkaufen? Nehmen Sie mit uns <a href=\"\/de\/kontakt\">Kontakt<\/a> auf.<\/p>\n\t<h2>\u00dcber uns <\/h2>\n\t<p>Unser Erfolgsrezept ist einfach: wir arbeiten hart! Daran hat sich seit der Gr\u00fcndung unserer Firma im Jahr 1979 nichts ge\u00e4ndert.<\/p>\n<p>Heute sind wir ein mittelst\u00e4ndisches Unternehmen mit einer klassischen Unternehmenskultur und vertrauen auf die positiven Aspekte \u00fcberschaubarer Strukturen.<\/p>\n<p>F\u00fcr unsere Kundinnen und Kunden empfinden wir eine gro\u00dfe pers\u00f6nliche Verantwortung.<\/p>\n<h3>Strasser steht f\u00fcr hervorragende Maschinentechnologie und exzellenten Service!<\/h3>\n<p>&nbsp;<\/p>\n\t\t\t\t<img decoding=\"async\" src=\"http:\/\/www.strasser.co.at\/wp-content\/uploads\/2023\/09\/Strasser-63-ohne-Strom.jpg\" alt=\"Strasser-63 ohne Strom\" itemprop=\"image\" title=\"Strasser-63 ohne Strom\" onerror=\"this.style.display='none'\"  \/>\n\n","protected":false},"excerpt":{"rendered":"<p>Gesch\u00e4ftszweige Neumaschinen Wir sind Ihr verl\u00e4sslicher Partner f\u00fcr hochwertige und leistungsstarke Maschinen zur Lebensmittelverarbeitung. Als Generalvertretung der namhaftesten Maschinenhersteller, bieten wir Ihnen von der Beratung bis hin zur Montage und Inbetriebnahme der Anlagen ein Komplettangebot. In unserem Portfolio haben wir ausschlie\u00dflich Maschinen die den h\u00f6chsten Hygienestandards der Lebensmittelindustrie entsprechen. Unsere L\u00f6sungen umfassen Anlagen von der &#8230; <a title=\"Unternehmen\" class=\"read-more\" href=\"https:\/\/www.strasser.co.at\/de\/unternehmen\/geschaeftszweige\/\" aria-label=\"Mehr dazu unter Unternehmen\">Weiterlesen<\/a><\/p>\n","protected":false},"author":2,"featured_media":0,"parent":1064,"menu_order":0,"comment_status":"closed","ping_status":"closed","template":"","meta":{"_acf_changed":false,"_crsspst_to_strasser-maschinench":false,"inline_featured_image":false,"footnotes":""},"class_list":["post-15133","page","type-page","status-publish"],"acf":[],"_links":{"self":[{"href":"https:\/\/www.strasser.co.at\/de\/wp-json\/wp\/v2\/pages\/15133","targetHints":{"allow":["GET"]}}],"collection":[{"href":"https:\/\/www.strasser.co.at\/de\/wp-json\/wp\/v2\/pages"}],"about":[{"href":"https:\/\/www.strasser.co.at\/de\/wp-json\/wp\/v2\/types\/page"}],"author":[{"embeddable":true,"href":"https:\/\/www.strasser.co.at\/de\/wp-json\/wp\/v2\/users\/2"}],"replies":[{"embeddable":true,"href":"https:\/\/www.strasser.co.at\/de\/wp-json\/wp\/v2\/comments?post=15133"}],"version-history":[{"count":2,"href":"https:\/\/www.strasser.co.at\/de\/wp-json\/wp\/v2\/pages\/15133\/revisions"}],"predecessor-version":[{"id":30733,"href":"https:\/\/www.strasser.co.at\/de\/wp-json\/wp\/v2\/pages\/15133\/revisions\/30733"}],"up":[{"embeddable":true,"href":"https:\/\/www.strasser.co.at\/de\/wp-json\/wp\/v2\/pages\/1064"}],"wp:attachment":[{"href":"https:\/\/www.strasser.co.at\/de\/wp-json\/wp\/v2\/media?parent=15133"}],"curies":[{"name":"wp","href":"https:\/\/api.w.org\/{rel}","templated":true}]}}