{"id":5,"date":"2021-04-22T15:03:45","date_gmt":"2021-04-22T13:03:45","guid":{"rendered":"https:\/\/7be1344b-4b08-4d00-8078-66261445e433.h3.conves.io\/?page_id=2"},"modified":"2024-12-06T12:23:23","modified_gmt":"2024-12-06T11:23:23","slug":"home","status":"publish","type":"page","link":"https:\/\/www.strasser.co.at\/de\/","title":{"rendered":"Strasser &#8211; FOOD PROCESSING MACHINERY"},"content":{"rendered":"\n\n    <a href=\"\/de\/produkt-kategorie\/neumaschinen\/\">\n            <img decoding=\"async\" src=\"https:\/\/www.strasser.co.at\/wp-content\/uploads\/2021\/08\/K604-2019_2-ohne-schrift-klein-scaled.jpg\" alt=\"\"\/>\n        <h2>Neumaschinen<\/h2>\n        Erfahren Sie mehr\n    <\/a>\n    <a href=\"\/de\/gebrauchtmaschinen\/\">\n            <img decoding=\"async\" src=\"https:\/\/www.strasser.co.at\/wp-content\/uploads\/2021\/05\/magurit-fromat-063_03.jpg\" alt=\"\"\/>\n        <h2>Gebraucht&shy;maschinen<\/h2>\n        Erfahren Sie mehr\n    <\/a>\n    <a href=\"\/de\/shop-strasser-maschinen\/\">\n            <img decoding=\"async\" src=\"https:\/\/www.strasser.co.at\/wp-content\/uploads\/2021\/09\/0001-1-scaled.jpg\"\/>\n        <h2>Shop<\/h2>\n        Erfahren Sie mehr\n    <\/a>\n\t<h3>Wir sind ein klassisches mittelst\u00e4ndisches Unternehmen. Der Name Strasser ist l\u00e4ngst zum Begriff f\u00fcr hervorragende Maschinentechnologie und exzellenten Service geworden.<\/h3>\n\t<h6><a href=\"#shop\">Seit 1979<\/a><\/h6>\n<h2>\n\t\tGebraucht- &#038; Ausstellungsmaschinen\n\t<\/h2>\n\t\t\t<a href=\"\/de\/gebrauchtmaschinen\/\" target=\"_self\">\n\t\t\t\t\t\t\tAlle ansehen\n\t\t\t<\/a>\n\t<meta itemscope itemprop=\"mainEntityOfPage\" itemtype=\"https:\/\/schema.org\/WebPage\" itemid=\"https:\/\/www.strasser.co.at\/de\/produkt\/maja-abschwartmaschine-skinny-ii\/\" content=\"Maja Abschwartmaschine Skinny II\" \/><meta itemprop=\"datePublished\" content=\"2024-04-23\" \/><meta itemprop=\"dateModified\" content=\"2024-11-07\" \/><meta itemprop=\"name\" content=\"Strasser\"\/><meta itemprop=\"url\" content=\"https:\/\/www.strasser.co.at\/de\/author\/julia\/\" \/><meta itemprop=\"name\" content=\"Julia Huber\" \/><meta itemprop=\"url\" content=\"https:\/\/www.strasser.co.at\/wp-content\/uploads\/2024\/04\/711-2.jpg\" \/><meta itemprop=\"width\" content=\"1050\" \/><meta itemprop=\"height\" content=\"983\" \/><meta itemprop=\"interactionType\" content=\"https:\/\/schema.org\/CommentAction\" \/><meta itemprop=\"userInteractionCount\" content=\"0\" \/>\n\t<a href='https:\/\/www.strasser.co.at\/de\/produkt\/maja-abschwartmaschine-skinny-ii\/' title='Maja Abschwartmaschine Skinny II'><img width=\"1024\" height=\"959\" src=\"https:\/\/www.strasser.co.at\/wp-content\/uploads\/2024\/04\/711-2-1024x959.jpg\" alt=\"\" itemprop=\"image\" decoding=\"async\" srcset=\"https:\/\/www.strasser.co.at\/wp-content\/uploads\/2024\/04\/711-2-1024x959.jpg 1024w, https:\/\/www.strasser.co.at\/wp-content\/uploads\/2024\/04\/711-2-427x400.jpg 427w, https:\/\/www.strasser.co.at\/wp-content\/uploads\/2024\/04\/711-2-768x719.jpg 768w, https:\/\/www.strasser.co.at\/wp-content\/uploads\/2024\/04\/711-2-600x562.jpg 600w, https:\/\/www.strasser.co.at\/wp-content\/uploads\/2024\/04\/711-2.jpg 1050w\" sizes=\"(max-width: 1024px) 100vw, 1024px\" \/><\/a>\n    <a href='https:\/\/www.strasser.co.at\/de\/produkt\/maja-abschwartmaschine-skinny-ii\/' title='Maja Abschwartmaschine Skinny II'>Maja Abschwartmaschine Skinny II<\/a>\n\t<meta itemscope itemprop=\"mainEntityOfPage\" itemtype=\"https:\/\/schema.org\/WebPage\" itemid=\"https:\/\/www.strasser.co.at\/de\/produkt\/korimat-kessel-ka240-elektro-mp-11\/\" content=\"Korimat Autoklav KA240 MP11\" \/><meta itemprop=\"datePublished\" content=\"2024-07-22\" \/><meta itemprop=\"dateModified\" content=\"2024-09-24\" \/><meta itemprop=\"name\" content=\"Strasser\"\/><meta itemprop=\"url\" content=\"https:\/\/www.strasser.co.at\/de\/author\/strasseradmin\/\" \/><meta itemprop=\"name\" content=\"strasserAdmin\" \/><meta itemprop=\"url\" content=\"https:\/\/www.strasser.co.at\/wp-content\/uploads\/2024\/07\/830.jpeg\" \/><meta itemprop=\"width\" content=\"956\" \/><meta itemprop=\"height\" content=\"1050\" \/><meta itemprop=\"interactionType\" content=\"https:\/\/schema.org\/CommentAction\" \/><meta itemprop=\"userInteractionCount\" content=\"0\" \/>\n\t<a href='https:\/\/www.strasser.co.at\/de\/produkt\/korimat-kessel-ka240-elektro-mp-11\/' title='Korimat Autoklav KA240 MP11'><img width=\"932\" height=\"1024\" src=\"https:\/\/www.strasser.co.at\/wp-content\/uploads\/2024\/07\/830-932x1024.jpeg\" alt=\"\" itemprop=\"image\" decoding=\"async\" srcset=\"https:\/\/www.strasser.co.at\/wp-content\/uploads\/2024\/07\/830-932x1024.jpeg 932w, https:\/\/www.strasser.co.at\/wp-content\/uploads\/2024\/07\/830-364x400.jpeg 364w, https:\/\/www.strasser.co.at\/wp-content\/uploads\/2024\/07\/830-768x844.jpeg 768w, https:\/\/www.strasser.co.at\/wp-content\/uploads\/2024\/07\/830-600x659.jpeg 600w, https:\/\/www.strasser.co.at\/wp-content\/uploads\/2024\/07\/830.jpeg 956w\" sizes=\"(max-width: 932px) 100vw, 932px\" \/><\/a>\n    <a href='https:\/\/www.strasser.co.at\/de\/produkt\/korimat-kessel-ka240-elektro-mp-11\/' title='Korimat Autoklav KA240 MP11'>Korimat Autoklav KA240 MP11<\/a>\n\t<meta itemscope itemprop=\"mainEntityOfPage\" itemtype=\"https:\/\/schema.org\/WebPage\" itemid=\"https:\/\/www.strasser.co.at\/de\/produkt\/magurit-fromat-053\/\" content=\"Magurit Fromat 053\" \/><meta itemprop=\"datePublished\" content=\"2023-09-19\" \/><meta itemprop=\"dateModified\" content=\"2024-12-05\" \/><meta itemprop=\"name\" content=\"Strasser\"\/><meta itemprop=\"url\" content=\"https:\/\/www.strasser.co.at\/de\/author\/julia\/\" \/><meta itemprop=\"name\" content=\"Julia Huber\" \/><meta itemprop=\"url\" content=\"https:\/\/www.strasser.co.at\/wp-content\/uploads\/2023\/06\/790-4-1.jpg\" \/><meta itemprop=\"width\" content=\"1050\" \/><meta itemprop=\"height\" content=\"981\" \/><meta itemprop=\"interactionType\" content=\"https:\/\/schema.org\/CommentAction\" \/><meta itemprop=\"userInteractionCount\" content=\"0\" \/>\n\t<a href='https:\/\/www.strasser.co.at\/de\/produkt\/magurit-fromat-053\/' title='Magurit Fromat 053'><img width=\"1024\" height=\"957\" src=\"https:\/\/www.strasser.co.at\/wp-content\/uploads\/2023\/06\/790-4-1-1024x957.jpg\" alt=\"\" itemprop=\"image\" decoding=\"async\" srcset=\"https:\/\/www.strasser.co.at\/wp-content\/uploads\/2023\/06\/790-4-1-1024x957.jpg 1024w, https:\/\/www.strasser.co.at\/wp-content\/uploads\/2023\/06\/790-4-1-428x400.jpg 428w, https:\/\/www.strasser.co.at\/wp-content\/uploads\/2023\/06\/790-4-1-768x718.jpg 768w, https:\/\/www.strasser.co.at\/wp-content\/uploads\/2023\/06\/790-4-1-600x561.jpg 600w, https:\/\/www.strasser.co.at\/wp-content\/uploads\/2023\/06\/790-4-1.jpg 1050w\" sizes=\"(max-width: 1024px) 100vw, 1024px\" \/><\/a>\n    <a href='https:\/\/www.strasser.co.at\/de\/produkt\/magurit-fromat-053\/' title='Magurit Fromat 053'>Magurit Fromat 053<\/a>\n\t\t<!-- .pp-content-posts -->\n\t\t\t\t\t\t\t\t\t\t\t\t\t\t\t\t\tNeu&shy;maschinen\n\t\t\t\t\t\t\t\t\t\t\t\t\t\t\t\t\tService &#038; Montage\n\t\t\t\t\t\t\t\t\t\t\t\t\t\t\t\t\tGebraucht&shy;maschinen\n\t\t\t\t\t\t\tNeu&shy;maschinen\n\t\t\t\t<p>Was unsere Fleischereimaschinen angeht sind wir ausgesprochen w\u00e4hlerisch. In unser umfassendes Sortiment kommt nur, was wir auch selbst bedenkenlos verwenden w\u00fcrden. Dieser kompromisslose Qualit\u00e4tsanspruch hat uns zum Generalvertreter der namhaftesten Hersteller gemacht.<\/p>\n<p>\u00a0<\/p>\n<p><a href=\"\/unternehmen\">Mehr<\/a><\/p>\n\t\t\t\t\t\t\tService &#038; Montage\n\t\t\t\t<p>Eine Maschine ist letzten Endes nur so gut wie der dazugeh\u00f6rige Service. Deshalb legen wir besonderen Wert auf eine \u00e4u\u00dferst hohe Qualit\u00e4t in der Dienstleistung. Unser spezialisiertes Technik-Team sorgt f\u00fcr professionelle Montage und Inbetriebnahme. Wenn es im seltenen Ernstfall darauf ankommt, sind unsere firmeninternen Techniker umgehend zur Stelle!<\/p>\n<p>\u00a0<\/p>\n<p><a href=\"\/unternehmen\">Mehr<\/a><\/p>\n\t\t\t\t\t\t\tGebraucht&shy;maschinen\n\t\t\t\t<p>Weltweit vertreiben wir die in unserer Werkst\u00e4tte revidierten Gebrauchtmaschinen. Auf den mehr als 1000m\u00b2 umfassenden Lager- und Ausstellungsfl\u00e4chen finden Sie nahrungsmittelverarbeitende Maschinen f\u00fcr nahezu alle Anwendungsbereiche. Wenn Sie Maschinen verkaufen wollen, z\u00f6gern Sie nicht uns diese anzubieten.<\/p>\n<p>\u00a0<\/p>\n<p><a href=\"\/unternehmen\">Mehr<\/a><\/p>\n\t<h2>News<\/h2>\n\t<p>F\u00fcr zufriedene Kunden und unternehmerischen Erfolg gibt es ein &#8220;einfaches&#8221; Rezept: hart arbeiten! Dieses Motto &#8220;leben&#8221; wir gemeinsam mit unseren Mitarbeitern seit der Firmengr\u00fcndung im Jahr 1979.<\/p>\n\t\t\t<a href=\"\/news\/\" target=\"_self\">\n\t\t\t\t\t\t\tAlle News\n\t\t\t<\/a>\n\t<meta itemscope itemprop=\"mainEntityOfPage\" itemtype=\"https:\/\/schema.org\/WebPage\" itemid=\"https:\/\/www.strasser.co.at\/de\/news\/treffen-sie-uns-auf-der-sueffa-messe-2024-in-stuttgart\/\" content=\"R\u00fcckblick auf die S\u00dcFFA Messe 2024 - Gemeinsam mit Seydelmann\" \/><meta itemprop=\"datePublished\" content=\"2024-09-16\" \/><meta itemprop=\"dateModified\" content=\"2024-10-09\" \/><meta itemprop=\"name\" content=\"Strasser\"\/><meta itemprop=\"url\" content=\"https:\/\/www.strasser.co.at\/de\/author\/julia\/\" \/><meta itemprop=\"name\" content=\"Julia Huber\" \/><meta itemprop=\"url\" content=\"https:\/\/www.strasser.co.at\/wp-content\/uploads\/2024\/09\/SUeFFA_24_226.jpg\" \/><meta itemprop=\"width\" content=\"1050\" \/><meta itemprop=\"height\" content=\"700\" \/><meta itemprop=\"interactionType\" content=\"https:\/\/schema.org\/CommentAction\" \/><meta itemprop=\"userInteractionCount\" content=\"0\" \/>\t\n\t\t\t<a href=\"https:\/\/www.strasser.co.at\/de\/news\/treffen-sie-uns-auf-der-sueffa-messe-2024-in-stuttgart\/\" title=\"R\u00fcckblick auf die S\u00dcFFA Messe 2024 - Gemeinsam mit Seydelmann\"><\/a>\n\t\t\t\t<img decoding=\"async\" src=\"https:\/\/www.strasser.co.at\/wp-content\/uploads\/bb-plugin\/cache\/SUeFFA_24_226-1024x683-landscape-761cb04556392de37afa1b4946940997-.jpg\" alt=\"Landesmesse Messe Stuttgart  Messe AMB 2024\" itemprop=\"image\" data-no-lazy=\"1\" height=\"683\" width=\"1024\" title=\"Landesmesse Messe Stuttgart  Messe AMB 2024\" onerror=\"this.style.display='none'\"  \/>\n\t\t\t\t\t\t\t<h3 itemprop=\"headline\">\n\t\t\t\t\t\t\t\t\t\t\tR\u00fcckblick auf die S\u00dcFFA Messe 2024 &#8211; Gemeinsam mit Seydelmann\t\t\t\t\t\t\t\t\t<\/h3>\n    &nbsp; Die S\u00fcFFA Messe 2024 war ein voller Erfolg f\u00fcr uns! Vom 28. bis 30. September waren wir am Stand&#8230;\n\t<meta itemscope itemprop=\"mainEntityOfPage\" itemtype=\"https:\/\/schema.org\/WebPage\" itemid=\"https:\/\/www.strasser.co.at\/de\/unkategorisiert\/neue-kompakte-kutterwaschanlage\/\" content=\"NEUE KOMPAKTE KUTTERWASCHANLAGE\" \/><meta itemprop=\"datePublished\" content=\"2024-07-24\" \/><meta itemprop=\"dateModified\" content=\"2024-07-24\" \/><meta itemprop=\"name\" content=\"Strasser\"\/><meta itemprop=\"url\" content=\"https:\/\/www.strasser.co.at\/de\/author\/julia\/\" \/><meta itemprop=\"name\" content=\"Julia Huber\" \/><meta itemprop=\"url\" content=\"https:\/\/www.strasser.co.at\/wp-content\/uploads\/2024\/07\/Kitzinger.jpg\" \/><meta itemprop=\"width\" content=\"1050\" \/><meta itemprop=\"height\" content=\"625\" \/><meta itemprop=\"interactionType\" content=\"https:\/\/schema.org\/CommentAction\" \/><meta itemprop=\"userInteractionCount\" content=\"0\" \/>\t\n\t\t\t<a href=\"https:\/\/www.strasser.co.at\/de\/unkategorisiert\/neue-kompakte-kutterwaschanlage\/\" title=\"NEUE KOMPAKTE KUTTERWASCHANLAGE\"><\/a>\n\t\t\t\t<img decoding=\"async\" src=\"https:\/\/www.strasser.co.at\/wp-content\/uploads\/bb-plugin\/cache\/Kitzinger-1024x610-landscape-a72ffa9340f1997e00bd3fcac1428946-.jpg\" alt=\"Kitzinger\" itemprop=\"image\" data-no-lazy=\"1\" height=\"610\" width=\"1024\" title=\"Kitzinger\" onerror=\"this.style.display='none'\"  \/>\n\t\t\t\t\t\t\t<h3 itemprop=\"headline\">\n\t\t\t\t\t\t\t\t\t\t\tNEUE KOMPAKTE KUTTERWASCHANLAGE\t\t\t\t\t\t\t\t\t<\/h3>\n    KITZINGER TAKTAR 15 WASCHANLAGE Die neue Kitzinger Kutterwagenwaschanlage ist dank der manuellen Einschwenkvorrichtung sehr kompakt und platzsparend. Der Kutterwagen wird&#8230;\n\t<meta itemscope itemprop=\"mainEntityOfPage\" itemtype=\"https:\/\/schema.org\/WebPage\" itemid=\"https:\/\/www.strasser.co.at\/de\/unkategorisiert\/vollautomatisierung-in-produktionslinen-anuga-2024\/\" content=\"VOLLAUTOMATISIERUNG IN PRODUKTIONSLINEN &#8211; ANUGA 2024\" \/><meta itemprop=\"datePublished\" content=\"2024-03-13\" \/><meta itemprop=\"dateModified\" content=\"2024-03-13\" \/><meta itemprop=\"name\" content=\"Strasser\"\/><meta itemprop=\"url\" content=\"https:\/\/www.strasser.co.at\/de\/author\/julia\/\" \/><meta itemprop=\"name\" content=\"Julia Huber\" \/><meta itemprop=\"url\" content=\"https:\/\/www.strasser.co.at\/wp-content\/uploads\/2024\/03\/Vollautomatisierte-Produktionslinie_fully-automated-production-line.jpg\" \/><meta itemprop=\"width\" content=\"1050\" \/><meta itemprop=\"height\" content=\"591\" \/><meta itemprop=\"interactionType\" content=\"https:\/\/schema.org\/CommentAction\" \/><meta itemprop=\"userInteractionCount\" content=\"0\" \/>\t\n\t\t\t<a href=\"https:\/\/www.strasser.co.at\/de\/unkategorisiert\/vollautomatisierung-in-produktionslinen-anuga-2024\/\" title=\"VOLLAUTOMATISIERUNG IN PRODUKTIONSLINEN &#8211; ANUGA 2024\"><\/a>\n\t\t\t\t<img decoding=\"async\" src=\"https:\/\/www.strasser.co.at\/wp-content\/uploads\/bb-plugin\/cache\/Vollautomatisierte-Produktionslinie_fully-automated-production-line-1024x576-landscape-f70ec28c2766950645e8243886a37998-.jpg\" alt=\"Vollautomatisierte Produktionslinie_fully automated production line\" itemprop=\"image\" data-no-lazy=\"1\" height=\"576\" width=\"1024\" title=\"Vollautomatisierte Produktionslinie_fully automated production line\" onerror=\"this.style.display='none'\"  \/>\n\t\t\t\t\t\t\t<h3 itemprop=\"headline\">\n\t\t\t\t\t\t\t\t\t\t\tVOLLAUTOMATISIERUNG IN PRODUKTIONSLINEN &#8211; ANUGA 2024\t\t\t\t\t\t\t\t\t<\/h3>\n    Vollautomatisierung in Produktionslinien &#8211; mit Robotern &nbsp; In der Lebensmittelindustrie und gerade bei der Herstellung von Fleischprodukten hat die Automatisierung&#8230;\n\t<meta itemscope itemprop=\"mainEntityOfPage\" itemtype=\"https:\/\/schema.org\/WebPage\" itemid=\"https:\/\/www.strasser.co.at\/de\/unkategorisiert\/anuga-2024-koeln\/\" content=\"Anuga &#8211; 2024 &#8211; K\u00f6ln\" \/><meta itemprop=\"datePublished\" content=\"2024-02-29\" \/><meta itemprop=\"dateModified\" content=\"2024-02-29\" \/><meta itemprop=\"name\" content=\"Strasser\"\/><meta itemprop=\"url\" content=\"https:\/\/www.strasser.co.at\/de\/author\/julia\/\" \/><meta itemprop=\"name\" content=\"Julia Huber\" \/><meta itemprop=\"url\" content=\"https:\/\/www.strasser.co.at\/wp-content\/uploads\/2024\/02\/AE130_Schneidtrommel-xx.png\" \/><meta itemprop=\"width\" content=\"1050\" \/><meta itemprop=\"height\" content=\"853\" \/><meta itemprop=\"interactionType\" content=\"https:\/\/schema.org\/CommentAction\" \/><meta itemprop=\"userInteractionCount\" content=\"0\" \/>\t\n\t\t\t<a href=\"https:\/\/www.strasser.co.at\/de\/unkategorisiert\/anuga-2024-koeln\/\" title=\"Anuga &#8211; 2024 &#8211; K\u00f6ln\"><\/a>\n\t\t\t\t<img decoding=\"async\" src=\"https:\/\/www.strasser.co.at\/wp-content\/uploads\/bb-plugin\/cache\/AE130_Schneidtrommel-xx-1024x832-landscape-865a070d248cfb71111b442a2cfc3987-.png\" alt=\"AE130_Schneidtrommel xx\" itemprop=\"image\" data-no-lazy=\"1\" height=\"832\" width=\"1024\" title=\"AE130_Schneidtrommel xx\" onerror=\"this.style.display='none'\"  \/>\n\t\t\t\t\t\t\t<h3 itemprop=\"headline\">\n\t\t\t\t\t\t\t\t\t\t\tAnuga &#8211; 2024 &#8211; K\u00f6ln\t\t\t\t\t\t\t\t\t<\/h3>\n    Die Anuga FoodTec Messe 2024 steht vor der T\u00fcr und z\u00e4hlt zu den f\u00fchrenden Messen f\u00fcr die Lebensmittel- und Getr\u00e4nkeindustrie&#8230;.\n\t\t<!-- .pp-content-posts -->\n\n","protected":false},"excerpt":{"rendered":"<p>Neumaschinen Erfahren Sie mehr Gebraucht&shy;maschinen Erfahren Sie mehr Shop Erfahren Sie mehr Wir sind ein klassisches mittelst\u00e4ndisches Unternehmen. Der Name Strasser ist l\u00e4ngst zum Begriff f\u00fcr hervorragende Maschinentechnologie und exzellenten Service geworden. Seit 1979 Gebraucht- &#038; Ausstellungsmaschinen Alle ansehen Maja Abschwartmaschine Skinny II Korimat Autoklav KA240 MP11 Magurit Fromat 053 Neu&shy;maschinen Service &#038; Montage Gebraucht&shy;maschinen &#8230; <a title=\"Strasser &#8211; FOOD PROCESSING MACHINERY\" class=\"read-more\" href=\"https:\/\/www.strasser.co.at\/de\/\" aria-label=\"Mehr dazu unter Strasser &#8211; FOOD PROCESSING MACHINERY\">Weiterlesen<\/a><\/p>\n","protected":false},"author":2,"featured_media":0,"parent":0,"menu_order":0,"comment_status":"closed","ping_status":"closed","template":"","meta":{"_acf_changed":false,"_crsspst_to_strasser-maschinench":false,"inline_featured_image":false,"footnotes":""},"class_list":["post-5","page","type-page","status-publish"],"acf":[],"_links":{"self":[{"href":"https:\/\/www.strasser.co.at\/de\/wp-json\/wp\/v2\/pages\/5","targetHints":{"allow":["GET"]}}],"collection":[{"href":"https:\/\/www.strasser.co.at\/de\/wp-json\/wp\/v2\/pages"}],"about":[{"href":"https:\/\/www.strasser.co.at\/de\/wp-json\/wp\/v2\/types\/page"}],"author":[{"embeddable":true,"href":"https:\/\/www.strasser.co.at\/de\/wp-json\/wp\/v2\/users\/2"}],"replies":[{"embeddable":true,"href":"https:\/\/www.strasser.co.at\/de\/wp-json\/wp\/v2\/comments?post=5"}],"version-history":[{"count":3,"href":"https:\/\/www.strasser.co.at\/de\/wp-json\/wp\/v2\/pages\/5\/revisions"}],"predecessor-version":[{"id":27946,"href":"https:\/\/www.strasser.co.at\/de\/wp-json\/wp\/v2\/pages\/5\/revisions\/27946"}],"wp:attachment":[{"href":"https:\/\/www.strasser.co.at\/de\/wp-json\/wp\/v2\/media?parent=5"}],"curies":[{"name":"wp","href":"https:\/\/api.w.org\/{rel}","templated":true}]}}