{"id":11693,"date":"2021-08-16T16:28:00","date_gmt":"2021-08-16T14:28:00","guid":{"rendered":"https:\/\/2c342aae-e94b-481e-aca9-de530b3b6ed6.h3.conves.io\/?post_type=product&#038;p=11693"},"modified":"2022-10-13T15:45:42","modified_gmt":"2022-10-13T13:45:42","slug":"seydelmann-kutter-k60-dc-8","status":"publish","type":"product","link":"https:\/\/www.strasser.co.at\/de\/produkt\/seydelmann-kutter-k60-dc-8\/","title":{"rendered":"VERKAUFT Seydelmann Kutter K60 DC8"},"content":{"rendered":"<p>weitgehend massiv aus Edelstahl rostfrei<br \/>\nSch\u00fcssel aus Edelstahl rostfrei<br \/>\n6 stufenlos vorprogrammierbare Messergeschwindigkeiten<br \/>\ndavon 4 Schneidg\u00e4nge<br \/>\nund 2 Mischg\u00e4nge vorw\u00e4rts<br \/>\n2 R\u00fcckw\u00e4rtsmischg\u00e4nge<br \/>\n2 unabh\u00e4ngige Sch\u00fcsselgeschwindigkeiten<br \/>\nL\u00e4rmschutzdeckel<br \/>\nMicro 12 Steuerung separat von der Maschine,<br \/>\n40 kW Leistung<br \/>\nEdelstahl Schaltschrank, separat von der Maschine<br \/>\n6 Kuttermesser NEU, mit Zubeh\u00f6r<\/p>\n","protected":false},"excerpt":{"rendered":"<p>weitgehend massiv aus Edelstahl rostfrei Sch\u00fcssel aus Edelstahl rostfrei 6 stufenlos vorprogrammierbare Messergeschwindigkeiten davon 4 Schneidg\u00e4nge und 2 Mischg\u00e4nge vorw\u00e4rts 2 R\u00fcckw\u00e4rtsmischg\u00e4nge 2 unabh\u00e4ngige Sch\u00fcsselgeschwindigkeiten L\u00e4rmschutzdeckel Micro 12 Steuerung separat von der Maschine, 40 kW Leistung Edelstahl Schaltschrank, separat von der Maschine 6 Kuttermesser NEU, mit Zubeh\u00f6r<\/p>\n","protected":false},"featured_media":18584,"comment_status":"open","ping_status":"closed","template":"","meta":{"_acf_changed":false,"_crsspst_to_strasser-maschinench":false,"inline_featured_image":false},"product_cat":[92],"product_tag":[47,50,53],"class_list":{"0":"post-11693","1":"product","2":"type-product","3":"status-publish","4":"has-post-thumbnail","6":"product_cat-verkauft","7":"product_tag-kutter","8":"product_tag-edelstahl","9":"product_tag-kuttermesser","11":"first","12":"instock","13":"taxable","14":"shipping-taxable","15":"product-type-simple"},"acf":[],"_links":{"self":[{"href":"https:\/\/www.strasser.co.at\/de\/wp-json\/wp\/v2\/product\/11693","targetHints":{"allow":["GET"]}}],"collection":[{"href":"https:\/\/www.strasser.co.at\/de\/wp-json\/wp\/v2\/product"}],"about":[{"href":"https:\/\/www.strasser.co.at\/de\/wp-json\/wp\/v2\/types\/product"}],"replies":[{"embeddable":true,"href":"https:\/\/www.strasser.co.at\/de\/wp-json\/wp\/v2\/comments?post=11693"}],"wp:featuredmedia":[{"embeddable":true,"href":"https:\/\/www.strasser.co.at\/de\/wp-json\/wp\/v2\/media\/18584"}],"wp:attachment":[{"href":"https:\/\/www.strasser.co.at\/de\/wp-json\/wp\/v2\/media?parent=11693"}],"wp:term":[{"taxonomy":"product_cat","embeddable":true,"href":"https:\/\/www.strasser.co.at\/de\/wp-json\/wp\/v2\/product_cat?post=11693"},{"taxonomy":"product_tag","embeddable":true,"href":"https:\/\/www.strasser.co.at\/de\/wp-json\/wp\/v2\/product_tag?post=11693"}],"curies":[{"name":"wp","href":"https:\/\/api.w.org\/{rel}","templated":true}]}}