{"id":11738,"date":"2021-08-18T09:08:44","date_gmt":"2021-08-18T07:08:44","guid":{"rendered":"https:\/\/2c342aae-e94b-481e-aca9-de530b3b6ed6.h3.conves.io\/?post_type=product&#038;p=11738"},"modified":"2022-10-13T15:47:22","modified_gmt":"2022-10-13T13:47:22","slug":"seydelmann-kutter-k206-dc-8","status":"publish","type":"product","link":"https:\/\/www.strasser.co.at\/de\/produkt\/seydelmann-kutter-k206-dc-8\/","title":{"rendered":"VERKAUFT Seydelmann Kutter K206 DC-8"},"content":{"rendered":"<p>weitgehend massiv aus Edelstahl rostfrei<br \/>\n200 L Sch\u00fcssel aus Edelstahl rostfrei<br \/>\nstufenlos regelbare Messergeschwindigkeiten<br \/>\nje 2 Mischg\u00e4nge vorw\u00e4rts<br \/>\nje 2 Mischg\u00e4nge r\u00fcckw\u00e4rts<br \/>\n2 Sch\u00fcsselgeschwindigkeiten<br \/>\nKreuzhebelschaltung<br \/>\nL\u00e4rmschutzdeckel, handbet\u00e4tigt<br \/>\nHauptdeckel, hydraulisch bet\u00e4tigt<br \/>\nAnzeige Micro, in separatem Edelstahlgeh\u00e4use<br \/>\nca. 100 kW Leistung, 400V, 50 Hz,<br \/>\nBeladevorrichtung f\u00fcr BW200, hydraulisch, integriert<br \/>\nEdelstahl Schaltschrank, separat von der Maschine<br \/>\n6 Kuttermesser gebraucht, mit Zubeh\u00f6r<\/p>\n","protected":false},"excerpt":{"rendered":"<p>weitgehend massiv aus Edelstahl rostfrei 200 L Sch\u00fcssel aus Edelstahl rostfrei stufenlos regelbare Messergeschwindigkeiten je 2 Mischg\u00e4nge vorw\u00e4rts je 2 Mischg\u00e4nge r\u00fcckw\u00e4rts 2 Sch\u00fcsselgeschwindigkeiten Kreuzhebelschaltung L\u00e4rmschutzdeckel, handbet\u00e4tigt Hauptdeckel, hydraulisch bet\u00e4tigt Anzeige Micro, in separatem Edelstahlgeh\u00e4use ca. 100 kW Leistung, 400V, 50 Hz, Beladevorrichtung f\u00fcr BW200, hydraulisch, integriert Edelstahl Schaltschrank, separat von der Maschine 6 Kuttermesser &#8230; <a title=\"VERKAUFT Seydelmann Kutter K206 DC-8\" class=\"read-more\" href=\"https:\/\/www.strasser.co.at\/de\/produkt\/seydelmann-kutter-k206-dc-8\/\" aria-label=\"Mehr dazu unter VERKAUFT Seydelmann Kutter K206 DC-8\">Weiterlesen<\/a><\/p>\n","protected":false},"featured_media":0,"comment_status":"open","ping_status":"closed","template":"","meta":{"_acf_changed":false,"_crsspst_to_strasser-maschinench":false,"inline_featured_image":false},"product_cat":[92],"product_tag":[],"class_list":{"0":"post-11738","1":"product","2":"type-product","3":"status-publish","5":"product_cat-verkauft","7":"first","8":"instock","9":"taxable","10":"shipping-taxable","11":"product-type-simple"},"acf":[],"_links":{"self":[{"href":"https:\/\/www.strasser.co.at\/de\/wp-json\/wp\/v2\/product\/11738","targetHints":{"allow":["GET"]}}],"collection":[{"href":"https:\/\/www.strasser.co.at\/de\/wp-json\/wp\/v2\/product"}],"about":[{"href":"https:\/\/www.strasser.co.at\/de\/wp-json\/wp\/v2\/types\/product"}],"replies":[{"embeddable":true,"href":"https:\/\/www.strasser.co.at\/de\/wp-json\/wp\/v2\/comments?post=11738"}],"wp:attachment":[{"href":"https:\/\/www.strasser.co.at\/de\/wp-json\/wp\/v2\/media?parent=11738"}],"wp:term":[{"taxonomy":"product_cat","embeddable":true,"href":"https:\/\/www.strasser.co.at\/de\/wp-json\/wp\/v2\/product_cat?post=11738"},{"taxonomy":"product_tag","embeddable":true,"href":"https:\/\/www.strasser.co.at\/de\/wp-json\/wp\/v2\/product_tag?post=11738"}],"curies":[{"name":"wp","href":"https:\/\/api.w.org\/{rel}","templated":true}]}}