{"id":11822,"date":"2021-08-19T10:50:39","date_gmt":"2021-08-19T08:50:39","guid":{"rendered":"https:\/\/2c342aae-e94b-481e-aca9-de530b3b6ed6.h3.conves.io\/?post_type=product&#038;p=11822"},"modified":"2025-04-23T07:14:42","modified_gmt":"2025-04-23T05:14:42","slug":"ab-hamburgerformer-f2","status":"publish","type":"product","link":"https:\/\/www.strasser.co.at\/de\/produkt\/ab-hamburgerformer-f2\/","title":{"rendered":"AB Hamburgerformer F2"},"content":{"rendered":"<p>kompakte, leistungsstarke Formmaschine<br \/>\nf\u00fcr Hamburger, Kaspresskn\u00f6del uvm.<br \/>\nbis zu 2000 St\u00fcck\/Stunde<br \/>\nF\u00f6rderband lang: 900 mm<br \/>\nTrichter, Paddel und Trommel sind f\u00fcr<br \/>\ndie Reinigung leicht zu demontieren.<br \/>\nwahlweise Automatikbetrieb oder \u00fcber Fu\u00dfpedal<br \/>\ngro\u00dfer Trichter 40 Liter<br \/>\ninkl. pneumatische Drahtreinigung<br \/>\ninkl. 1 Rundform, max. Formdurchmesser 130 mm<br \/>\ninkl. automatischer Papiereinleger<br \/>\nopt. erh\u00e4ltlich: fahrbares Untergestell aus Edelstahl (\u20ac 1.300,-)<\/p>\n<p>&nbsp;<\/p>\n","protected":false},"excerpt":{"rendered":"<p>kompakte, leistungsstarke Formmaschine f\u00fcr Hamburger, Kaspresskn\u00f6del uvm. bis zu 2000 St\u00fcck\/Stunde F\u00f6rderband lang: 900 mm Trichter, Paddel und Trommel sind f\u00fcr die Reinigung leicht zu demontieren. wahlweise Automatikbetrieb oder \u00fcber Fu\u00dfpedal gro\u00dfer Trichter 40 Liter inkl. pneumatische Drahtreinigung inkl. 1 Rundform, max. Formdurchmesser 130 mm inkl. automatischer Papiereinleger opt. erh\u00e4ltlich: fahrbares Untergestell aus Edelstahl (\u20ac &#8230; <a title=\"AB Hamburgerformer F2\" class=\"read-more\" href=\"https:\/\/www.strasser.co.at\/de\/produkt\/ab-hamburgerformer-f2\/\" aria-label=\"Mehr dazu unter AB Hamburgerformer F2\">Weiterlesen<\/a><\/p>\n","protected":false},"featured_media":14779,"comment_status":"open","ping_status":"closed","template":"","meta":{"_acf_changed":false,"_crsspst_to_strasser-maschinench":true,"inline_featured_image":false},"product_cat":[197],"product_tag":[],"class_list":{"0":"post-11822","1":"product","2":"type-product","3":"status-publish","4":"has-post-thumbnail","6":"product_cat-burgerformer-2","8":"first","9":"instock","10":"taxable","11":"shipping-taxable","12":"product-type-simple"},"acf":[],"_links":{"self":[{"href":"https:\/\/www.strasser.co.at\/de\/wp-json\/wp\/v2\/product\/11822","targetHints":{"allow":["GET"]}}],"collection":[{"href":"https:\/\/www.strasser.co.at\/de\/wp-json\/wp\/v2\/product"}],"about":[{"href":"https:\/\/www.strasser.co.at\/de\/wp-json\/wp\/v2\/types\/product"}],"replies":[{"embeddable":true,"href":"https:\/\/www.strasser.co.at\/de\/wp-json\/wp\/v2\/comments?post=11822"}],"wp:featuredmedia":[{"embeddable":true,"href":"https:\/\/www.strasser.co.at\/de\/wp-json\/wp\/v2\/media\/14779"}],"wp:attachment":[{"href":"https:\/\/www.strasser.co.at\/de\/wp-json\/wp\/v2\/media?parent=11822"}],"wp:term":[{"taxonomy":"product_cat","embeddable":true,"href":"https:\/\/www.strasser.co.at\/de\/wp-json\/wp\/v2\/product_cat?post=11822"},{"taxonomy":"product_tag","embeddable":true,"href":"https:\/\/www.strasser.co.at\/de\/wp-json\/wp\/v2\/product_tag?post=11822"}],"curies":[{"name":"wp","href":"https:\/\/api.w.org\/{rel}","templated":true}]}}