{"id":11852,"date":"2021-08-19T13:38:40","date_gmt":"2021-08-19T11:38:40","guid":{"rendered":"https:\/\/2c342aae-e94b-481e-aca9-de530b3b6ed6.h3.conves.io\/?post_type=product&#038;p=11852"},"modified":"2024-11-25T13:34:22","modified_gmt":"2024-11-25T12:34:22","slug":"ab-hamburgerformer-f1-2","status":"publish","type":"product","link":"https:\/\/www.strasser.co.at\/de\/produkt\/ab-hamburgerformer-f1-2\/","title":{"rendered":"AB Hamburgerformer F1"},"content":{"rendered":"<p>kompakte, leistungsstarke Formmaschine<br \/>\nf\u00fcr Hamburger, Kaspresskn\u00f6del uvm.<br \/>\nbis zu 1000 St\u00fcck\/Stunde<br \/>\nF\u00f6rderband: 390 mm<br \/>\nTrichter 16 L \/ ca. 10 kg Fleisch<br \/>\nPatty Dicke 0-32mm einstellbar<br \/>\nPaddel und Trommel sind f\u00fcr<br \/>\ndie Reinigung leicht zu demontieren.<br \/>\nPapierzufuhr<br \/>\nGewicht: 57 kg<br \/>\ninkl. 1 Rundform, max. Formdurchmesser 130 mm<br \/>\nSonder- und Mehrfachformen auf Anfrage.<\/p>\n<p>&nbsp;<\/p>\n<p>Das Anwendungsvideo dazu finden Sie <a tabindex=\"-1\" href=\"https:\/\/www.youtube.com\/watch?v=FzRKIyiVR9s\" target=\"_blank\" rel=\"noopener\" data-tabindex-counter=\"1\" data-tabindex-value=\"none\"><em><strong>hier<\/strong><\/em><\/a>.<\/p>\n<p>&nbsp;<\/p>\n","protected":false},"excerpt":{"rendered":"<p>kompakte, leistungsstarke Formmaschine f\u00fcr Hamburger, Kaspresskn\u00f6del uvm. bis zu 1000 St\u00fcck\/Stunde F\u00f6rderband: 390 mm Trichter 16 L \/ ca. 10 kg Fleisch Patty Dicke 0-32mm einstellbar Paddel und Trommel sind f\u00fcr die Reinigung leicht zu demontieren. Papierzufuhr Gewicht: 57 kg inkl. 1 Rundform, max. Formdurchmesser 130 mm Sonder- und Mehrfachformen auf Anfrage. &nbsp; Das Anwendungsvideo &#8230; <a title=\"AB Hamburgerformer F1\" class=\"read-more\" href=\"https:\/\/www.strasser.co.at\/de\/produkt\/ab-hamburgerformer-f1-2\/\" aria-label=\"Mehr dazu unter AB Hamburgerformer F1\">Weiterlesen<\/a><\/p>\n","protected":false},"featured_media":11246,"comment_status":"open","ping_status":"closed","template":"","meta":{"_acf_changed":false,"_crsspst_to_strasser-maschinench":true,"inline_featured_image":false},"product_cat":[197],"product_tag":[],"class_list":{"0":"post-11852","1":"product","2":"type-product","3":"status-publish","4":"has-post-thumbnail","6":"product_cat-burgerformer-2","8":"first","9":"instock","10":"taxable","11":"shipping-taxable","12":"product-type-simple"},"acf":[],"_links":{"self":[{"href":"https:\/\/www.strasser.co.at\/de\/wp-json\/wp\/v2\/product\/11852","targetHints":{"allow":["GET"]}}],"collection":[{"href":"https:\/\/www.strasser.co.at\/de\/wp-json\/wp\/v2\/product"}],"about":[{"href":"https:\/\/www.strasser.co.at\/de\/wp-json\/wp\/v2\/types\/product"}],"replies":[{"embeddable":true,"href":"https:\/\/www.strasser.co.at\/de\/wp-json\/wp\/v2\/comments?post=11852"}],"wp:featuredmedia":[{"embeddable":true,"href":"https:\/\/www.strasser.co.at\/de\/wp-json\/wp\/v2\/media\/11246"}],"wp:attachment":[{"href":"https:\/\/www.strasser.co.at\/de\/wp-json\/wp\/v2\/media?parent=11852"}],"wp:term":[{"taxonomy":"product_cat","embeddable":true,"href":"https:\/\/www.strasser.co.at\/de\/wp-json\/wp\/v2\/product_cat?post=11852"},{"taxonomy":"product_tag","embeddable":true,"href":"https:\/\/www.strasser.co.at\/de\/wp-json\/wp\/v2\/product_tag?post=11852"}],"curies":[{"name":"wp","href":"https:\/\/api.w.org\/{rel}","templated":true}]}}