{"id":11900,"date":"2021-08-19T14:07:11","date_gmt":"2021-08-19T12:07:11","guid":{"rendered":"https:\/\/2c342aae-e94b-481e-aca9-de530b3b6ed6.h3.conves.io\/?post_type=product&#038;p=11900"},"modified":"2025-06-04T11:49:34","modified_gmt":"2025-06-04T09:49:34","slug":"mainca-fueller-fc-12","status":"publish","type":"product","link":"https:\/\/www.strasser.co.at\/de\/produkt\/mainca-fueller-fc-12\/","title":{"rendered":"Mainca F\u00fcller FC 12"},"content":{"rendered":"<p>aus Edelstahl rostfrei<br \/>\nKapazit\u00e4t in lt.: 12 L<br \/>\nKapazit\u00e4t in kg: ca. 10 kg<br \/>\nDeckel u. Kolben aus Aluminium<br \/>\nFest installierter Zylinder,<br \/>\nmit integriertem Pr\u00e4zisionskolben.<br \/>\nmit 3 F\u00fcllrohren 15, 20 u. 30 mm Drm.<br \/>\n0,75 PS \/ 0,55 kW<br \/>\nMotoren: III: 400 V, 50 Hz<br \/>\nCE-Konform<\/p>\n","protected":false},"excerpt":{"rendered":"<p>aus Edelstahl rostfrei Kapazit\u00e4t in lt.: 12 L Kapazit\u00e4t in kg: ca. 10 kg Deckel u. Kolben aus Aluminium Fest installierter Zylinder, mit integriertem Pr\u00e4zisionskolben. mit 3 F\u00fcllrohren 15, 20 u. 30 mm Drm. 0,75 PS \/ 0,55 kW Motoren: III: 400 V, 50 Hz CE-Konform<\/p>\n","protected":false},"featured_media":11294,"comment_status":"open","ping_status":"closed","template":"","meta":{"_acf_changed":false,"_crsspst_to_strasser-maschinench":true,"inline_featured_image":false},"product_cat":[203],"product_tag":[],"class_list":{"0":"post-11900","1":"product","2":"type-product","3":"status-publish","4":"has-post-thumbnail","6":"product_cat-fueller","8":"first","9":"instock","10":"taxable","11":"shipping-taxable","12":"product-type-simple"},"acf":[],"_links":{"self":[{"href":"https:\/\/www.strasser.co.at\/de\/wp-json\/wp\/v2\/product\/11900","targetHints":{"allow":["GET"]}}],"collection":[{"href":"https:\/\/www.strasser.co.at\/de\/wp-json\/wp\/v2\/product"}],"about":[{"href":"https:\/\/www.strasser.co.at\/de\/wp-json\/wp\/v2\/types\/product"}],"replies":[{"embeddable":true,"href":"https:\/\/www.strasser.co.at\/de\/wp-json\/wp\/v2\/comments?post=11900"}],"wp:featuredmedia":[{"embeddable":true,"href":"https:\/\/www.strasser.co.at\/de\/wp-json\/wp\/v2\/media\/11294"}],"wp:attachment":[{"href":"https:\/\/www.strasser.co.at\/de\/wp-json\/wp\/v2\/media?parent=11900"}],"wp:term":[{"taxonomy":"product_cat","embeddable":true,"href":"https:\/\/www.strasser.co.at\/de\/wp-json\/wp\/v2\/product_cat?post=11900"},{"taxonomy":"product_tag","embeddable":true,"href":"https:\/\/www.strasser.co.at\/de\/wp-json\/wp\/v2\/product_tag?post=11900"}],"curies":[{"name":"wp","href":"https:\/\/api.w.org\/{rel}","templated":true}]}}