{"id":11966,"date":"2021-08-19T15:21:04","date_gmt":"2021-08-19T13:21:04","guid":{"rendered":"https:\/\/2c342aae-e94b-481e-aca9-de530b3b6ed6.h3.conves.io\/?post_type=product&#038;p=11966"},"modified":"2022-10-13T15:30:46","modified_gmt":"2022-10-13T13:30:46","slug":"henneken-injektor-hpi-350-50-nadeln-2","status":"publish","type":"product","link":"https:\/\/www.strasser.co.at\/de\/produkt\/henneken-injektor-hpi-350-50-nadeln-2\/","title":{"rendered":"VERKAUFT  Suhner Injektor WS 10"},"content":{"rendered":"<p>Aussenfront aus Edelstahl<br \/>\n10 Doppelnadeln, 1 Nadelreihe<br \/>\nF\u00f6rderband aus Edelstahl<br \/>\nDurchlaufbreite: 300 mm<br \/>\nDurchlaufh\u00f6he: 170 mm<br \/>\nUpm H\u00fcbe pro Min. 52<br \/>\nLeistung: 1,1 kW<br \/>\nBandbeite 29 cm<br \/>\nFahrbar<\/p>\n","protected":false},"excerpt":{"rendered":"<p>Aussenfront aus Edelstahl 10 Doppelnadeln, 1 Nadelreihe F\u00f6rderband aus Edelstahl Durchlaufbreite: 300 mm Durchlaufh\u00f6he: 170 mm Upm H\u00fcbe pro Min. 52 Leistung: 1,1 kW Bandbeite 29 cm Fahrbar<\/p>\n","protected":false},"featured_media":19340,"comment_status":"open","ping_status":"closed","template":"","meta":{"_acf_changed":false,"_crsspst_to_strasser-maschinench":false,"inline_featured_image":false},"product_cat":[92],"product_tag":[],"class_list":{"0":"post-11966","1":"product","2":"type-product","3":"status-publish","4":"has-post-thumbnail","6":"product_cat-verkauft","8":"first","9":"instock","10":"taxable","11":"shipping-taxable","12":"product-type-simple"},"acf":[],"_links":{"self":[{"href":"https:\/\/www.strasser.co.at\/de\/wp-json\/wp\/v2\/product\/11966","targetHints":{"allow":["GET"]}}],"collection":[{"href":"https:\/\/www.strasser.co.at\/de\/wp-json\/wp\/v2\/product"}],"about":[{"href":"https:\/\/www.strasser.co.at\/de\/wp-json\/wp\/v2\/types\/product"}],"replies":[{"embeddable":true,"href":"https:\/\/www.strasser.co.at\/de\/wp-json\/wp\/v2\/comments?post=11966"}],"wp:featuredmedia":[{"embeddable":true,"href":"https:\/\/www.strasser.co.at\/de\/wp-json\/wp\/v2\/media\/19340"}],"wp:attachment":[{"href":"https:\/\/www.strasser.co.at\/de\/wp-json\/wp\/v2\/media?parent=11966"}],"wp:term":[{"taxonomy":"product_cat","embeddable":true,"href":"https:\/\/www.strasser.co.at\/de\/wp-json\/wp\/v2\/product_cat?post=11966"},{"taxonomy":"product_tag","embeddable":true,"href":"https:\/\/www.strasser.co.at\/de\/wp-json\/wp\/v2\/product_tag?post=11966"}],"curies":[{"name":"wp","href":"https:\/\/api.w.org\/{rel}","templated":true}]}}