{"id":12086,"date":"2021-08-20T09:39:40","date_gmt":"2021-08-20T07:39:40","guid":{"rendered":"https:\/\/2c342aae-e94b-481e-aca9-de530b3b6ed6.h3.conves.io\/?post_type=product&#038;p=12086"},"modified":"2022-10-13T15:29:13","modified_gmt":"2022-10-13T13:29:13","slug":"alco-plaetter-asp600hdn","status":"publish","type":"product","link":"https:\/\/www.strasser.co.at\/de\/produkt\/alco-plaetter-asp600hdn\/","title":{"rendered":"VERKAUFT  Alco Pl\u00e4tter ASP600HDN"},"content":{"rendered":"<p>zum Pl\u00e4tten und Auswalzen von frischen<br \/>\nund angefrorenen Fleischsorten (bis &#8211; 4 \u00b0 C)<br \/>\ngeeignet<br \/>\n&#8211; Bandgeschwindigkeit des Gurtsystems stufenlos<br \/>\neinstellbar<br \/>\n&#8211; geeignet f\u00fcr alle frischen und angefrorenen<br \/>\nProdukte bis &#8211; 4 \u00b0 C<br \/>\n&#8211; Pl\u00e4ttbereich mit mehreren Druckwalzenpaaren<br \/>\nzum Schonenden und Dauerhaften Pl\u00e4tten<br \/>\n&#8211; H\u00f6henverstellung \u00fcber ein Handrad zur Einstellung<br \/>\nder gew\u00fcnschten Produktst\u00e4rke<br \/>\n&#8211; perfekte Produkt\u00fcbergabe durch ein Niederhalteband<br \/>\nund schwenkbares Auslaufband<br \/>\n&#8211; Kunststoffgurt mit Wellenprofil<br \/>\n&#8211; gummierte Antriebswalzen zur Verhinderung von<br \/>\nGurtrutschen<br \/>\n&#8211; Wassersp\u00fchleiste zur Vermeidung von Eiwei\u00df-<br \/>\nverklebungen<br \/>\n&#8211; Gurtspannvorrichtung mit Schnellspannsystem<br \/>\nf\u00fcr eine leichtere Reinigung<br \/>\n&#8211; Auffangwanne f\u00fcr Produktreste<br \/>\n&#8211; konstruiert nach neuesten Hygiene- und<br \/>\nSicherheitsstandards<br \/>\n&#8211; komplett aus rostfreiem Stahl und f\u00fcr die<br \/>\nLebensmittelindustrie zugelassenen Kunststoffen<br \/>\ngefertigt<br \/>\n&#8211; schwenkbare R\u00e4der mit Kunststofflauffl\u00e4che,<br \/>\nFeststellbremse und Lager aus rostfreiem Stahl,<br \/>\nmanuell h\u00f6henverstellbar mit Hilfsmitteln<br \/>\n&#8211; Bedienseite rechts<\/p>\n<p>technische Daten:<br \/>\nTransportband: Stabgeflechtgurt<br \/>\nGurt-Breite: 250 mm<br \/>\nGeschwindigkeit: 1,5&#8230;.12 m\/min<br \/>\nProduktst\u00e4rke: 4 &#8211; 40 mm (einstellbar)<br \/>\nArbeitsh\u00f6he: 1.020 mm +\/- 75 mm<\/p>\n<p>Anschlusswerte:<br \/>\nLeistung: 1 kW, 16 A<br \/>\nSpannung: 400 V \/ 50 Hz<br \/>\n3 Phasen + N + PE<br \/>\nFrischwasser (einstellbar): 0 -30 l \/h<\/p>\n<p>Abmessungen:<br \/>\nGesamtl\u00e4nge: ca. 2.100 mm<br \/>\nGesamtbreite: ca. 750 mm<br \/>\nH\u00f6he: ca. 1400 mm +\/- 75 mm<br \/>\nGewicht: ca. 300 kg<\/p>\n<p>&nbsp;<\/p>\n<div class=\"col-sm-offset-1 col-sm-5\">\n<div class=\"appointment__form-wrapper\">\n<form class=\"appointment__form\" role=\"form\" method=\"post\" name=\"express_request_form\"><\/form>\n<\/div>\n<\/div>\n","protected":false},"excerpt":{"rendered":"<p>zum Pl\u00e4tten und Auswalzen von frischen und angefrorenen Fleischsorten (bis &#8211; 4 \u00b0 C) geeignet &#8211; Bandgeschwindigkeit des Gurtsystems stufenlos einstellbar &#8211; geeignet f\u00fcr alle frischen und angefrorenen Produkte bis &#8211; 4 \u00b0 C &#8211; Pl\u00e4ttbereich mit mehreren Druckwalzenpaaren zum Schonenden und Dauerhaften Pl\u00e4tten &#8211; H\u00f6henverstellung \u00fcber ein Handrad zur Einstellung der gew\u00fcnschten Produktst\u00e4rke &#8211; &#8230; <a title=\"VERKAUFT  Alco Pl\u00e4tter ASP600HDN\" class=\"read-more\" href=\"https:\/\/www.strasser.co.at\/de\/produkt\/alco-plaetter-asp600hdn\/\" aria-label=\"Mehr dazu unter VERKAUFT  Alco Pl\u00e4tter ASP600HDN\">Weiterlesen<\/a><\/p>\n","protected":false},"featured_media":11588,"comment_status":"open","ping_status":"closed","template":"","meta":{"_acf_changed":false,"_crsspst_to_strasser-maschinench":false,"inline_featured_image":false},"product_cat":[92],"product_tag":[],"class_list":{"0":"post-12086","1":"product","2":"type-product","3":"status-publish","4":"has-post-thumbnail","6":"product_cat-verkauft","8":"first","9":"instock","10":"taxable","11":"shipping-taxable","12":"product-type-simple"},"acf":[],"_links":{"self":[{"href":"https:\/\/www.strasser.co.at\/de\/wp-json\/wp\/v2\/product\/12086","targetHints":{"allow":["GET"]}}],"collection":[{"href":"https:\/\/www.strasser.co.at\/de\/wp-json\/wp\/v2\/product"}],"about":[{"href":"https:\/\/www.strasser.co.at\/de\/wp-json\/wp\/v2\/types\/product"}],"replies":[{"embeddable":true,"href":"https:\/\/www.strasser.co.at\/de\/wp-json\/wp\/v2\/comments?post=12086"}],"wp:featuredmedia":[{"embeddable":true,"href":"https:\/\/www.strasser.co.at\/de\/wp-json\/wp\/v2\/media\/11588"}],"wp:attachment":[{"href":"https:\/\/www.strasser.co.at\/de\/wp-json\/wp\/v2\/media?parent=12086"}],"wp:term":[{"taxonomy":"product_cat","embeddable":true,"href":"https:\/\/www.strasser.co.at\/de\/wp-json\/wp\/v2\/product_cat?post=12086"},{"taxonomy":"product_tag","embeddable":true,"href":"https:\/\/www.strasser.co.at\/de\/wp-json\/wp\/v2\/product_tag?post=12086"}],"curies":[{"name":"wp","href":"https:\/\/api.w.org\/{rel}","templated":true}]}}