{"id":12095,"date":"2021-08-20T09:54:57","date_gmt":"2021-08-20T07:54:57","guid":{"rendered":"https:\/\/2c342aae-e94b-481e-aca9-de530b3b6ed6.h3.conves.io\/?post_type=product&#038;p=12095"},"modified":"2022-10-13T15:36:20","modified_gmt":"2022-10-13T13:36:20","slug":"kolbe-bandsaege-k220","status":"publish","type":"product","link":"https:\/\/www.strasser.co.at\/de\/produkt\/kolbe-bandsaege-k220\/","title":{"rendered":"VERKAUFT Kolbe Bands\u00e4ge K220"},"content":{"rendered":"<p>Tischmodell<br \/>\nAusf\u00fchrung aus massivem Edelstahl, rostfrei<br \/>\nfester Tisch mit Portionieranschlag<br \/>\nMaterialdr\u00fccker<br \/>\n1 Bands\u00e4geblatt<br \/>\nDruckknopfschaltung<br \/>\nBands\u00e4geblatt: 1820&#215;16 mm<br \/>\nSchnittseitendurchla\u00df: 187 mm<br \/>\nSchnitth\u00f6hendurchla\u00df: 230 mm<br \/>\nLeistung: 1,1 kW 400 Volt<\/p>\n<p>&nbsp;<\/p>\n<p>&nbsp;<\/p>\n<div class=\"col-sm-offset-1 col-sm-5\">\n<div class=\"appointment__form-wrapper\"><\/div>\n<\/div>\n","protected":false},"excerpt":{"rendered":"<p>Tischmodell Ausf\u00fchrung aus massivem Edelstahl, rostfrei fester Tisch mit Portionieranschlag Materialdr\u00fccker 1 Bands\u00e4geblatt Druckknopfschaltung Bands\u00e4geblatt: 1820&#215;16 mm Schnittseitendurchla\u00df: 187 mm Schnitth\u00f6hendurchla\u00df: 230 mm Leistung: 1,1 kW 400 Volt &nbsp; &nbsp;<\/p>\n","protected":false},"featured_media":14671,"comment_status":"open","ping_status":"closed","template":"","meta":{"_acf_changed":false,"_crsspst_to_strasser-maschinench":false,"inline_featured_image":false},"product_cat":[92],"product_tag":[],"class_list":{"0":"post-12095","1":"product","2":"type-product","3":"status-publish","4":"has-post-thumbnail","6":"product_cat-verkauft","8":"first","9":"instock","10":"taxable","11":"shipping-taxable","12":"purchasable","13":"product-type-simple"},"acf":[],"_links":{"self":[{"href":"https:\/\/www.strasser.co.at\/de\/wp-json\/wp\/v2\/product\/12095","targetHints":{"allow":["GET"]}}],"collection":[{"href":"https:\/\/www.strasser.co.at\/de\/wp-json\/wp\/v2\/product"}],"about":[{"href":"https:\/\/www.strasser.co.at\/de\/wp-json\/wp\/v2\/types\/product"}],"replies":[{"embeddable":true,"href":"https:\/\/www.strasser.co.at\/de\/wp-json\/wp\/v2\/comments?post=12095"}],"wp:featuredmedia":[{"embeddable":true,"href":"https:\/\/www.strasser.co.at\/de\/wp-json\/wp\/v2\/media\/14671"}],"wp:attachment":[{"href":"https:\/\/www.strasser.co.at\/de\/wp-json\/wp\/v2\/media?parent=12095"}],"wp:term":[{"taxonomy":"product_cat","embeddable":true,"href":"https:\/\/www.strasser.co.at\/de\/wp-json\/wp\/v2\/product_cat?post=12095"},{"taxonomy":"product_tag","embeddable":true,"href":"https:\/\/www.strasser.co.at\/de\/wp-json\/wp\/v2\/product_tag?post=12095"}],"curies":[{"name":"wp","href":"https:\/\/api.w.org\/{rel}","templated":true}]}}