{"id":12101,"date":"2021-08-20T09:58:51","date_gmt":"2021-08-20T07:58:51","guid":{"rendered":"https:\/\/2c342aae-e94b-481e-aca9-de530b3b6ed6.h3.conves.io\/?post_type=product&#038;p=12101"},"modified":"2022-10-13T15:29:06","modified_gmt":"2022-10-13T13:29:06","slug":"kolbe-standsaege-k330s","status":"publish","type":"product","link":"https:\/\/www.strasser.co.at\/de\/produkt\/kolbe-standsaege-k330s\/","title":{"rendered":"VERKAUFT  Kolbe Stands\u00e4ge K330S"},"content":{"rendered":"<p>Aussenfront aus Edelstahl<br \/>\nmit fester Tischplatte<br \/>\nPortionieranschlag<br \/>\nMaterialdr\u00fccker<br \/>\nDruckknopfschaltung<br \/>\nh\u00f6henverstellbare Edelstahl-Schwingmetallf\u00fc\u00dfe<br \/>\n1,5 kW\/400V\/50 Hz\/3Ph<br \/>\nS\u00e4gebandmasse 2490 x 16 mm<br \/>\nSchnittseitendurchlass max. 282 mm<br \/>\nSchnitth\u00f6hendurchlass max. 311 mm<br \/>\nSchnitthub 297 mm<br \/>\nAbmessungen: BxTxH, 749x815x1762 mm<br \/>\nBaujahr 2019<br \/>\nCE-.Konform<\/p>\n<p>&nbsp;<\/p>\n<p>&nbsp;<\/p>\n<div class=\"col-sm-offset-1 col-sm-5\">\n<div class=\"appointment__form-wrapper\">\n<form class=\"appointment__form\" role=\"form\" method=\"post\" name=\"express_request_form\"><\/form>\n<\/div>\n<\/div>\n","protected":false},"excerpt":{"rendered":"<p>Aussenfront aus Edelstahl mit fester Tischplatte Portionieranschlag Materialdr\u00fccker Druckknopfschaltung h\u00f6henverstellbare Edelstahl-Schwingmetallf\u00fc\u00dfe 1,5 kW\/400V\/50 Hz\/3Ph S\u00e4gebandmasse 2490 x 16 mm Schnittseitendurchlass max. 282 mm Schnitth\u00f6hendurchlass max. 311 mm Schnitthub 297 mm Abmessungen: BxTxH, 749x815x1762 mm Baujahr 2019 CE-.Konform &nbsp; &nbsp;<\/p>\n","protected":false},"featured_media":14713,"comment_status":"open","ping_status":"closed","template":"","meta":{"_acf_changed":false,"_crsspst_to_strasser-maschinench":false,"inline_featured_image":false},"product_cat":[92],"product_tag":[],"class_list":{"0":"post-12101","1":"product","2":"type-product","3":"status-publish","4":"has-post-thumbnail","6":"product_cat-verkauft","8":"first","9":"instock","10":"taxable","11":"shipping-taxable","12":"product-type-simple"},"acf":[],"_links":{"self":[{"href":"https:\/\/www.strasser.co.at\/de\/wp-json\/wp\/v2\/product\/12101","targetHints":{"allow":["GET"]}}],"collection":[{"href":"https:\/\/www.strasser.co.at\/de\/wp-json\/wp\/v2\/product"}],"about":[{"href":"https:\/\/www.strasser.co.at\/de\/wp-json\/wp\/v2\/types\/product"}],"replies":[{"embeddable":true,"href":"https:\/\/www.strasser.co.at\/de\/wp-json\/wp\/v2\/comments?post=12101"}],"wp:featuredmedia":[{"embeddable":true,"href":"https:\/\/www.strasser.co.at\/de\/wp-json\/wp\/v2\/media\/14713"}],"wp:attachment":[{"href":"https:\/\/www.strasser.co.at\/de\/wp-json\/wp\/v2\/media?parent=12101"}],"wp:term":[{"taxonomy":"product_cat","embeddable":true,"href":"https:\/\/www.strasser.co.at\/de\/wp-json\/wp\/v2\/product_cat?post=12101"},{"taxonomy":"product_tag","embeddable":true,"href":"https:\/\/www.strasser.co.at\/de\/wp-json\/wp\/v2\/product_tag?post=12101"}],"curies":[{"name":"wp","href":"https:\/\/api.w.org\/{rel}","templated":true}]}}