{"id":12137,"date":"2021-08-20T10:34:36","date_gmt":"2021-08-20T08:34:36","guid":{"rendered":"https:\/\/2c342aae-e94b-481e-aca9-de530b3b6ed6.h3.conves.io\/?post_type=product&#038;p=12137"},"modified":"2022-10-13T15:35:06","modified_gmt":"2022-10-13T13:35:06","slug":"vakona-vak-kuehl-tumbler-esk-150","status":"publish","type":"product","link":"https:\/\/www.strasser.co.at\/de\/produkt\/vakona-vak-kuehl-tumbler-esk-150\/","title":{"rendered":"VERKAUFT VAKONA Vak. K\u00fchl Tumbler ESK 150"},"content":{"rendered":"<p>Aussenfront aus Edelstahl rostfrei<br \/>\nVolumen des Beh\u00e4lters 150 L<br \/>\nF\u00fcllmenge 10 &#8211; 110 kg je nach Produkt<br \/>\nTouch-Screen Steuerung mit 99 Programmen<br \/>\nHochleistungs-Vakuumpumpe<br \/>\nkippbar zur vollst\u00e4ndigen Entleerung<br \/>\nMassierarm, abnehmbar<br \/>\nkomplett isolierten Beh\u00e4lter<br \/>\nleistungstarkes K\u00fchlaggregat<br \/>\nstufenlos regelbar<br \/>\nfahrbar<br \/>\nCE-Konform<\/p>\n<p>&nbsp;<\/p>\n<p>&nbsp;<\/p>\n<p>&nbsp;<\/p>\n<div class=\"col-sm-offset-1 col-sm-5\">\n<div class=\"appointment__form-wrapper\">\n<form class=\"appointment__form\" role=\"form\" method=\"post\" name=\"express_request_form\"><\/form>\n<\/div>\n<\/div>\n","protected":false},"excerpt":{"rendered":"<p>Aussenfront aus Edelstahl rostfrei Volumen des Beh\u00e4lters 150 L F\u00fcllmenge 10 &#8211; 110 kg je nach Produkt Touch-Screen Steuerung mit 99 Programmen Hochleistungs-Vakuumpumpe kippbar zur vollst\u00e4ndigen Entleerung Massierarm, abnehmbar komplett isolierten Beh\u00e4lter leistungstarkes K\u00fchlaggregat stufenlos regelbar fahrbar CE-Konform &nbsp; &nbsp; &nbsp;<\/p>\n","protected":false},"featured_media":15517,"comment_status":"open","ping_status":"closed","template":"","meta":{"_acf_changed":false,"_crsspst_to_strasser-maschinench":false,"inline_featured_image":false},"product_cat":[92],"product_tag":[],"class_list":{"0":"post-12137","1":"product","2":"type-product","3":"status-publish","4":"has-post-thumbnail","6":"product_cat-verkauft","8":"first","9":"instock","10":"taxable","11":"shipping-taxable","12":"product-type-simple"},"acf":[],"_links":{"self":[{"href":"https:\/\/www.strasser.co.at\/de\/wp-json\/wp\/v2\/product\/12137","targetHints":{"allow":["GET"]}}],"collection":[{"href":"https:\/\/www.strasser.co.at\/de\/wp-json\/wp\/v2\/product"}],"about":[{"href":"https:\/\/www.strasser.co.at\/de\/wp-json\/wp\/v2\/types\/product"}],"replies":[{"embeddable":true,"href":"https:\/\/www.strasser.co.at\/de\/wp-json\/wp\/v2\/comments?post=12137"}],"wp:featuredmedia":[{"embeddable":true,"href":"https:\/\/www.strasser.co.at\/de\/wp-json\/wp\/v2\/media\/15517"}],"wp:attachment":[{"href":"https:\/\/www.strasser.co.at\/de\/wp-json\/wp\/v2\/media?parent=12137"}],"wp:term":[{"taxonomy":"product_cat","embeddable":true,"href":"https:\/\/www.strasser.co.at\/de\/wp-json\/wp\/v2\/product_cat?post=12137"},{"taxonomy":"product_tag","embeddable":true,"href":"https:\/\/www.strasser.co.at\/de\/wp-json\/wp\/v2\/product_tag?post=12137"}],"curies":[{"name":"wp","href":"https:\/\/api.w.org\/{rel}","templated":true}]}}