{"id":12143,"date":"2021-08-20T10:52:32","date_gmt":"2021-08-20T08:52:32","guid":{"rendered":"https:\/\/2c342aae-e94b-481e-aca9-de530b3b6ed6.h3.conves.io\/?post_type=product&#038;p=12143"},"modified":"2022-10-13T15:35:26","modified_gmt":"2022-10-13T13:35:26","slug":"henneken-vak-tumbler-2100-l","status":"publish","type":"product","link":"https:\/\/www.strasser.co.at\/de\/produkt\/henneken-vak-tumbler-2100-l\/","title":{"rendered":"VERKAUFT Henneken Vak. Tumbler 2.100L"},"content":{"rendered":"<p>Vakuumtumbler zum Massieren, Salzen, Tumbeln, Marinieren<br \/>\nmassive Edelstahlkonstruktion mit Pr\u00e4zisionsbeh\u00e4lter<br \/>\nschr\u00e4g verschwei\u00dfte Schikanen f\u00fcr 3D &#8211; Tumbleeffekt<br \/>\nf\u00fcr kontrollierte, schonende Dreh-, Rutsch und Gleitbewegungen<br \/>\nprogrammierbare Siemens Touch Steuerung in separatem Edelstahlgeh\u00e4use<br \/>\nstufenlos regelbare Drehzahl<br \/>\nAnsaugvorrichtung f\u00fcr Lake und\/oder Additive<br \/>\nAuswurfschikane zum schnellen, schonenden Produktaustrag<\/p>\n<p>Volumen: 2100 Ltr.<br \/>\nBeh\u00e4lterma\u00dfe: Drm. 1300 x L 1250 mm<br \/>\nGetriebe: 2,2 kW SEW<br \/>\nDrehzahl: stufenlos 2 &#8211; 10 Umdrehungen pro Minute<br \/>\nVakuumpumpe: 1,5 kW Busch 0063<br \/>\nWasserabsch.: 10 ltr. mit Ablassventil<br \/>\nSteuerung: Siemens KTP 700 \/ SPS S7; 34 Programme<br \/>\nDeckel: Drm. 450 mm mit Lakeansaugvorrichtung<br \/>\nReinigungs\u00f6ffn.: Drm. 150 mm<\/p>\n<p>DECKELABSCHWENKER:<br \/>\nstandardm\u00e4\u00dfig vorne rechts<br \/>\nvon der Beh\u00e4lter\u00f6ffnung montiert<br \/>\nDie Steuerung wird am Deckelabschwenker befestigt<br \/>\nDer Wasserabscheider bleibt am Motorraum hinten rechts<\/p>\n<p>EXTRA LANGSAMER LAUF<br \/>\nPOLIERTE FINNEN B5<\/p>\n<p>&nbsp;<\/p>\n<p>&nbsp;<\/p>\n<p>&nbsp;<\/p>\n<div class=\"col-sm-offset-1 col-sm-5\">\n<div class=\"appointment__form-wrapper\">\n<form class=\"appointment__form\" role=\"form\" method=\"post\" name=\"express_request_form\"><\/form>\n<\/div>\n<\/div>\n","protected":false},"excerpt":{"rendered":"<p>Vakuumtumbler zum Massieren, Salzen, Tumbeln, Marinieren massive Edelstahlkonstruktion mit Pr\u00e4zisionsbeh\u00e4lter schr\u00e4g verschwei\u00dfte Schikanen f\u00fcr 3D &#8211; Tumbleeffekt f\u00fcr kontrollierte, schonende Dreh-, Rutsch und Gleitbewegungen programmierbare Siemens Touch Steuerung in separatem Edelstahlgeh\u00e4use stufenlos regelbare Drehzahl Ansaugvorrichtung f\u00fcr Lake und\/oder Additive Auswurfschikane zum schnellen, schonenden Produktaustrag Volumen: 2100 Ltr. Beh\u00e4lterma\u00dfe: Drm. 1300 x L 1250 mm Getriebe: &#8230; <a title=\"VERKAUFT Henneken Vak. Tumbler 2.100L\" class=\"read-more\" href=\"https:\/\/www.strasser.co.at\/de\/produkt\/henneken-vak-tumbler-2100-l\/\" aria-label=\"Mehr dazu unter VERKAUFT Henneken Vak. Tumbler 2.100L\">Weiterlesen<\/a><\/p>\n","protected":false},"featured_media":16956,"comment_status":"open","ping_status":"closed","template":"","meta":{"_acf_changed":false,"_crsspst_to_strasser-maschinench":false,"inline_featured_image":false},"product_cat":[92],"product_tag":[],"class_list":{"0":"post-12143","1":"product","2":"type-product","3":"status-publish","4":"has-post-thumbnail","6":"product_cat-verkauft","8":"first","9":"instock","10":"taxable","11":"shipping-taxable","12":"product-type-simple"},"acf":[],"_links":{"self":[{"href":"https:\/\/www.strasser.co.at\/de\/wp-json\/wp\/v2\/product\/12143","targetHints":{"allow":["GET"]}}],"collection":[{"href":"https:\/\/www.strasser.co.at\/de\/wp-json\/wp\/v2\/product"}],"about":[{"href":"https:\/\/www.strasser.co.at\/de\/wp-json\/wp\/v2\/types\/product"}],"replies":[{"embeddable":true,"href":"https:\/\/www.strasser.co.at\/de\/wp-json\/wp\/v2\/comments?post=12143"}],"wp:featuredmedia":[{"embeddable":true,"href":"https:\/\/www.strasser.co.at\/de\/wp-json\/wp\/v2\/media\/16956"}],"wp:attachment":[{"href":"https:\/\/www.strasser.co.at\/de\/wp-json\/wp\/v2\/media?parent=12143"}],"wp:term":[{"taxonomy":"product_cat","embeddable":true,"href":"https:\/\/www.strasser.co.at\/de\/wp-json\/wp\/v2\/product_cat?post=12143"},{"taxonomy":"product_tag","embeddable":true,"href":"https:\/\/www.strasser.co.at\/de\/wp-json\/wp\/v2\/product_tag?post=12143"}],"curies":[{"name":"wp","href":"https:\/\/api.w.org\/{rel}","templated":true}]}}