{"id":12170,"date":"2021-08-20T12:01:12","date_gmt":"2021-08-20T10:01:12","guid":{"rendered":"https:\/\/2c342aae-e94b-481e-aca9-de530b3b6ed6.h3.conves.io\/?post_type=product&#038;p=12170"},"modified":"2026-02-27T10:28:49","modified_gmt":"2026-02-27T09:28:49","slug":"henkovac-vakuummaschine-t3","status":"publish","type":"product","link":"https:\/\/www.strasser.co.at\/de\/produkt\/henkovac-vakuummaschine-t3\/","title":{"rendered":"Henkovac Vakuummaschine T3"},"content":{"rendered":"<p>Vakuumverpackungsmaschnie Typ T3<br \/>\nTischmodell mit hochwertiger 8m3 Busch Vakuumpumpe<br \/>\nweitgehend massiv aus Edelstahl rostfrei<br \/>\nhoch bruchfester transparenter, gew\u00f6lbter Deckel<br \/>\nKammergr\u00f6\u00dfe: 320 x 330 mm<br \/>\nProdukth\u00f6he: 160 mm<br \/>\nSchwei\u00dfl\u00e4nge: 1 x 320 mm<br \/>\nMaschinenabmessungen: 430 x 550 x 410 mm<br \/>\n1 Programm<br \/>\n230 V &#8211; 3 Ph. &#8211; 50\/ 60 Hz<br \/>\nCE-Konform<\/p>\n<p>&nbsp;<\/p>\n<p>&nbsp;<\/p>\n<p>&nbsp;<\/p>\n<p>&nbsp;<\/p>\n<div class=\"col-sm-offset-1 col-sm-5\">\n<div class=\"appointment__form-wrapper\">\n<form class=\"appointment__form\" role=\"form\" method=\"post\" name=\"express_request_form\"><\/form>\n<\/div>\n<\/div>\n","protected":false},"excerpt":{"rendered":"<p>Vakuumverpackungsmaschnie Typ T3 Tischmodell mit hochwertiger 8m3 Busch Vakuumpumpe weitgehend massiv aus Edelstahl rostfrei hoch bruchfester transparenter, gew\u00f6lbter Deckel Kammergr\u00f6\u00dfe: 320 x 330 mm Produkth\u00f6he: 160 mm Schwei\u00dfl\u00e4nge: 1 x 320 mm Maschinenabmessungen: 430 x 550 x 410 mm 1 Programm 230 V &#8211; 3 Ph. &#8211; 50\/ 60 Hz CE-Konform &nbsp; &nbsp; &nbsp; &nbsp;<\/p>\n","protected":false},"featured_media":26425,"comment_status":"open","ping_status":"closed","template":"","meta":{"_acf_changed":false,"_crsspst_to_strasser-maschinench":true,"inline_featured_image":false},"product_cat":[230],"product_tag":[],"class_list":{"0":"post-12170","1":"product","2":"type-product","3":"status-publish","4":"has-post-thumbnail","6":"product_cat-vakuummaschinen-2","8":"first","9":"instock","10":"taxable","11":"shipping-taxable","12":"product-type-simple"},"acf":[],"_links":{"self":[{"href":"https:\/\/www.strasser.co.at\/de\/wp-json\/wp\/v2\/product\/12170","targetHints":{"allow":["GET"]}}],"collection":[{"href":"https:\/\/www.strasser.co.at\/de\/wp-json\/wp\/v2\/product"}],"about":[{"href":"https:\/\/www.strasser.co.at\/de\/wp-json\/wp\/v2\/types\/product"}],"replies":[{"embeddable":true,"href":"https:\/\/www.strasser.co.at\/de\/wp-json\/wp\/v2\/comments?post=12170"}],"wp:featuredmedia":[{"embeddable":true,"href":"https:\/\/www.strasser.co.at\/de\/wp-json\/wp\/v2\/media\/26425"}],"wp:attachment":[{"href":"https:\/\/www.strasser.co.at\/de\/wp-json\/wp\/v2\/media?parent=12170"}],"wp:term":[{"taxonomy":"product_cat","embeddable":true,"href":"https:\/\/www.strasser.co.at\/de\/wp-json\/wp\/v2\/product_cat?post=12170"},{"taxonomy":"product_tag","embeddable":true,"href":"https:\/\/www.strasser.co.at\/de\/wp-json\/wp\/v2\/product_tag?post=12170"}],"curies":[{"name":"wp","href":"https:\/\/api.w.org\/{rel}","templated":true}]}}