{"id":12176,"date":"2021-08-20T12:05:35","date_gmt":"2021-08-20T10:05:35","guid":{"rendered":"https:\/\/2c342aae-e94b-481e-aca9-de530b3b6ed6.h3.conves.io\/?post_type=product&#038;p=12176"},"modified":"2026-02-27T10:33:59","modified_gmt":"2026-02-27T09:33:59","slug":"henkovac-vakuummaschine-t4-2","status":"publish","type":"product","link":"https:\/\/www.strasser.co.at\/de\/produkt\/henkovac-vakuummaschine-t4-2\/","title":{"rendered":"Henkovac Vakuummaschine T4"},"content":{"rendered":"<p>Tischmodell mit hochwertiger 16m3 Busch Vakuumpumpe<br \/>\nhoch bruchfester transparenter, gew\u00f6lbter Deckel<br \/>\nKammergr\u00f6\u00dfe: 420 x 370 mm<br \/>\nProdukth\u00f6he: 180 mm<br \/>\nSchwei\u00dfl\u00e4nge: 1 x 420 mm<br \/>\nMaschinenabmessung: 530 x 590 x 460 mm<br \/>\n10 Programme<br \/>\nR\u00fcckbegasung<br \/>\n230 V &#8211; 3 Ph.- 50\/60 Hz<\/p>\n<p>&nbsp;<\/p>\n<p>&nbsp;<\/p>\n<p>&nbsp;<\/p>\n<p>&nbsp;<\/p>\n<div class=\"col-sm-offset-1 col-sm-5\">\n<div class=\"appointment__form-wrapper\">\n<form class=\"appointment__form\" role=\"form\" method=\"post\" name=\"express_request_form\"><\/form>\n<\/div>\n<\/div>\n","protected":false},"excerpt":{"rendered":"<p>Tischmodell mit hochwertiger 16m3 Busch Vakuumpumpe hoch bruchfester transparenter, gew\u00f6lbter Deckel Kammergr\u00f6\u00dfe: 420 x 370 mm Produkth\u00f6he: 180 mm Schwei\u00dfl\u00e4nge: 1 x 420 mm Maschinenabmessung: 530 x 590 x 460 mm 10 Programme R\u00fcckbegasung 230 V &#8211; 3 Ph.- 50\/60 Hz &nbsp; &nbsp; &nbsp; &nbsp;<\/p>\n","protected":false},"featured_media":27841,"comment_status":"open","ping_status":"closed","template":"","meta":{"_acf_changed":false,"_crsspst_to_strasser-maschinench":true,"inline_featured_image":false},"product_cat":[230],"product_tag":[],"class_list":{"0":"post-12176","1":"product","2":"type-product","3":"status-publish","4":"has-post-thumbnail","6":"product_cat-vakuummaschinen-2","8":"first","9":"instock","10":"taxable","11":"shipping-taxable","12":"product-type-simple"},"acf":[],"_links":{"self":[{"href":"https:\/\/www.strasser.co.at\/de\/wp-json\/wp\/v2\/product\/12176","targetHints":{"allow":["GET"]}}],"collection":[{"href":"https:\/\/www.strasser.co.at\/de\/wp-json\/wp\/v2\/product"}],"about":[{"href":"https:\/\/www.strasser.co.at\/de\/wp-json\/wp\/v2\/types\/product"}],"replies":[{"embeddable":true,"href":"https:\/\/www.strasser.co.at\/de\/wp-json\/wp\/v2\/comments?post=12176"}],"wp:featuredmedia":[{"embeddable":true,"href":"https:\/\/www.strasser.co.at\/de\/wp-json\/wp\/v2\/media\/27841"}],"wp:attachment":[{"href":"https:\/\/www.strasser.co.at\/de\/wp-json\/wp\/v2\/media?parent=12176"}],"wp:term":[{"taxonomy":"product_cat","embeddable":true,"href":"https:\/\/www.strasser.co.at\/de\/wp-json\/wp\/v2\/product_cat?post=12176"},{"taxonomy":"product_tag","embeddable":true,"href":"https:\/\/www.strasser.co.at\/de\/wp-json\/wp\/v2\/product_tag?post=12176"}],"curies":[{"name":"wp","href":"https:\/\/api.w.org\/{rel}","templated":true}]}}