{"id":12200,"date":"2021-08-20T12:13:57","date_gmt":"2021-08-20T10:13:57","guid":{"rendered":"https:\/\/2c342aae-e94b-481e-aca9-de530b3b6ed6.h3.conves.io\/?post_type=product&#038;p=12200"},"modified":"2023-09-27T15:16:39","modified_gmt":"2023-09-27T13:16:39","slug":"foodlogistik-wuerfelschneider","status":"publish","type":"product","link":"https:\/\/www.strasser.co.at\/de\/produkt\/foodlogistik-wuerfelschneider\/","title":{"rendered":"Verkauft: Foodlogistik W\u00fcrfelschneider"},"content":{"rendered":"<p>Type classic 90<br \/>\nGeeignet zum Schneiden von Streifen, W\u00fcrfel oder Scheiben,<br \/>\nvon Fleisch, Wurst, Fisch, Gefl\u00fcgel, K\u00e4se, Zwiebel und vielem mehr.<br \/>\nMaschine komplett aus Edelstahl rostfrei<br \/>\nKammerquerschnitt 90 x 90 mm<br \/>\nKammerl\u00e4nge 310 mm<br \/>\nVorschub stufenlos einstellbar 0 &#8211; 35 mm<br \/>\nVorkomprimierung einstellbar<br \/>\nDurchsatz bis zu 850 kg\/h<br \/>\nAnschlu\u00dfwert 2,6 kW<br \/>\nAbmessungen L x B x H = 1.100 x 650 x 1.065 mm<br \/>\nincl. abnehmbarem Schneidbrett<br \/>\n1 Stk. Gatter, Edelstahl eingebaut<br \/>\n1 Stk. Einfachabschlagmesser eingebaut<\/p>\n<p>&nbsp;<\/p>\n<div class=\"col-sm-offset-1 col-sm-5\">\n<div class=\"appointment__form-wrapper\">\n<form class=\"appointment__form\" role=\"form\" method=\"post\" name=\"express_request_form\"><\/form>\n<\/div>\n<\/div>\n","protected":false},"excerpt":{"rendered":"<p>Type classic 90 Geeignet zum Schneiden von Streifen, W\u00fcrfel oder Scheiben, von Fleisch, Wurst, Fisch, Gefl\u00fcgel, K\u00e4se, Zwiebel und vielem mehr. Maschine komplett aus Edelstahl rostfrei Kammerquerschnitt 90 x 90 mm Kammerl\u00e4nge 310 mm Vorschub stufenlos einstellbar 0 &#8211; 35 mm Vorkomprimierung einstellbar Durchsatz bis zu 850 kg\/h Anschlu\u00dfwert 2,6 kW Abmessungen L x B &#8230; <a title=\"Verkauft: Foodlogistik W\u00fcrfelschneider\" class=\"read-more\" href=\"https:\/\/www.strasser.co.at\/de\/produkt\/foodlogistik-wuerfelschneider\/\" aria-label=\"Mehr dazu unter Verkauft: Foodlogistik W\u00fcrfelschneider\">Weiterlesen<\/a><\/p>\n","protected":false},"featured_media":11348,"comment_status":"open","ping_status":"closed","template":"","meta":{"_acf_changed":false,"_crsspst_to_strasser-maschinench":false,"inline_featured_image":false},"product_cat":[92],"product_tag":[],"class_list":{"0":"post-12200","1":"product","2":"type-product","3":"status-publish","4":"has-post-thumbnail","6":"product_cat-verkauft","8":"first","9":"instock","10":"taxable","11":"shipping-taxable","12":"product-type-simple"},"acf":[],"_links":{"self":[{"href":"https:\/\/www.strasser.co.at\/de\/wp-json\/wp\/v2\/product\/12200","targetHints":{"allow":["GET"]}}],"collection":[{"href":"https:\/\/www.strasser.co.at\/de\/wp-json\/wp\/v2\/product"}],"about":[{"href":"https:\/\/www.strasser.co.at\/de\/wp-json\/wp\/v2\/types\/product"}],"replies":[{"embeddable":true,"href":"https:\/\/www.strasser.co.at\/de\/wp-json\/wp\/v2\/comments?post=12200"}],"wp:featuredmedia":[{"embeddable":true,"href":"https:\/\/www.strasser.co.at\/de\/wp-json\/wp\/v2\/media\/11348"}],"wp:attachment":[{"href":"https:\/\/www.strasser.co.at\/de\/wp-json\/wp\/v2\/media?parent=12200"}],"wp:term":[{"taxonomy":"product_cat","embeddable":true,"href":"https:\/\/www.strasser.co.at\/de\/wp-json\/wp\/v2\/product_cat?post=12200"},{"taxonomy":"product_tag","embeddable":true,"href":"https:\/\/www.strasser.co.at\/de\/wp-json\/wp\/v2\/product_tag?post=12200"}],"curies":[{"name":"wp","href":"https:\/\/api.w.org\/{rel}","templated":true}]}}