{"id":12224,"date":"2021-08-23T09:31:12","date_gmt":"2021-08-23T07:31:12","guid":{"rendered":"https:\/\/2c342aae-e94b-481e-aca9-de530b3b6ed6.h3.conves.io\/?post_type=product&#038;p=12224"},"modified":"2022-11-15T08:33:09","modified_gmt":"2022-11-15T07:33:09","slug":"henneken-lakemischer-400-l","status":"publish","type":"product","link":"https:\/\/www.strasser.co.at\/de\/produkt\/henneken-lakemischer-400-l\/","title":{"rendered":"VERKAUFT Henneken Lakemischer 400L"},"content":{"rendered":"<p>Volumen 400 l<br \/>\nohne K\u00fchlung<br \/>\nmit leistungsstarker, selbstsaugender<br \/>\nKreiselpumpe<br \/>\nmit Ein-Aus-Schalter f\u00fcr Pumpe<br \/>\nPumpengeh\u00e4use und Rotor in Edelstahl<br \/>\nMotor mit Edelstahlhaube abgedeckt<br \/>\nPumpenleistung 1,85 kW<br \/>\nAnsaugleitung: \u00d8 40 mm<br \/>\nDruckseite: \u00d8 40 mm<br \/>\nAnsaugtrichter mit Strahlpumpensystem (Venturi)<br \/>\nmit 3 St\u00fcck druckfesten Schieberventilen zum<br \/>\n\u00d6ffnen und Schlie\u00dfen des Ansaugtrichters<br \/>\n\u00d6ffnen und Schlie\u00dfen des Mischkreislaufes<br \/>\n\u00d6ffnen und Schlie\u00dfen f\u00fcr Solef\u00fchrung-Injektor<\/p>\n<p>&nbsp;<\/p>\n<div class=\"col-sm-offset-1 col-sm-5\">\n<div class=\"appointment__form-wrapper\">\n<form class=\"appointment__form\" role=\"form\" method=\"post\" name=\"express_request_form\"><\/form>\n<\/div>\n<\/div>\n","protected":false},"excerpt":{"rendered":"<p>Volumen 400 l ohne K\u00fchlung mit leistungsstarker, selbstsaugender Kreiselpumpe mit Ein-Aus-Schalter f\u00fcr Pumpe Pumpengeh\u00e4use und Rotor in Edelstahl Motor mit Edelstahlhaube abgedeckt Pumpenleistung 1,85 kW Ansaugleitung: \u00d8 40 mm Druckseite: \u00d8 40 mm Ansaugtrichter mit Strahlpumpensystem (Venturi) mit 3 St\u00fcck druckfesten Schieberventilen zum \u00d6ffnen und Schlie\u00dfen des Ansaugtrichters \u00d6ffnen und Schlie\u00dfen des Mischkreislaufes \u00d6ffnen und &#8230; <a title=\"VERKAUFT Henneken Lakemischer 400L\" class=\"read-more\" href=\"https:\/\/www.strasser.co.at\/de\/produkt\/henneken-lakemischer-400-l\/\" aria-label=\"Mehr dazu unter VERKAUFT Henneken Lakemischer 400L\">Weiterlesen<\/a><\/p>\n","protected":false},"featured_media":11312,"comment_status":"open","ping_status":"closed","template":"","meta":{"_acf_changed":false,"_crsspst_to_strasser-maschinench":false,"inline_featured_image":false},"product_cat":[92],"product_tag":[],"class_list":{"0":"post-12224","1":"product","2":"type-product","3":"status-publish","4":"has-post-thumbnail","6":"product_cat-verkauft","8":"first","9":"instock","10":"taxable","11":"shipping-taxable","12":"product-type-simple"},"acf":[],"_links":{"self":[{"href":"https:\/\/www.strasser.co.at\/de\/wp-json\/wp\/v2\/product\/12224","targetHints":{"allow":["GET"]}}],"collection":[{"href":"https:\/\/www.strasser.co.at\/de\/wp-json\/wp\/v2\/product"}],"about":[{"href":"https:\/\/www.strasser.co.at\/de\/wp-json\/wp\/v2\/types\/product"}],"replies":[{"embeddable":true,"href":"https:\/\/www.strasser.co.at\/de\/wp-json\/wp\/v2\/comments?post=12224"}],"wp:featuredmedia":[{"embeddable":true,"href":"https:\/\/www.strasser.co.at\/de\/wp-json\/wp\/v2\/media\/11312"}],"wp:attachment":[{"href":"https:\/\/www.strasser.co.at\/de\/wp-json\/wp\/v2\/media?parent=12224"}],"wp:term":[{"taxonomy":"product_cat","embeddable":true,"href":"https:\/\/www.strasser.co.at\/de\/wp-json\/wp\/v2\/product_cat?post=12224"},{"taxonomy":"product_tag","embeddable":true,"href":"https:\/\/www.strasser.co.at\/de\/wp-json\/wp\/v2\/product_tag?post=12224"}],"curies":[{"name":"wp","href":"https:\/\/api.w.org\/{rel}","templated":true}]}}