{"id":12236,"date":"2021-08-23T10:01:53","date_gmt":"2021-08-23T08:01:53","guid":{"rendered":"https:\/\/2c342aae-e94b-481e-aca9-de530b3b6ed6.h3.conves.io\/?post_type=product&#038;p=12236"},"modified":"2024-05-02T09:29:15","modified_gmt":"2024-05-02T07:29:15","slug":"eberhardt-schinkenpresse","status":"publish","type":"product","link":"https:\/\/www.strasser.co.at\/de\/produkt\/eberhardt-schinkenpresse\/","title":{"rendered":"Eberhardt Schinkenpresse"},"content":{"rendered":"<p>weitgehend aus Edelstahl<br \/>\nPneumatik und Steuerungseinheit,<br \/>\neinstellbarem Druckminderer<br \/>\ninkl. Kunststoffplatten<br \/>\ninkl. Einlegebleche<br \/>\ninkl. Winkelbleche<br \/>\nAu\u00dfenma\u00dfe: LxBxH 95x55x95 cm<br \/>\nInnenma\u00dfe: LxBxH 86&#215;47 cm<\/p>\n<p>&nbsp;<\/p>\n<div class=\"col-sm-offset-1 col-sm-5\">\n<div class=\"appointment__form-wrapper\">\n<form class=\"appointment__form\" role=\"form\" method=\"post\" name=\"express_request_form\"><\/form>\n<\/div>\n<\/div>\n","protected":false},"excerpt":{"rendered":"<p>weitgehend aus Edelstahl Pneumatik und Steuerungseinheit, einstellbarem Druckminderer inkl. Kunststoffplatten inkl. Einlegebleche inkl. Winkelbleche Au\u00dfenma\u00dfe: LxBxH 95x55x95 cm Innenma\u00dfe: LxBxH 86&#215;47 cm &nbsp;<\/p>\n","protected":false},"featured_media":12242,"comment_status":"open","ping_status":"closed","template":"","meta":{"_acf_changed":false,"_crsspst_to_strasser-maschinench":true,"inline_featured_image":false},"product_cat":[236],"product_tag":[],"class_list":{"0":"post-12236","1":"product","2":"type-product","3":"status-publish","4":"has-post-thumbnail","6":"product_cat-sonstiges","8":"first","9":"instock","10":"taxable","11":"shipping-taxable","12":"product-type-simple"},"acf":[],"_links":{"self":[{"href":"https:\/\/www.strasser.co.at\/de\/wp-json\/wp\/v2\/product\/12236","targetHints":{"allow":["GET"]}}],"collection":[{"href":"https:\/\/www.strasser.co.at\/de\/wp-json\/wp\/v2\/product"}],"about":[{"href":"https:\/\/www.strasser.co.at\/de\/wp-json\/wp\/v2\/types\/product"}],"replies":[{"embeddable":true,"href":"https:\/\/www.strasser.co.at\/de\/wp-json\/wp\/v2\/comments?post=12236"}],"wp:featuredmedia":[{"embeddable":true,"href":"https:\/\/www.strasser.co.at\/de\/wp-json\/wp\/v2\/media\/12242"}],"wp:attachment":[{"href":"https:\/\/www.strasser.co.at\/de\/wp-json\/wp\/v2\/media?parent=12236"}],"wp:term":[{"taxonomy":"product_cat","embeddable":true,"href":"https:\/\/www.strasser.co.at\/de\/wp-json\/wp\/v2\/product_cat?post=12236"},{"taxonomy":"product_tag","embeddable":true,"href":"https:\/\/www.strasser.co.at\/de\/wp-json\/wp\/v2\/product_tag?post=12236"}],"curies":[{"name":"wp","href":"https:\/\/api.w.org\/{rel}","templated":true}]}}