{"id":12266,"date":"2021-08-23T10:36:06","date_gmt":"2021-08-23T08:36:06","guid":{"rendered":"https:\/\/2c342aae-e94b-481e-aca9-de530b3b6ed6.h3.conves.io\/?post_type=product&#038;p=12266"},"modified":"2022-10-13T15:26:28","modified_gmt":"2022-10-13T13:26:28","slug":"edelstahl-tisch","status":"publish","type":"product","link":"https:\/\/www.strasser.co.at\/de\/produkt\/edelstahl-tisch\/","title":{"rendered":"VERKAUFT  Edelstahl Tisch mit Schneidplatte"},"content":{"rendered":"<p>Abmessung: 1500 x 700 x 900 mm<br \/>\nOberplatte 1,5 mm stark,<br \/>\n3-seitig abgekantet<br \/>\nhinten 50 mm aufgekantet<br \/>\nStufentiefe 300 mm,<br \/>\nStufenh\u00f6he 30 mm<br \/>\nAusf\u00fchrung verschwei\u00dft,<br \/>\nmit Zwischenboden,<br \/>\nSchneidbrett aus Polyethylen &#8211; Braun<\/p>\n<p>&nbsp;<\/p>\n<div class=\"col-sm-offset-1 col-sm-5\">\n<div class=\"appointment__form-wrapper\">\n<form class=\"appointment__form\" role=\"form\" method=\"post\" name=\"express_request_form\"><\/form>\n<\/div>\n<\/div>\n","protected":false},"excerpt":{"rendered":"<p>Abmessung: 1500 x 700 x 900 mm Oberplatte 1,5 mm stark, 3-seitig abgekantet hinten 50 mm aufgekantet Stufentiefe 300 mm, Stufenh\u00f6he 30 mm Ausf\u00fchrung verschwei\u00dft, mit Zwischenboden, Schneidbrett aus Polyethylen &#8211; Braun &nbsp;<\/p>\n","protected":false},"featured_media":0,"comment_status":"open","ping_status":"closed","template":"","meta":{"_acf_changed":false,"_crsspst_to_strasser-maschinench":false,"inline_featured_image":false},"product_cat":[92],"product_tag":[],"class_list":{"0":"post-12266","1":"product","2":"type-product","3":"status-publish","5":"product_cat-verkauft","7":"first","8":"instock","9":"taxable","10":"shipping-taxable","11":"product-type-simple"},"acf":[],"_links":{"self":[{"href":"https:\/\/www.strasser.co.at\/de\/wp-json\/wp\/v2\/product\/12266","targetHints":{"allow":["GET"]}}],"collection":[{"href":"https:\/\/www.strasser.co.at\/de\/wp-json\/wp\/v2\/product"}],"about":[{"href":"https:\/\/www.strasser.co.at\/de\/wp-json\/wp\/v2\/types\/product"}],"replies":[{"embeddable":true,"href":"https:\/\/www.strasser.co.at\/de\/wp-json\/wp\/v2\/comments?post=12266"}],"wp:attachment":[{"href":"https:\/\/www.strasser.co.at\/de\/wp-json\/wp\/v2\/media?parent=12266"}],"wp:term":[{"taxonomy":"product_cat","embeddable":true,"href":"https:\/\/www.strasser.co.at\/de\/wp-json\/wp\/v2\/product_cat?post=12266"},{"taxonomy":"product_tag","embeddable":true,"href":"https:\/\/www.strasser.co.at\/de\/wp-json\/wp\/v2\/product_tag?post=12266"}],"curies":[{"name":"wp","href":"https:\/\/api.w.org\/{rel}","templated":true}]}}