{"id":14224,"date":"2021-10-14T14:31:13","date_gmt":"2021-10-14T12:31:13","guid":{"rendered":"https:\/\/2c342aae-e94b-481e-aca9-de530b3b6ed6.h3.conves.io\/?post_type=product&#038;p=14224"},"modified":"2022-10-13T15:48:26","modified_gmt":"2022-10-13T13:48:26","slug":"maja-nuggetseisbereiter-na175l","status":"publish","type":"product","link":"https:\/\/www.strasser.co.at\/de\/produkt\/maja-nuggetseisbereiter-na175l\/","title":{"rendered":"VERKAUFT Maja Nuggetseisbereiter NA175L"},"content":{"rendered":"<p>Typ NA 175 L R290SCS<br \/>\nEisleistung 175 kg\/24h<br \/>\nMaja-Nuggeteis hat eine Temperatur von ca. -0,5\u00b0C.<br \/>\nEs besteht aus eisig gl\u00e4nzenden, unregelm\u00e4\u00dfig<br \/>\ngeformten Nuggets mit granulatartiger Struktur.<br \/>\nDadurch eignet es sich besonders zur K\u00fchlung und Pr\u00e4sentation<br \/>\nvon Lebensmitteln wie z.B. frischem Fisch, Salaten etc.<br \/>\nAuch zur Getr\u00e4nkek\u00fchlung bestens geeignet.<br \/>\nGeh\u00e4use: Front-, Seitenverkleidungen, Bodenplatte,<br \/>\nEisschacht und obere Abdeckung in Edelstahl.<br \/>\nK\u00e4ltemittel: R 290<br \/>\n230V\/50Hz\/1Ph, ca. 0,8 kW<br \/>\nAbmessugen: 560 x 511 x 618 mm (BxTxH)<br \/>\nIntegriertes Selbstreinigungssystem<br \/>\nmit Maja Wasserfiltersystem Typ Single<br \/>\nReinigerkonzentrat &#8220;Maja Citro&#8221; 10 kg<br \/>\nCE-Konform<\/p>\n","protected":false},"excerpt":{"rendered":"<p>Typ NA 175 L R290SCS Eisleistung 175 kg\/24h Maja-Nuggeteis hat eine Temperatur von ca. -0,5\u00b0C. Es besteht aus eisig gl\u00e4nzenden, unregelm\u00e4\u00dfig geformten Nuggets mit granulatartiger Struktur. Dadurch eignet es sich besonders zur K\u00fchlung und Pr\u00e4sentation von Lebensmitteln wie z.B. frischem Fisch, Salaten etc. Auch zur Getr\u00e4nkek\u00fchlung bestens geeignet. Geh\u00e4use: Front-, Seitenverkleidungen, Bodenplatte, Eisschacht und obere &#8230; <a title=\"VERKAUFT Maja Nuggetseisbereiter NA175L\" class=\"read-more\" href=\"https:\/\/www.strasser.co.at\/de\/produkt\/maja-nuggetseisbereiter-na175l\/\" aria-label=\"Mehr dazu unter VERKAUFT Maja Nuggetseisbereiter NA175L\">Weiterlesen<\/a><\/p>\n","protected":false},"featured_media":14857,"comment_status":"open","ping_status":"closed","template":"","meta":{"_acf_changed":false,"_crsspst_to_strasser-maschinench":false,"inline_featured_image":false},"product_cat":[92],"product_tag":[],"class_list":{"0":"post-14224","1":"product","2":"type-product","3":"status-publish","4":"has-post-thumbnail","6":"product_cat-verkauft","8":"first","9":"instock","10":"taxable","11":"shipping-taxable","12":"product-type-simple"},"acf":[],"_links":{"self":[{"href":"https:\/\/www.strasser.co.at\/de\/wp-json\/wp\/v2\/product\/14224","targetHints":{"allow":["GET"]}}],"collection":[{"href":"https:\/\/www.strasser.co.at\/de\/wp-json\/wp\/v2\/product"}],"about":[{"href":"https:\/\/www.strasser.co.at\/de\/wp-json\/wp\/v2\/types\/product"}],"replies":[{"embeddable":true,"href":"https:\/\/www.strasser.co.at\/de\/wp-json\/wp\/v2\/comments?post=14224"}],"wp:featuredmedia":[{"embeddable":true,"href":"https:\/\/www.strasser.co.at\/de\/wp-json\/wp\/v2\/media\/14857"}],"wp:attachment":[{"href":"https:\/\/www.strasser.co.at\/de\/wp-json\/wp\/v2\/media?parent=14224"}],"wp:term":[{"taxonomy":"product_cat","embeddable":true,"href":"https:\/\/www.strasser.co.at\/de\/wp-json\/wp\/v2\/product_cat?post=14224"},{"taxonomy":"product_tag","embeddable":true,"href":"https:\/\/www.strasser.co.at\/de\/wp-json\/wp\/v2\/product_tag?post=14224"}],"curies":[{"name":"wp","href":"https:\/\/api.w.org\/{rel}","templated":true}]}}