{"id":14269,"date":"2021-10-15T15:02:46","date_gmt":"2021-10-15T13:02:46","guid":{"rendered":"https:\/\/2c342aae-e94b-481e-aca9-de530b3b6ed6.h3.conves.io\/?post_type=product&#038;p=14269"},"modified":"2023-12-22T08:08:01","modified_gmt":"2023-12-22T07:08:01","slug":"inject-star-massiertrommeln","status":"publish","type":"product","link":"https:\/\/www.strasser.co.at\/de\/produkt\/inject-star-massiertrommeln\/","title":{"rendered":"VERKAUFT: Inject Star Massiertrommeln"},"content":{"rendered":"<p>Gebrauchtanlage \/ wie vom Kunden<br \/>\nbestehend aus:<br \/>\n2 Stk. F\u00e4sser klein<br \/>\n1 Stk. Fass mittel<br \/>\n4 Stk. F\u00e4sser gro\u00df<br \/>\nmehrere Kipp- und Massierstationen<br \/>\nZubeh\u00f6r lt. Fotos<\/p>\n<div class=\"col-sm-offset-1 col-sm-5\">\n<div class=\"appointment__form-wrapper\">\n<form class=\"appointment__form\" role=\"form\" method=\"post\" name=\"express_request_form\"><\/form>\n<\/div>\n<\/div>\n","protected":false},"excerpt":{"rendered":"<p>Gebrauchtanlage \/ wie vom Kunden bestehend aus: 2 Stk. F\u00e4sser klein 1 Stk. Fass mittel 4 Stk. F\u00e4sser gro\u00df mehrere Kipp- und Massierstationen Zubeh\u00f6r lt. Fotos<\/p>\n","protected":false},"featured_media":0,"comment_status":"open","ping_status":"closed","template":"","meta":{"_acf_changed":false,"_crsspst_to_strasser-maschinench":false,"inline_featured_image":false},"product_cat":[92],"product_tag":[],"class_list":{"0":"post-14269","1":"product","2":"type-product","3":"status-publish","5":"product_cat-verkauft","7":"first","8":"instock","9":"taxable","10":"shipping-taxable","11":"product-type-simple"},"acf":[],"_links":{"self":[{"href":"https:\/\/www.strasser.co.at\/de\/wp-json\/wp\/v2\/product\/14269","targetHints":{"allow":["GET"]}}],"collection":[{"href":"https:\/\/www.strasser.co.at\/de\/wp-json\/wp\/v2\/product"}],"about":[{"href":"https:\/\/www.strasser.co.at\/de\/wp-json\/wp\/v2\/types\/product"}],"replies":[{"embeddable":true,"href":"https:\/\/www.strasser.co.at\/de\/wp-json\/wp\/v2\/comments?post=14269"}],"wp:attachment":[{"href":"https:\/\/www.strasser.co.at\/de\/wp-json\/wp\/v2\/media?parent=14269"}],"wp:term":[{"taxonomy":"product_cat","embeddable":true,"href":"https:\/\/www.strasser.co.at\/de\/wp-json\/wp\/v2\/product_cat?post=14269"},{"taxonomy":"product_tag","embeddable":true,"href":"https:\/\/www.strasser.co.at\/de\/wp-json\/wp\/v2\/product_tag?post=14269"}],"curies":[{"name":"wp","href":"https:\/\/api.w.org\/{rel}","templated":true}]}}