{"id":15220,"date":"2021-10-19T20:06:43","date_gmt":"2021-10-19T18:06:43","guid":{"rendered":"https:\/\/2c342aae-e94b-481e-aca9-de530b3b6ed6.h3.conves.io\/?post_type=product&#038;p=15220"},"modified":"2024-02-05T13:41:44","modified_gmt":"2024-02-05T12:41:44","slug":"ab-hamburgerformer-f1-3","status":"publish","type":"product","link":"https:\/\/www.strasser.co.at\/de\/produkt\/ab-hamburgerformer-f1-3\/","title":{"rendered":"AB Hamburgerformer F1"},"content":{"rendered":"<p>kompakte, leistungsstarke Formmaschine<br \/>\nf\u00fcr Hamburger, Kaspresskn\u00f6del uvm.<br \/>\nbis zu 1000 St\u00fcck\/Stunde<br \/>\nF\u00f6rderband: 390 mm<br \/>\nTrichter 16 L \/ ca. 10 kg Fleisch<br \/>\nPatty Dicke 0-32mm einstellbar<br \/>\nPaddel und Trommel sind f\u00fcr<br \/>\ndie Reinigung leicht zu demontieren.<br \/>\nPapierzufuhr<br \/>\nGewicht: 57 kg<br \/>\ninkl. 1 Rundform, max. Formdurchmesser 130 mm<\/p>\n<p>&nbsp;<\/p>\n","protected":false},"excerpt":{"rendered":"<p>kompakte, leistungsstarke Formmaschine f\u00fcr Hamburger, Kaspresskn\u00f6del uvm. bis zu 1000 St\u00fcck\/Stunde F\u00f6rderband: 390 mm Trichter 16 L \/ ca. 10 kg Fleisch Patty Dicke 0-32mm einstellbar Paddel und Trommel sind f\u00fcr die Reinigung leicht zu demontieren. Papierzufuhr Gewicht: 57 kg inkl. 1 Rundform, max. Formdurchmesser 130 mm &nbsp;<\/p>\n","protected":false},"featured_media":14125,"comment_status":"open","ping_status":"closed","template":"","meta":{"_acf_changed":false,"_crsspst_to_strasser-maschinench":false,"inline_featured_image":false},"product_cat":[188,128],"product_tag":[],"class_list":{"0":"post-15220","1":"product","2":"type-product","3":"status-publish","4":"has-post-thumbnail","6":"product_cat-burgerformer","7":"product_cat-shop","8":"product_shipping_class-standard","10":"first","11":"instock","12":"taxable","13":"shipping-taxable","14":"purchasable","15":"product-type-simple"},"acf":[],"_links":{"self":[{"href":"https:\/\/www.strasser.co.at\/de\/wp-json\/wp\/v2\/product\/15220","targetHints":{"allow":["GET"]}}],"collection":[{"href":"https:\/\/www.strasser.co.at\/de\/wp-json\/wp\/v2\/product"}],"about":[{"href":"https:\/\/www.strasser.co.at\/de\/wp-json\/wp\/v2\/types\/product"}],"replies":[{"embeddable":true,"href":"https:\/\/www.strasser.co.at\/de\/wp-json\/wp\/v2\/comments?post=15220"}],"wp:featuredmedia":[{"embeddable":true,"href":"https:\/\/www.strasser.co.at\/de\/wp-json\/wp\/v2\/media\/14125"}],"wp:attachment":[{"href":"https:\/\/www.strasser.co.at\/de\/wp-json\/wp\/v2\/media?parent=15220"}],"wp:term":[{"taxonomy":"product_cat","embeddable":true,"href":"https:\/\/www.strasser.co.at\/de\/wp-json\/wp\/v2\/product_cat?post=15220"},{"taxonomy":"product_tag","embeddable":true,"href":"https:\/\/www.strasser.co.at\/de\/wp-json\/wp\/v2\/product_tag?post=15220"}],"curies":[{"name":"wp","href":"https:\/\/api.w.org\/{rel}","templated":true}]}}