{"id":15226,"date":"2021-10-19T20:13:50","date_gmt":"2021-10-19T18:13:50","guid":{"rendered":"https:\/\/2c342aae-e94b-481e-aca9-de530b3b6ed6.h3.conves.io\/?post_type=product&#038;p=15226"},"modified":"2022-10-12T14:52:23","modified_gmt":"2022-10-12T12:52:23","slug":"ab-hamburgerformer-f2-2","status":"publish","type":"product","link":"https:\/\/www.strasser.co.at\/de\/produkt\/ab-hamburgerformer-f2-2\/","title":{"rendered":"VERKAUFT  AB Hamburgerformer F2"},"content":{"rendered":"<p>kompakte, leistungsstarke Formmaschine<br \/>\nf\u00fcr Hamburger, Kaspresskn\u00f6del uvm.<br \/>\nbis zu 2000 St\u00fcck\/Stunde<br \/>\nF\u00f6rderband lang: 900 mm<br \/>\nTrichter, Paddel und Trommel sind f\u00fcr<br \/>\ndie Reinigung leicht zu demontieren.<br \/>\nwahlweise Automatikbetrieb oder \u00fcber Fu\u00dfpedal<br \/>\ngro\u00dfer Trichter 40 Liter<br \/>\ninkl. pneumatische Drahtreinigung<br \/>\ninkl. 1 Rundform, max. Formdurchmesser 130 mm<br \/>\ninkl. automatischer Papiereinleger<\/p>\n","protected":false},"excerpt":{"rendered":"<p>kompakte, leistungsstarke Formmaschine f\u00fcr Hamburger, Kaspresskn\u00f6del uvm. bis zu 2000 St\u00fcck\/Stunde F\u00f6rderband lang: 900 mm Trichter, Paddel und Trommel sind f\u00fcr die Reinigung leicht zu demontieren. wahlweise Automatikbetrieb oder \u00fcber Fu\u00dfpedal gro\u00dfer Trichter 40 Liter inkl. pneumatische Drahtreinigung inkl. 1 Rundform, max. Formdurchmesser 130 mm inkl. automatischer Papiereinleger<\/p>\n","protected":false},"featured_media":15304,"comment_status":"open","ping_status":"closed","template":"","meta":{"_acf_changed":false,"_crsspst_to_strasser-maschinench":false,"inline_featured_image":false},"product_cat":[92],"product_tag":[],"class_list":{"0":"post-15226","1":"product","2":"type-product","3":"status-publish","4":"has-post-thumbnail","6":"product_cat-verkauft","8":"first","9":"instock","10":"taxable","11":"shipping-taxable","12":"purchasable","13":"product-type-simple"},"acf":[],"_links":{"self":[{"href":"https:\/\/www.strasser.co.at\/de\/wp-json\/wp\/v2\/product\/15226","targetHints":{"allow":["GET"]}}],"collection":[{"href":"https:\/\/www.strasser.co.at\/de\/wp-json\/wp\/v2\/product"}],"about":[{"href":"https:\/\/www.strasser.co.at\/de\/wp-json\/wp\/v2\/types\/product"}],"replies":[{"embeddable":true,"href":"https:\/\/www.strasser.co.at\/de\/wp-json\/wp\/v2\/comments?post=15226"}],"wp:featuredmedia":[{"embeddable":true,"href":"https:\/\/www.strasser.co.at\/de\/wp-json\/wp\/v2\/media\/15304"}],"wp:attachment":[{"href":"https:\/\/www.strasser.co.at\/de\/wp-json\/wp\/v2\/media?parent=15226"}],"wp:term":[{"taxonomy":"product_cat","embeddable":true,"href":"https:\/\/www.strasser.co.at\/de\/wp-json\/wp\/v2\/product_cat?post=15226"},{"taxonomy":"product_tag","embeddable":true,"href":"https:\/\/www.strasser.co.at\/de\/wp-json\/wp\/v2\/product_tag?post=15226"}],"curies":[{"name":"wp","href":"https:\/\/api.w.org\/{rel}","templated":true}]}}