{"id":16224,"date":"2021-11-25T12:42:20","date_gmt":"2021-11-25T11:42:20","guid":{"rendered":"https:\/\/www.strasser.co.at\/?post_type=product&#038;p=16224"},"modified":"2024-01-23T15:41:05","modified_gmt":"2024-01-23T14:41:05","slug":"cliptechnik-clip-star-200","status":"publish","type":"product","link":"https:\/\/www.strasser.co.at\/de\/produkt\/cliptechnik-clip-star-200\/","title":{"rendered":"Verkauft: Cliptechnik Clip-Star 200"},"content":{"rendered":"<p>Tischeinzelclipger\u00e4t<br \/>\nKaliberbereich 25 &#8211; 200 mm<br \/>\npneumatisch angetrieben<br \/>\nEdelstahlausf\u00fchrung<br \/>\nVentilkopf POM Kunststoff<br \/>\nHandausl\u00f6sung<br \/>\nManuelles Messer<br \/>\nRaffer-Clipf\u00fchrung<br \/>\nHubbegrenzung<br \/>\nDruckluft 6 Bar<br \/>\nCliptypen B 140 &#8211; B 170<br \/>\nCE &#8211; Konform<br \/>\nMade in Germany<\/p>\n<p>&nbsp;<\/p>\n<div class=\"col-sm-offset-1 col-sm-5\">\n<div class=\"appointment__form-wrapper\">\n<form class=\"appointment__form\" role=\"form\" method=\"post\" name=\"express_request_form\"><\/form>\n<\/div>\n<\/div>\n","protected":false},"excerpt":{"rendered":"<p>Tischeinzelclipger\u00e4t Kaliberbereich 25 &#8211; 200 mm pneumatisch angetrieben Edelstahlausf\u00fchrung Ventilkopf POM Kunststoff Handausl\u00f6sung Manuelles Messer Raffer-Clipf\u00fchrung Hubbegrenzung Druckluft 6 Bar Cliptypen B 140 &#8211; B 170 CE &#8211; Konform Made in Germany &nbsp;<\/p>\n","protected":false},"featured_media":17755,"comment_status":"open","ping_status":"closed","template":"","meta":{"_acf_changed":false,"_crsspst_to_strasser-maschinench":false,"inline_featured_image":false},"product_cat":[92],"product_tag":[],"class_list":{"0":"post-16224","1":"product","2":"type-product","3":"status-publish","4":"has-post-thumbnail","6":"product_cat-verkauft","8":"first","9":"instock","10":"taxable","11":"shipping-taxable","12":"product-type-simple"},"acf":[],"_links":{"self":[{"href":"https:\/\/www.strasser.co.at\/de\/wp-json\/wp\/v2\/product\/16224","targetHints":{"allow":["GET"]}}],"collection":[{"href":"https:\/\/www.strasser.co.at\/de\/wp-json\/wp\/v2\/product"}],"about":[{"href":"https:\/\/www.strasser.co.at\/de\/wp-json\/wp\/v2\/types\/product"}],"replies":[{"embeddable":true,"href":"https:\/\/www.strasser.co.at\/de\/wp-json\/wp\/v2\/comments?post=16224"}],"wp:featuredmedia":[{"embeddable":true,"href":"https:\/\/www.strasser.co.at\/de\/wp-json\/wp\/v2\/media\/17755"}],"wp:attachment":[{"href":"https:\/\/www.strasser.co.at\/de\/wp-json\/wp\/v2\/media?parent=16224"}],"wp:term":[{"taxonomy":"product_cat","embeddable":true,"href":"https:\/\/www.strasser.co.at\/de\/wp-json\/wp\/v2\/product_cat?post=16224"},{"taxonomy":"product_tag","embeddable":true,"href":"https:\/\/www.strasser.co.at\/de\/wp-json\/wp\/v2\/product_tag?post=16224"}],"curies":[{"name":"wp","href":"https:\/\/api.w.org\/{rel}","templated":true}]}}