{"id":16230,"date":"2021-11-25T12:56:18","date_gmt":"2021-11-25T11:56:18","guid":{"rendered":"https:\/\/www.strasser.co.at\/?post_type=product&#038;p=16230"},"modified":"2022-10-13T15:26:09","modified_gmt":"2022-10-13T13:26:09","slug":"bastra-rauchanlage-851-c-tf","status":"publish","type":"product","link":"https:\/\/www.strasser.co.at\/de\/produkt\/bastra-rauchanlage-851-c-tf\/","title":{"rendered":"VERKAUFT  Bastra Rauchanlage 851 C-TF"},"content":{"rendered":"<p>MNr. B9252-0391<br \/>\nAussenfront weitgehend aus Edelstahl<br \/>\nBASTRA TF-System<br \/>\nElektrobeheizung mit Mikroprozessorsteukerung MC500<br \/>\nmit Raucherzeuger in der T\u00fcr<br \/>\nBeschickung mit Buchen-Hacksp\u00e4ne<br \/>\nElektrobeheizung<br \/>\nKochraum-Inhalt: 1000 l<br \/>\nFassungsverm\u00f6gen: ca. 45 &#8211; 150 kg je Kaliber und Art d. Waren<br \/>\nRauchstockl\u00e4nge: 800 mm<br \/>\nAu\u00dfenma\u00dfe: 1220 x 850 x 1920 mm<br \/>\nSerienm\u00e4\u00dfig mit Mikroprozessor MC 500<br \/>\nfrei programmierbar, selbst\u00fcberwachende Me\u00df-<br \/>\nRegel- und Steuereinrichtung, mit Druckluftbefeuchtung<br \/>\nmit Druckluftreinigung<br \/>\nmit psychometrischer Feuchteregelung<br \/>\nWartungseinheit<\/p>\n<p>ZUZ\u00dcGLICH: Lieferung und Montage netto Eur 2.500,00<\/p>\n<p>&nbsp;<\/p>\n<div class=\"col-sm-offset-1 col-sm-5\">\n<div class=\"appointment__form-wrapper\">\n<form class=\"appointment__form\" role=\"form\" method=\"post\" name=\"express_request_form\"><\/form>\n<\/div>\n<\/div>\n","protected":false},"excerpt":{"rendered":"<p>MNr. B9252-0391 Aussenfront weitgehend aus Edelstahl BASTRA TF-System Elektrobeheizung mit Mikroprozessorsteukerung MC500 mit Raucherzeuger in der T\u00fcr Beschickung mit Buchen-Hacksp\u00e4ne Elektrobeheizung Kochraum-Inhalt: 1000 l Fassungsverm\u00f6gen: ca. 45 &#8211; 150 kg je Kaliber und Art d. Waren Rauchstockl\u00e4nge: 800 mm Au\u00dfenma\u00dfe: 1220 x 850 x 1920 mm Serienm\u00e4\u00dfig mit Mikroprozessor MC 500 frei programmierbar, selbst\u00fcberwachende Me\u00df- &#8230; <a title=\"VERKAUFT  Bastra Rauchanlage 851 C-TF\" class=\"read-more\" href=\"https:\/\/www.strasser.co.at\/de\/produkt\/bastra-rauchanlage-851-c-tf\/\" aria-label=\"Mehr dazu unter VERKAUFT  Bastra Rauchanlage 851 C-TF\">Weiterlesen<\/a><\/p>\n","protected":false},"featured_media":0,"comment_status":"open","ping_status":"closed","template":"","meta":{"_acf_changed":false,"_crsspst_to_strasser-maschinench":false,"inline_featured_image":false},"product_cat":[92],"product_tag":[],"class_list":{"0":"post-16230","1":"product","2":"type-product","3":"status-publish","5":"product_cat-verkauft","7":"first","8":"instock","9":"taxable","10":"shipping-taxable","11":"product-type-simple"},"acf":[],"_links":{"self":[{"href":"https:\/\/www.strasser.co.at\/de\/wp-json\/wp\/v2\/product\/16230","targetHints":{"allow":["GET"]}}],"collection":[{"href":"https:\/\/www.strasser.co.at\/de\/wp-json\/wp\/v2\/product"}],"about":[{"href":"https:\/\/www.strasser.co.at\/de\/wp-json\/wp\/v2\/types\/product"}],"replies":[{"embeddable":true,"href":"https:\/\/www.strasser.co.at\/de\/wp-json\/wp\/v2\/comments?post=16230"}],"wp:attachment":[{"href":"https:\/\/www.strasser.co.at\/de\/wp-json\/wp\/v2\/media?parent=16230"}],"wp:term":[{"taxonomy":"product_cat","embeddable":true,"href":"https:\/\/www.strasser.co.at\/de\/wp-json\/wp\/v2\/product_cat?post=16230"},{"taxonomy":"product_tag","embeddable":true,"href":"https:\/\/www.strasser.co.at\/de\/wp-json\/wp\/v2\/product_tag?post=16230"}],"curies":[{"name":"wp","href":"https:\/\/api.w.org\/{rel}","templated":true}]}}