{"id":16530,"date":"2021-12-03T08:19:31","date_gmt":"2021-12-03T07:19:31","guid":{"rendered":"https:\/\/www.strasser.co.at\/?post_type=product&#038;p=16530"},"modified":"2025-10-22T15:02:23","modified_gmt":"2025-10-22T13:02:23","slug":"mado","status":"publish","type":"product","link":"https:\/\/www.strasser.co.at\/de\/produkt\/mado\/","title":{"rendered":"Mado"},"content":{"rendered":"<h2>Bands\u00e4gen<\/h2>\n<p>Bands\u00e4gen -f\u00fcr die unterschiedlichsten Kundenw\u00fcnsche in der Fleischwarenindustrie, Fleischereihandwerk, Zerlegebetriebe, Filialisten und Gro\u00dfk\u00fcchen.<\/p>\n<div class=\"et_pb_column et_pb_column_2_3 et_pb_column_4 et_pb_css_mix_blend_mode_passthrough\">\n<div class=\"et_pb_module et_pb_text et_pb_text_3 et_pb_text_align_left et_pb_bg_layout_light\">\n<div class=\"et_pb_text_inner\">\n<div id=\"c337\" class=\"csc-default csc-space-after-20\">\n<p>Saubere Schnittfl\u00e4che, egal ob Fleisch, Knochen, Gefl\u00fcgel, Fisch oder Gefrorenes. Erfahrung und ausgereifte Technik sind die Garanten f\u00fcr beste Arbeitsergebnisse mit Bands\u00e4gen von MADO.<\/p>\n<h2>Finger-Protection-System<\/h2>\n<p>Das FPS-System sorgt fu\u0308r die optimale Sicherheit des Bedieners. L\u00f6st der integrierte optische Sensor der S\u00e4ge aus, wird die Bands\u00e4ge umgehend, binnen weniger Millisekunden, gestoppt. Diese kann im Anschluss wieder wie gewohnt gestartet werden. Eine Erneuerung des S\u00e4gebandes ist auch nach mehrmaligem Ausl\u00f6sen der Sicherheitsfunktion nicht erforderlich. Das FPS-System ist fu\u0308r die Bands\u00e4gen-Modelle MKB 751, MKB 752, MKB 753 und MKB 754 erh\u00e4ltlich.<\/p>\n<\/div>\n<\/div>\n<\/div>\n<\/div>\n<h2>Schleifmaschinen<\/h2>\n<p>Erfahrung zahlt sich aus. Ganz besonders, wenn es um den \u201erichtigen\u201c Schliff geht. Scharf ist nicht gleich scharf. Nur mit dem Balligschliff werden h\u00f6chste Belastbarkeit und lange Standzeiten erzielt.<\/p>\n<h2>Ladenw\u00f6lfe<\/h2>\n<p>Die leistungsstarken MADO Stopfw\u00f6lfe \u2013 vom Tischger\u00e4t bis hin zum Standger\u00e4t wird alles f\u00fcr h\u00f6chste Anspr\u00fcche konstruiert. Verschiedene Varianten stehen zur Auswahl. Modernste Fertigungstechnik und hochwertige Rohmaterialien gew\u00e4hrleisten in jeder Phase optimale Arbeitsergebnisse. Durch die besondere Formgebung des Einzugs der Arbeitsschnecke kann bei allen MADO W\u00f6lfen weitestgehend auf den Stopfer verzichtet werden.<\/p>\n<p>&nbsp;<\/p>\n<p>F\u00fcr Ihr individuelles Angebot nehmen Sie gerne direkt mit uns <a href=\"https:\/\/2c342aae-e94b-481e-aca9-de530b3b6ed6.h3.conves.io\/de\/kontakt\" target=\"_blank\" rel=\"noopener\">Kontakt <\/a>auf.<\/p>\n<p><a href=\"https:\/\/www.mado.de\/\" target=\"_blank\" rel=\"noopener\">Link<\/a> zum Lieferanten.<\/p>\n","protected":false},"excerpt":{"rendered":"<p>Bands\u00e4gen, Schleifmaschinen, Ladenw\u00f6lfe<\/p>\n","protected":false},"featured_media":16536,"comment_status":"open","ping_status":"closed","template":"","meta":{"_acf_changed":false,"_crsspst_to_strasser-maschinench":false,"inline_featured_image":false},"product_cat":[62],"product_tag":[],"class_list":{"0":"post-16530","1":"product","2":"type-product","3":"status-publish","4":"has-post-thumbnail","6":"product_cat-neumaschinen","8":"first","9":"instock","10":"taxable","11":"shipping-taxable","12":"product-type-simple"},"acf":[],"_links":{"self":[{"href":"https:\/\/www.strasser.co.at\/de\/wp-json\/wp\/v2\/product\/16530","targetHints":{"allow":["GET"]}}],"collection":[{"href":"https:\/\/www.strasser.co.at\/de\/wp-json\/wp\/v2\/product"}],"about":[{"href":"https:\/\/www.strasser.co.at\/de\/wp-json\/wp\/v2\/types\/product"}],"replies":[{"embeddable":true,"href":"https:\/\/www.strasser.co.at\/de\/wp-json\/wp\/v2\/comments?post=16530"}],"wp:featuredmedia":[{"embeddable":true,"href":"https:\/\/www.strasser.co.at\/de\/wp-json\/wp\/v2\/media\/16536"}],"wp:attachment":[{"href":"https:\/\/www.strasser.co.at\/de\/wp-json\/wp\/v2\/media?parent=16530"}],"wp:term":[{"taxonomy":"product_cat","embeddable":true,"href":"https:\/\/www.strasser.co.at\/de\/wp-json\/wp\/v2\/product_cat?post=16530"},{"taxonomy":"product_tag","embeddable":true,"href":"https:\/\/www.strasser.co.at\/de\/wp-json\/wp\/v2\/product_tag?post=16530"}],"curies":[{"name":"wp","href":"https:\/\/api.w.org\/{rel}","templated":true}]}}