{"id":16575,"date":"2021-12-03T08:32:57","date_gmt":"2021-12-03T07:32:57","guid":{"rendered":"https:\/\/www.strasser.co.at\/?post_type=product&#038;p=16575"},"modified":"2024-04-04T08:40:25","modified_gmt":"2024-04-04T06:40:25","slug":"djm-food-processing-1","status":"publish","type":"product","link":"https:\/\/www.strasser.co.at\/de\/produkt\/djm-food-processing-1\/","title":{"rendered":"DJM Food Processing"},"content":{"rendered":"<p>DJM ist ein holl\u00e4ndisches Technologieunternehmen, spezialisiert auf Vorsatzger\u00e4te zum Formen, Extrudieren und Dosieren.<\/p>\n<p>Die Vorsatzger\u00e4te von DJM bieten h\u00f6chste Durchsatzleistungen bei exakter Portioniergenauigkeit. Mit der VacForm Technologie k\u00f6nnen bis zu 4000 kg Burger, Schnitzel, Nuggets etc. pro Stunde geformt werden. Optional kann die Anlage mit einem Interleaver f\u00fcr Unterlegepapier ausgestattet werden.<\/p>\n<p>Die ausgefeilte Koextrustions-Technologie von DJM erlaubt die industrielle Produktion von zahlreichen gef\u00fcllten Produkten. So k\u00f6nnen etwa gef\u00fcllte Mozzarella-Sticks oder Schottische-Eier in einem Produktionsgang hergestellt werden.<\/p>\n<p>Komplexe 3D Formen werden mit dem DJM Diaphragma-System hergestellt. Mit bis zu 16 Dosierk\u00f6pfen werden runde, ovale oder zylindrische Formen aus verschiedensten Massen produziert.<\/p>\n<p>F\u00fcr Ihr individuelles Angebot nehmen Sie gerne direkt mit uns <a href=\"https:\/\/2c342aae-e94b-481e-aca9-de530b3b6ed6.h3.conves.io\/de\/kontakt\" target=\"_blank\" rel=\"noopener\">Kontakt <\/a>auf.<\/p>\n<p><a href=\"https:\/\/djmfoodprocessing.nl\/\" target=\"_blank\" rel=\"noopener\">Link<\/a> zum Lieferanten.<\/p>\n","protected":false},"excerpt":{"rendered":"<p>Formmaschinen<\/p>\n","protected":false},"featured_media":16494,"comment_status":"open","ping_status":"closed","template":"","meta":{"_acf_changed":false,"_crsspst_to_strasser-maschinench":true,"inline_featured_image":false},"product_cat":[62],"product_tag":[],"class_list":{"0":"post-16575","1":"product","2":"type-product","3":"status-publish","4":"has-post-thumbnail","6":"product_cat-neumaschinen","8":"first","9":"instock","10":"taxable","11":"shipping-taxable","12":"product-type-simple"},"acf":[],"_links":{"self":[{"href":"https:\/\/www.strasser.co.at\/de\/wp-json\/wp\/v2\/product\/16575","targetHints":{"allow":["GET"]}}],"collection":[{"href":"https:\/\/www.strasser.co.at\/de\/wp-json\/wp\/v2\/product"}],"about":[{"href":"https:\/\/www.strasser.co.at\/de\/wp-json\/wp\/v2\/types\/product"}],"replies":[{"embeddable":true,"href":"https:\/\/www.strasser.co.at\/de\/wp-json\/wp\/v2\/comments?post=16575"}],"wp:featuredmedia":[{"embeddable":true,"href":"https:\/\/www.strasser.co.at\/de\/wp-json\/wp\/v2\/media\/16494"}],"wp:attachment":[{"href":"https:\/\/www.strasser.co.at\/de\/wp-json\/wp\/v2\/media?parent=16575"}],"wp:term":[{"taxonomy":"product_cat","embeddable":true,"href":"https:\/\/www.strasser.co.at\/de\/wp-json\/wp\/v2\/product_cat?post=16575"},{"taxonomy":"product_tag","embeddable":true,"href":"https:\/\/www.strasser.co.at\/de\/wp-json\/wp\/v2\/product_tag?post=16575"}],"curies":[{"name":"wp","href":"https:\/\/api.w.org\/{rel}","templated":true}]}}