{"id":16581,"date":"2021-12-03T08:50:01","date_gmt":"2021-12-03T07:50:01","guid":{"rendered":"https:\/\/www.strasser.co.at\/?post_type=product&#038;p=16581"},"modified":"2025-10-14T14:10:27","modified_gmt":"2025-10-14T12:10:27","slug":"kt-steaker-2","status":"publish","type":"product","link":"https:\/\/www.strasser.co.at\/de\/produkt\/kt-steaker-2\/","title":{"rendered":"KT Oy"},"content":{"rendered":"<h2>KT Koneteollisuus Oy \u2013 finnischer Maschinenbau mit Tradition<\/h2>\n<p>Seit 1938 stellt KT hochwertige Maschinen f\u00fcr die Lebensmittelindustrie her. Das familiengef\u00fchrte Unternehmen ist weltweit aktiv und bekannt f\u00fcr \u00e4u\u00dferst robuste Bauweise.<\/p>\n<h2>KT Steaker &amp; Schnetzler<\/h2>\n<p>Der Sicherheitseinlass des KT Steakers verhindert ein Eingreifen in die Klingen und erlaubt dennoch effizientes Arbeiten.<br \/>\nMit wenigen Handgriffen l\u00e4sst sich der Steaker in einen Schnetzler umbauen.<br \/>\nDie weitgehend komplett rostfreie Ausf\u00fchrung gew\u00e4hrt eine einfache Reinigung. Die Klingen- und Sicherheitsabdeckung kann ganz leicht zum Reinigen entfernt werden.<br \/>\nDer massive Getriebemechanismus l\u00e4uft in \u00d6l und erfordert somit keine zus\u00e4tzliche Schmierung. Die massiven Wellen sind mit hochwertigen Kugellagern ausgestattet.<\/p>\n<h2>KT Schnitzelpl\u00e4tter, Shredder uvm<\/h2>\n<p>Das KT Maschinenprogramm umfasst weiters einen kompakten Schnitzelpl\u00e4tter f\u00fcr bis zu 800 Steaks\/Stunde.<br \/>\nDer KT Pulled Pork Shredder erzeugt bis zu 250 kg \u201cPulled Pork\u201d pro Stunde.<\/p>\n<p>F\u00fcr Ihr individuelles Angebot nehmen Sie gerne direkt mit uns <a href=\"https:\/\/2c342aae-e94b-481e-aca9-de530b3b6ed6.h3.conves.io\/de\/kontakt\" target=\"_blank\" rel=\"noopener\">Kontakt <\/a>auf.<\/p>\n<p><a href=\"https:\/\/www.koneteollisuus.fi\/de\/index.php\" target=\"_blank\" rel=\"noopener\">Link<\/a> zum Lieferanten.<\/p>\n","protected":false},"excerpt":{"rendered":"<p>Steaker, Schnetzler, Schnitzelpl\u00e4tter<\/p>\n","protected":false},"featured_media":15343,"comment_status":"open","ping_status":"closed","template":"","meta":{"_acf_changed":false,"_crsspst_to_strasser-maschinench":true,"inline_featured_image":false},"product_cat":[62],"product_tag":[],"class_list":{"0":"post-16581","1":"product","2":"type-product","3":"status-publish","4":"has-post-thumbnail","6":"product_cat-neumaschinen","8":"first","9":"instock","10":"taxable","11":"shipping-taxable","12":"product-type-simple"},"acf":[],"_links":{"self":[{"href":"https:\/\/www.strasser.co.at\/de\/wp-json\/wp\/v2\/product\/16581","targetHints":{"allow":["GET"]}}],"collection":[{"href":"https:\/\/www.strasser.co.at\/de\/wp-json\/wp\/v2\/product"}],"about":[{"href":"https:\/\/www.strasser.co.at\/de\/wp-json\/wp\/v2\/types\/product"}],"replies":[{"embeddable":true,"href":"https:\/\/www.strasser.co.at\/de\/wp-json\/wp\/v2\/comments?post=16581"}],"wp:featuredmedia":[{"embeddable":true,"href":"https:\/\/www.strasser.co.at\/de\/wp-json\/wp\/v2\/media\/15343"}],"wp:attachment":[{"href":"https:\/\/www.strasser.co.at\/de\/wp-json\/wp\/v2\/media?parent=16581"}],"wp:term":[{"taxonomy":"product_cat","embeddable":true,"href":"https:\/\/www.strasser.co.at\/de\/wp-json\/wp\/v2\/product_cat?post=16581"},{"taxonomy":"product_tag","embeddable":true,"href":"https:\/\/www.strasser.co.at\/de\/wp-json\/wp\/v2\/product_tag?post=16581"}],"curies":[{"name":"wp","href":"https:\/\/api.w.org\/{rel}","templated":true}]}}