{"id":16599,"date":"2021-12-03T09:16:10","date_gmt":"2021-12-03T08:16:10","guid":{"rendered":"https:\/\/www.strasser.co.at\/?post_type=product&#038;p=16599"},"modified":"2024-10-03T13:40:23","modified_gmt":"2024-10-03T11:40:23","slug":"schaelomat","status":"publish","type":"product","link":"https:\/\/www.strasser.co.at\/de\/produkt\/schaelomat\/","title":{"rendered":"Sch\u00e4lomat"},"content":{"rendered":"<p>\u201eDie einfachsten Ideen, sind oftmals die Besten!\u201c dachte sich der Sch\u00e4lomat Erfinder und Fleischermeister Daniel K\u00fcrz. So entwickelte er ein einfaches Tischger\u00e4t zum Sch\u00e4len von W\u00fcrstchen. Mittlerweile sind die Ger\u00e4te weltweit im Einsatz und erleichtern den Arbeitsalltag in vielen Betrieben.<\/p>\n<h2>Vollautomaten<\/h2>\n<p>Compact &#8211; <small>vollautomatische Sch\u00e4lmaschine mit integrierter Absaugung.<\/small><\/p>\n<ul>\n<li>Arbeiten ohne Dampf<\/li>\n<li>einfache Handhabung<\/li>\n<li>individuelle Produktanpassung von Kaliber<\/li>\n<li>12mm &#8211; 40mm ab 4cm L\u00e4nge<\/li>\n<li>Produktdurchfluss bis zu 352m\/min (je nach Produkt)<\/li>\n<\/ul>\n<h2>Halbautomaten<\/h2>\n<p>Halbautomatische W\u00fcrstchensch\u00e4lmaschine<\/p>\n<ul>\n<li>schnelle und rationale Arbeitsweise<\/li>\n<li>geeignet f\u00fcr Kal.16- Kal.34 durch bewegliche Klinge<\/li>\n<li>Leistung ca. 2000 W\u00fcrste pro Stunde<\/li>\n<\/ul>\n<p>F\u00fcr Ihr individuelles Angebot nehmen Sie gerne direkt mit uns <a href=\"https:\/\/2c342aae-e94b-481e-aca9-de530b3b6ed6.h3.conves.io\/de\/kontakt\" target=\"_blank\" rel=\"noopener\">Kontakt <\/a>auf.<\/p>\n<p><a href=\"https:\/\/www.schaelomat.de\/http:\/\/www.schaelomat.de\/\" target=\"_blank\" rel=\"noopener\">Link<\/a> zum Lieferanten.<\/p>\n<p>&nbsp;<\/p>\n","protected":false},"excerpt":{"rendered":"<p>halbautomatische &amp; vollautomatische W\u00fcrstchensch\u00e4lmaschinen<\/p>\n","protected":false},"featured_media":16605,"comment_status":"open","ping_status":"closed","template":"","meta":{"_acf_changed":false,"_crsspst_to_strasser-maschinench":false,"inline_featured_image":false},"product_cat":[62],"product_tag":[],"class_list":{"0":"post-16599","1":"product","2":"type-product","3":"status-publish","4":"has-post-thumbnail","6":"product_cat-neumaschinen","8":"first","9":"instock","10":"taxable","11":"shipping-taxable","12":"product-type-simple"},"acf":[],"_links":{"self":[{"href":"https:\/\/www.strasser.co.at\/de\/wp-json\/wp\/v2\/product\/16599","targetHints":{"allow":["GET"]}}],"collection":[{"href":"https:\/\/www.strasser.co.at\/de\/wp-json\/wp\/v2\/product"}],"about":[{"href":"https:\/\/www.strasser.co.at\/de\/wp-json\/wp\/v2\/types\/product"}],"replies":[{"embeddable":true,"href":"https:\/\/www.strasser.co.at\/de\/wp-json\/wp\/v2\/comments?post=16599"}],"wp:featuredmedia":[{"embeddable":true,"href":"https:\/\/www.strasser.co.at\/de\/wp-json\/wp\/v2\/media\/16605"}],"wp:attachment":[{"href":"https:\/\/www.strasser.co.at\/de\/wp-json\/wp\/v2\/media?parent=16599"}],"wp:term":[{"taxonomy":"product_cat","embeddable":true,"href":"https:\/\/www.strasser.co.at\/de\/wp-json\/wp\/v2\/product_cat?post=16599"},{"taxonomy":"product_tag","embeddable":true,"href":"https:\/\/www.strasser.co.at\/de\/wp-json\/wp\/v2\/product_tag?post=16599"}],"curies":[{"name":"wp","href":"https:\/\/api.w.org\/{rel}","templated":true}]}}