{"id":16851,"date":"2021-12-16T07:53:16","date_gmt":"2021-12-16T06:53:16","guid":{"rendered":"https:\/\/www.strasser.co.at\/?post_type=product&#038;p=16851"},"modified":"2023-06-16T11:28:04","modified_gmt":"2023-06-16T09:28:04","slug":"mado-standwolf-mew718-b98","status":"publish","type":"product","link":"https:\/\/www.strasser.co.at\/de\/produkt\/mado-standwolf-mew718-b98\/","title":{"rendered":"VERKAUFT: Mado Standwolf MEW718\/ B98"},"content":{"rendered":"<p>MNr. 30078601<br \/>\nStandger\u00e4t<br \/>\nMaschine aus rostfreiem Edelstahl<br \/>\nherausnehmbares Schneckengeh\u00e4use<br \/>\nEdelstahlschnecke<br \/>\n98 mm Geh\u00e4use aus Edelstahl<br \/>\nvor- und r\u00fcckw\u00e4rts laufend<br \/>\nEinf\u00fcllschale \/ Trichtervolumen: 60 Liter<br \/>\n4,0 kW Leistung, 400 V, 50 Hz<br \/>\n5 teiliger Schneidsatz<\/p>\n","protected":false},"excerpt":{"rendered":"<p>MNr. 30078601 Standger\u00e4t Maschine aus rostfreiem Edelstahl herausnehmbares Schneckengeh\u00e4use Edelstahlschnecke 98 mm Geh\u00e4use aus Edelstahl vor- und r\u00fcckw\u00e4rts laufend Einf\u00fcllschale \/ Trichtervolumen: 60 Liter 4,0 kW Leistung, 400 V, 50 Hz 5 teiliger Schneidsatz<\/p>\n","protected":false},"featured_media":17388,"comment_status":"open","ping_status":"closed","template":"","meta":{"_acf_changed":false,"_crsspst_to_strasser-maschinench":false,"inline_featured_image":false},"product_cat":[92],"product_tag":[],"class_list":{"0":"post-16851","1":"product","2":"type-product","3":"status-publish","4":"has-post-thumbnail","6":"product_cat-verkauft","8":"first","9":"instock","10":"taxable","11":"shipping-taxable","12":"product-type-simple"},"acf":[],"_links":{"self":[{"href":"https:\/\/www.strasser.co.at\/de\/wp-json\/wp\/v2\/product\/16851","targetHints":{"allow":["GET"]}}],"collection":[{"href":"https:\/\/www.strasser.co.at\/de\/wp-json\/wp\/v2\/product"}],"about":[{"href":"https:\/\/www.strasser.co.at\/de\/wp-json\/wp\/v2\/types\/product"}],"replies":[{"embeddable":true,"href":"https:\/\/www.strasser.co.at\/de\/wp-json\/wp\/v2\/comments?post=16851"}],"wp:featuredmedia":[{"embeddable":true,"href":"https:\/\/www.strasser.co.at\/de\/wp-json\/wp\/v2\/media\/17388"}],"wp:attachment":[{"href":"https:\/\/www.strasser.co.at\/de\/wp-json\/wp\/v2\/media?parent=16851"}],"wp:term":[{"taxonomy":"product_cat","embeddable":true,"href":"https:\/\/www.strasser.co.at\/de\/wp-json\/wp\/v2\/product_cat?post=16851"},{"taxonomy":"product_tag","embeddable":true,"href":"https:\/\/www.strasser.co.at\/de\/wp-json\/wp\/v2\/product_tag?post=16851"}],"curies":[{"name":"wp","href":"https:\/\/api.w.org\/{rel}","templated":true}]}}