{"id":17052,"date":"2021-12-27T07:48:39","date_gmt":"2021-12-27T06:48:39","guid":{"rendered":"https:\/\/www.strasser.co.at\/?post_type=product&#038;p=17052"},"modified":"2022-10-13T15:47:38","modified_gmt":"2022-10-13T13:47:38","slug":"mado-automatenwolf-mew721-d114","status":"publish","type":"product","link":"https:\/\/www.strasser.co.at\/de\/produkt\/mado-automatenwolf-mew721-d114\/","title":{"rendered":"VERKAUFT Mado Mischwolf MEW721 \/ D114"},"content":{"rendered":"<p>MNr. 30080302<br \/>\nTyp ULTRA MONO<br \/>\n&#8211; Maschine aus rostfreiem Edelstahl<br \/>\n&#8211; abnehmbares Schneckengeh\u00e4use D114<br \/>\n&#8211; Arbeitsschnecke aus Edelstahl<br \/>\n&#8211; Sp\u00fclkammer<br \/>\n&#8211; herausnehmbare Mischeinrichtung<br \/>\n&#8211; 400 V, 50 Hz<br \/>\n&#8211; Motor: 5,5 kW<br \/>\n&#8211; Absicherung: 16 A tr\u00e4ge<br \/>\n&#8211; f\u00fcr ca. 1.200 kg\/h<br \/>\n&#8211; Trichtervolumen: ca. 70 L<br \/>\n&#8211; Abmessungen: LxBxH: 1070 x 810 x 1170 mm<br \/>\n&#8211; Gewicht: ca. 325 kg<\/p>\n<p>Schneidsatz bestehend aus:<br \/>\n&#8211; 2 Messer<br \/>\n&#8211; je 1 Lochscheibe 3 mm, 13 mm<\/p>\n","protected":false},"excerpt":{"rendered":"<p>MNr. 30080302 Typ ULTRA MONO &#8211; Maschine aus rostfreiem Edelstahl &#8211; abnehmbares Schneckengeh\u00e4use D114 &#8211; Arbeitsschnecke aus Edelstahl &#8211; Sp\u00fclkammer &#8211; herausnehmbare Mischeinrichtung &#8211; 400 V, 50 Hz &#8211; Motor: 5,5 kW &#8211; Absicherung: 16 A tr\u00e4ge &#8211; f\u00fcr ca. 1.200 kg\/h &#8211; Trichtervolumen: ca. 70 L &#8211; Abmessungen: LxBxH: 1070 x 810 x 1170 &#8230; <a title=\"VERKAUFT Mado Mischwolf MEW721 \/ D114\" class=\"read-more\" href=\"https:\/\/www.strasser.co.at\/de\/produkt\/mado-automatenwolf-mew721-d114\/\" aria-label=\"Mehr dazu unter VERKAUFT Mado Mischwolf MEW721 \/ D114\">Weiterlesen<\/a><\/p>\n","protected":false},"featured_media":17058,"comment_status":"open","ping_status":"closed","template":"","meta":{"_acf_changed":false,"_crsspst_to_strasser-maschinench":false,"inline_featured_image":false},"product_cat":[92],"product_tag":[],"class_list":{"0":"post-17052","1":"product","2":"type-product","3":"status-publish","4":"has-post-thumbnail","6":"product_cat-verkauft","8":"first","9":"instock","10":"taxable","11":"shipping-taxable","12":"product-type-simple"},"acf":[],"_links":{"self":[{"href":"https:\/\/www.strasser.co.at\/de\/wp-json\/wp\/v2\/product\/17052","targetHints":{"allow":["GET"]}}],"collection":[{"href":"https:\/\/www.strasser.co.at\/de\/wp-json\/wp\/v2\/product"}],"about":[{"href":"https:\/\/www.strasser.co.at\/de\/wp-json\/wp\/v2\/types\/product"}],"replies":[{"embeddable":true,"href":"https:\/\/www.strasser.co.at\/de\/wp-json\/wp\/v2\/comments?post=17052"}],"wp:featuredmedia":[{"embeddable":true,"href":"https:\/\/www.strasser.co.at\/de\/wp-json\/wp\/v2\/media\/17058"}],"wp:attachment":[{"href":"https:\/\/www.strasser.co.at\/de\/wp-json\/wp\/v2\/media?parent=17052"}],"wp:term":[{"taxonomy":"product_cat","embeddable":true,"href":"https:\/\/www.strasser.co.at\/de\/wp-json\/wp\/v2\/product_cat?post=17052"},{"taxonomy":"product_tag","embeddable":true,"href":"https:\/\/www.strasser.co.at\/de\/wp-json\/wp\/v2\/product_tag?post=17052"}],"curies":[{"name":"wp","href":"https:\/\/api.w.org\/{rel}","templated":true}]}}