{"id":17818,"date":"2022-01-20T13:56:47","date_gmt":"2022-01-20T12:56:47","guid":{"rendered":"https:\/\/www.strasser.co.at\/?post_type=product&#038;p=17818"},"modified":"2022-10-13T15:26:22","modified_gmt":"2022-10-13T13:26:22","slug":"edelstahl-tisch-mit-schneidplatte-2","status":"publish","type":"product","link":"https:\/\/www.strasser.co.at\/de\/produkt\/edelstahl-tisch-mit-schneidplatte-2\/","title":{"rendered":"VERKAUFT  Edelstahl Tisch mit Schneidplatte"},"content":{"rendered":"<p>Abmessung: 2000 x 700 x 900 mm<br \/>\nStufentiefe 300 mm<br \/>\nStufenh\u00f6he 30 mm,<br \/>\nAusf\u00fchrung: verschwei\u00dft,<br \/>\nmit Zwischenrost<br \/>\nSchneidbrett aus Polyethylen &#8211; Weiss<\/p>\n<p>&nbsp;<\/p>\n<div class=\"col-sm-offset-1 col-sm-5\">\n<div class=\"appointment__form-wrapper\">\n<form class=\"appointment__form\" role=\"form\" method=\"post\" name=\"express_request_form\"><\/form>\n<\/div>\n<\/div>\n","protected":false},"excerpt":{"rendered":"<p>Abmessung: 2000 x 700 x 900 mm Stufentiefe 300 mm Stufenh\u00f6he 30 mm, Ausf\u00fchrung: verschwei\u00dft, mit Zwischenrost Schneidbrett aus Polyethylen &#8211; Weiss &nbsp;<\/p>\n","protected":false},"featured_media":0,"comment_status":"open","ping_status":"closed","template":"","meta":{"_acf_changed":false,"_crsspst_to_strasser-maschinench":false,"inline_featured_image":false},"product_cat":[92],"product_tag":[],"class_list":{"0":"post-17818","1":"product","2":"type-product","3":"status-publish","5":"product_cat-verkauft","7":"first","8":"instock","9":"taxable","10":"shipping-taxable","11":"product-type-simple"},"acf":[],"_links":{"self":[{"href":"https:\/\/www.strasser.co.at\/de\/wp-json\/wp\/v2\/product\/17818","targetHints":{"allow":["GET"]}}],"collection":[{"href":"https:\/\/www.strasser.co.at\/de\/wp-json\/wp\/v2\/product"}],"about":[{"href":"https:\/\/www.strasser.co.at\/de\/wp-json\/wp\/v2\/types\/product"}],"replies":[{"embeddable":true,"href":"https:\/\/www.strasser.co.at\/de\/wp-json\/wp\/v2\/comments?post=17818"}],"wp:attachment":[{"href":"https:\/\/www.strasser.co.at\/de\/wp-json\/wp\/v2\/media?parent=17818"}],"wp:term":[{"taxonomy":"product_cat","embeddable":true,"href":"https:\/\/www.strasser.co.at\/de\/wp-json\/wp\/v2\/product_cat?post=17818"},{"taxonomy":"product_tag","embeddable":true,"href":"https:\/\/www.strasser.co.at\/de\/wp-json\/wp\/v2\/product_tag?post=17818"}],"curies":[{"name":"wp","href":"https:\/\/api.w.org\/{rel}","templated":true}]}}