{"id":17858,"date":"2022-01-25T11:12:14","date_gmt":"2022-01-25T10:12:14","guid":{"rendered":"https:\/\/www.strasser.co.at\/?post_type=product&#038;p=17858"},"modified":"2022-10-13T15:30:30","modified_gmt":"2022-10-13T13:30:30","slug":"henkovac-schalenversiegler-tps-xl-skin","status":"publish","type":"product","link":"https:\/\/www.strasser.co.at\/de\/produkt\/henkovac-schalenversiegler-tps-xl-skin\/","title":{"rendered":"VERKAUFT  Henkovac Schalenversiegler TPS XL SKIN"},"content":{"rendered":"<p>Baujahr 2018<br \/>\nhalbautomatischer Schalenversiegler Typ TPS XL Skin<br \/>\nStandmaschine fahrbar zum optimalen Verschweissen<br \/>\nund Schutzbegasung<br \/>\nmit hochwertiger Busch 40 m\u00b3 Vakuumpumpe<br \/>\n9 Programmsteuerungen<br \/>\nmit R\u00fcckbegasung<br \/>\nLuftdruck: 6 bar 20 ltr. \/min<br \/>\nmax. Breite der Folie: 400 mm<br \/>\nmax. Drm. der Folienrolle: 250 mm<br \/>\ninnen Drm. der Folienrolle: jede Dimension verwendbar<br \/>\nZykluszeit: 25 &#8211; 30 sec.<br \/>\nmax. Schalengr\u00f6\u00dfe: 395 x 290 mm<br \/>\nmax. Schalenh\u00f6he: 25 &#8211; 30 mm<br \/>\nMaschinenabmessungen: 580 x 730 x 1300 mm<br \/>\nArbeitsh\u00f6he: 850 mm<br \/>\nLeistung: 400V-3Ph-50Hz<br \/>\nFolie: Skinfolie Bemis<br \/>\n(TER HB 50 PP EZ Peel AF)<br \/>\ninkl. Skin Funktion:<br \/>\n&#8211; Produkte werden in der Packung fixiert<br \/>\n&#8211; l\u00e4ngere Haltbarkeit<br \/>\n&#8211; attraktive Pr\u00e4sentation<br \/>\n&#8211; verbesserte Sicht auf das Produkt<\/p>\n<p>inkl. 2 Werkzeugeins\u00e4tze mit Skin Funktion:<br \/>\n&#8211; 2:1 Einsatz 227&#215;178 mm<br \/>\nf\u00fcr Schalen Gr\u00f6\u00dfe 228x178x18 mm<br \/>\n&#8211; 2:2 Einsatz 173&#215;129 mm<br \/>\nf\u00fcr Schalen Gr\u00f6\u00dfe 178x134x35 mm<\/p>\n","protected":false},"excerpt":{"rendered":"<p>Baujahr 2018 halbautomatischer Schalenversiegler Typ TPS XL Skin Standmaschine fahrbar zum optimalen Verschweissen und Schutzbegasung mit hochwertiger Busch 40 m\u00b3 Vakuumpumpe 9 Programmsteuerungen mit R\u00fcckbegasung Luftdruck: 6 bar 20 ltr. \/min max. Breite der Folie: 400 mm max. Drm. der Folienrolle: 250 mm innen Drm. der Folienrolle: jede Dimension verwendbar Zykluszeit: 25 &#8211; 30 sec. &#8230; <a title=\"VERKAUFT  Henkovac Schalenversiegler TPS XL SKIN\" class=\"read-more\" href=\"https:\/\/www.strasser.co.at\/de\/produkt\/henkovac-schalenversiegler-tps-xl-skin\/\" aria-label=\"Mehr dazu unter VERKAUFT  Henkovac Schalenversiegler TPS XL SKIN\">Weiterlesen<\/a><\/p>\n","protected":false},"featured_media":17863,"comment_status":"open","ping_status":"closed","template":"","meta":{"_acf_changed":false,"_crsspst_to_strasser-maschinench":false,"inline_featured_image":false},"product_cat":[92],"product_tag":[],"class_list":{"0":"post-17858","1":"product","2":"type-product","3":"status-publish","4":"has-post-thumbnail","6":"product_cat-verkauft","8":"first","9":"instock","10":"taxable","11":"shipping-taxable","12":"product-type-simple"},"acf":[],"_links":{"self":[{"href":"https:\/\/www.strasser.co.at\/de\/wp-json\/wp\/v2\/product\/17858","targetHints":{"allow":["GET"]}}],"collection":[{"href":"https:\/\/www.strasser.co.at\/de\/wp-json\/wp\/v2\/product"}],"about":[{"href":"https:\/\/www.strasser.co.at\/de\/wp-json\/wp\/v2\/types\/product"}],"replies":[{"embeddable":true,"href":"https:\/\/www.strasser.co.at\/de\/wp-json\/wp\/v2\/comments?post=17858"}],"wp:featuredmedia":[{"embeddable":true,"href":"https:\/\/www.strasser.co.at\/de\/wp-json\/wp\/v2\/media\/17863"}],"wp:attachment":[{"href":"https:\/\/www.strasser.co.at\/de\/wp-json\/wp\/v2\/media?parent=17858"}],"wp:term":[{"taxonomy":"product_cat","embeddable":true,"href":"https:\/\/www.strasser.co.at\/de\/wp-json\/wp\/v2\/product_cat?post=17858"},{"taxonomy":"product_tag","embeddable":true,"href":"https:\/\/www.strasser.co.at\/de\/wp-json\/wp\/v2\/product_tag?post=17858"}],"curies":[{"name":"wp","href":"https:\/\/api.w.org\/{rel}","templated":true}]}}