{"id":17954,"date":"2022-01-31T14:52:25","date_gmt":"2022-01-31T13:52:25","guid":{"rendered":"https:\/\/www.strasser.co.at\/?post_type=product&#038;p=17954"},"modified":"2023-08-02T16:10:11","modified_gmt":"2023-08-02T14:10:11","slug":"henkovac-vakuummaschine-t7","status":"publish","type":"product","link":"https:\/\/www.strasser.co.at\/de\/produkt\/henkovac-vakuummaschine-t7\/","title":{"rendered":"Henkovac Vakuummaschine T7"},"content":{"rendered":"<p>Tischmodell mit hochwertiger 42m\u00b3 Busch Vakuumpumpe<br \/>\nweitgehend massiv aus Edelstahl rostfrei<br \/>\nhoch bruchfester transparenter, gew\u00f6lbter Deckel<br \/>\nProdukth\u00f6he: 220 mm<br \/>\nSchwei\u00dfl\u00e4ngen: 2 x 500 mm<br \/>\nMaschinenabmessung: 710 x 660 x 490 mm<br \/>\n10 Programme<br \/>\nR\u00fcckbegasung<br \/>\n230 V &#8211; 1 Ph. &#8211; 50 Hz<\/p>\n<p>&nbsp;<\/p>\n<p>&nbsp;<\/p>\n<p>&nbsp;<\/p>\n<p>&nbsp;<\/p>\n<div class=\"col-sm-offset-1 col-sm-5\">\n<div class=\"appointment__form-wrapper\">\n<form class=\"appointment__form\" role=\"form\" method=\"post\" name=\"express_request_form\"><\/form>\n<\/div>\n<\/div>\n","protected":false},"excerpt":{"rendered":"<p>Tischmodell mit hochwertiger 42m\u00b3 Busch Vakuumpumpe weitgehend massiv aus Edelstahl rostfrei hoch bruchfester transparenter, gew\u00f6lbter Deckel Produkth\u00f6he: 220 mm Schwei\u00dfl\u00e4ngen: 2 x 500 mm Maschinenabmessung: 710 x 660 x 490 mm 10 Programme R\u00fcckbegasung 230 V &#8211; 1 Ph. &#8211; 50 Hz &nbsp; &nbsp; &nbsp; &nbsp;<\/p>\n","protected":false},"featured_media":17975,"comment_status":"open","ping_status":"closed","template":"","meta":{"_acf_changed":false,"_crsspst_to_strasser-maschinench":false,"inline_featured_image":false},"product_cat":[92],"product_tag":[],"class_list":{"0":"post-17954","1":"product","2":"type-product","3":"status-publish","4":"has-post-thumbnail","6":"product_cat-verkauft","8":"first","9":"instock","10":"taxable","11":"shipping-taxable","12":"product-type-simple"},"acf":[],"_links":{"self":[{"href":"https:\/\/www.strasser.co.at\/de\/wp-json\/wp\/v2\/product\/17954","targetHints":{"allow":["GET"]}}],"collection":[{"href":"https:\/\/www.strasser.co.at\/de\/wp-json\/wp\/v2\/product"}],"about":[{"href":"https:\/\/www.strasser.co.at\/de\/wp-json\/wp\/v2\/types\/product"}],"replies":[{"embeddable":true,"href":"https:\/\/www.strasser.co.at\/de\/wp-json\/wp\/v2\/comments?post=17954"}],"wp:featuredmedia":[{"embeddable":true,"href":"https:\/\/www.strasser.co.at\/de\/wp-json\/wp\/v2\/media\/17975"}],"wp:attachment":[{"href":"https:\/\/www.strasser.co.at\/de\/wp-json\/wp\/v2\/media?parent=17954"}],"wp:term":[{"taxonomy":"product_cat","embeddable":true,"href":"https:\/\/www.strasser.co.at\/de\/wp-json\/wp\/v2\/product_cat?post=17954"},{"taxonomy":"product_tag","embeddable":true,"href":"https:\/\/www.strasser.co.at\/de\/wp-json\/wp\/v2\/product_tag?post=17954"}],"curies":[{"name":"wp","href":"https:\/\/api.w.org\/{rel}","templated":true}]}}