{"id":18147,"date":"2022-02-11T10:53:03","date_gmt":"2022-02-11T09:53:03","guid":{"rendered":"https:\/\/www.strasser.co.at\/?post_type=product&#038;p=18147"},"modified":"2022-10-13T15:36:30","modified_gmt":"2022-10-13T13:36:30","slug":"kolbe-standsaege-k260","status":"publish","type":"product","link":"https:\/\/www.strasser.co.at\/de\/produkt\/kolbe-standsaege-k260\/","title":{"rendered":"VERKAUFT Kolbe Stands\u00e4ge K260"},"content":{"rendered":"<p>Baujahr 2016<br \/>\nStands\u00e4ge fahrbar<br \/>\nLeistung: 1,1 kW<br \/>\nNetzspannung: 3 PH x 400 VAC \/ N \/ PE<br \/>\nFrequenz: 50 Hz<br \/>\nSteuerspannung: 24 VDC<br \/>\nS\u00e4geband: 2170 x 16<br \/>\nAbmessungen: 579 x 705 x 1629 mm<br \/>\nSchnittseitendurchlass: max. 228 mm<br \/>\nSchnitth\u00f6hendurchlass: max. 252 mm<br \/>\nSchnitthub: max. 239 mm<\/p>\n<p>&#8211; fester Tisch<br \/>\n&#8211; Portionieranschlag<br \/>\n&#8211; Materialdr\u00fccker<br \/>\n&#8211; R\u00e4der rostfrei<br \/>\n&#8211; Druckknopfschaltung<br \/>\n&#8211; Motorbremse<br \/>\n&#8211; Motorschutz<br \/>\n&#8211; Anschlusskabel mit CEE-Phasenstecker<br \/>\n&#8211; 1 Bands\u00e4geblatt<\/p>\n","protected":false},"excerpt":{"rendered":"<p>Baujahr 2016 Stands\u00e4ge fahrbar Leistung: 1,1 kW Netzspannung: 3 PH x 400 VAC \/ N \/ PE Frequenz: 50 Hz Steuerspannung: 24 VDC S\u00e4geband: 2170 x 16 Abmessungen: 579 x 705 x 1629 mm Schnittseitendurchlass: max. 228 mm Schnitth\u00f6hendurchlass: max. 252 mm Schnitthub: max. 239 mm &#8211; fester Tisch &#8211; Portionieranschlag &#8211; Materialdr\u00fccker &#8211; R\u00e4der &#8230; <a title=\"VERKAUFT Kolbe Stands\u00e4ge K260\" class=\"read-more\" href=\"https:\/\/www.strasser.co.at\/de\/produkt\/kolbe-standsaege-k260\/\" aria-label=\"Mehr dazu unter VERKAUFT Kolbe Stands\u00e4ge K260\">Weiterlesen<\/a><\/p>\n","protected":false},"featured_media":18151,"comment_status":"open","ping_status":"closed","template":"","meta":{"_acf_changed":false,"_crsspst_to_strasser-maschinench":false,"inline_featured_image":false},"product_cat":[92],"product_tag":[],"class_list":{"0":"post-18147","1":"product","2":"type-product","3":"status-publish","4":"has-post-thumbnail","6":"product_cat-verkauft","8":"first","9":"instock","10":"taxable","11":"shipping-taxable","12":"purchasable","13":"product-type-simple"},"acf":[],"_links":{"self":[{"href":"https:\/\/www.strasser.co.at\/de\/wp-json\/wp\/v2\/product\/18147","targetHints":{"allow":["GET"]}}],"collection":[{"href":"https:\/\/www.strasser.co.at\/de\/wp-json\/wp\/v2\/product"}],"about":[{"href":"https:\/\/www.strasser.co.at\/de\/wp-json\/wp\/v2\/types\/product"}],"replies":[{"embeddable":true,"href":"https:\/\/www.strasser.co.at\/de\/wp-json\/wp\/v2\/comments?post=18147"}],"wp:featuredmedia":[{"embeddable":true,"href":"https:\/\/www.strasser.co.at\/de\/wp-json\/wp\/v2\/media\/18151"}],"wp:attachment":[{"href":"https:\/\/www.strasser.co.at\/de\/wp-json\/wp\/v2\/media?parent=18147"}],"wp:term":[{"taxonomy":"product_cat","embeddable":true,"href":"https:\/\/www.strasser.co.at\/de\/wp-json\/wp\/v2\/product_cat?post=18147"},{"taxonomy":"product_tag","embeddable":true,"href":"https:\/\/www.strasser.co.at\/de\/wp-json\/wp\/v2\/product_tag?post=18147"}],"curies":[{"name":"wp","href":"https:\/\/api.w.org\/{rel}","templated":true}]}}