{"id":18453,"date":"2022-03-04T07:15:41","date_gmt":"2022-03-04T06:15:41","guid":{"rendered":"https:\/\/www.strasser.co.at\/?post_type=product&#038;p=18453"},"modified":"2022-10-13T15:45:37","modified_gmt":"2022-10-13T13:45:37","slug":"seydelmann-kutter-k40-ac-8","status":"publish","type":"product","link":"https:\/\/www.strasser.co.at\/de\/produkt\/seydelmann-kutter-k40-ac-8\/","title":{"rendered":"VERKAUFT Seydelmann Kutter K40 AC-8"},"content":{"rendered":"<p>massiv aus Edelstahl rostfrei<br \/>\nSch\u00fcssel aus Edelstahl rostfrei<br \/>\nstufenlos programmierbare Schneidg\u00e4nge<br \/>\nMischg\u00e4nge vor- und r\u00fcckw\u00e4rts<br \/>\n2 Sch\u00fcsselgeschwindigkeiten<br \/>\nL\u00e4rmschutzdeckel<br \/>\ndigitale Anzeige Micro 13<br \/>\nSchaltschrank aus Edelstahl, separat<br \/>\ninkl. 6 Kuttermesser, mit Zubeh\u00f6r, gebraucht<\/p>\n","protected":false},"excerpt":{"rendered":"<p>massiv aus Edelstahl rostfrei Sch\u00fcssel aus Edelstahl rostfrei stufenlos programmierbare Schneidg\u00e4nge Mischg\u00e4nge vor- und r\u00fcckw\u00e4rts 2 Sch\u00fcsselgeschwindigkeiten L\u00e4rmschutzdeckel digitale Anzeige Micro 13 Schaltschrank aus Edelstahl, separat inkl. 6 Kuttermesser, mit Zubeh\u00f6r, gebraucht<\/p>\n","protected":false},"featured_media":18989,"comment_status":"open","ping_status":"closed","template":"","meta":{"_acf_changed":false,"_crsspst_to_strasser-maschinench":false,"inline_featured_image":false},"product_cat":[92],"product_tag":[],"class_list":{"0":"post-18453","1":"product","2":"type-product","3":"status-publish","4":"has-post-thumbnail","6":"product_cat-verkauft","8":"first","9":"instock","10":"taxable","11":"shipping-taxable","12":"product-type-simple"},"acf":[],"_links":{"self":[{"href":"https:\/\/www.strasser.co.at\/de\/wp-json\/wp\/v2\/product\/18453","targetHints":{"allow":["GET"]}}],"collection":[{"href":"https:\/\/www.strasser.co.at\/de\/wp-json\/wp\/v2\/product"}],"about":[{"href":"https:\/\/www.strasser.co.at\/de\/wp-json\/wp\/v2\/types\/product"}],"replies":[{"embeddable":true,"href":"https:\/\/www.strasser.co.at\/de\/wp-json\/wp\/v2\/comments?post=18453"}],"wp:featuredmedia":[{"embeddable":true,"href":"https:\/\/www.strasser.co.at\/de\/wp-json\/wp\/v2\/media\/18989"}],"wp:attachment":[{"href":"https:\/\/www.strasser.co.at\/de\/wp-json\/wp\/v2\/media?parent=18453"}],"wp:term":[{"taxonomy":"product_cat","embeddable":true,"href":"https:\/\/www.strasser.co.at\/de\/wp-json\/wp\/v2\/product_cat?post=18453"},{"taxonomy":"product_tag","embeddable":true,"href":"https:\/\/www.strasser.co.at\/de\/wp-json\/wp\/v2\/product_tag?post=18453"}],"curies":[{"name":"wp","href":"https:\/\/api.w.org\/{rel}","templated":true}]}}