{"id":18709,"date":"2022-03-23T11:30:37","date_gmt":"2022-03-23T10:30:37","guid":{"rendered":"https:\/\/www.strasser.co.at\/?post_type=product&#038;p=18709"},"modified":"2022-10-13T15:45:11","modified_gmt":"2022-10-13T13:45:11","slug":"frey-vak-fueller-f-line-f55","status":"publish","type":"product","link":"https:\/\/www.strasser.co.at\/de\/produkt\/frey-vak-fueller-f-line-f55\/","title":{"rendered":"VERKAUFT Frey Vak. F\u00fcller F-Line F55"},"content":{"rendered":"<p>MNr. F550081639<br \/>\nvollelektronische, kontinuierliche Vakuumf\u00fcllmaschine<br \/>\nzum GERADEAUSF\u00dcLLEN, PORTIONIEREN und<br \/>\nABDREHEN mit HALTEVORRICHTUNG<br \/>\nF\u00fcllleistung bis ca. 2.300 kg \/ Std.<br \/>\nMaschinengeh\u00e4use und F\u00fclltrichter komplett<br \/>\naus Edelstahl<br \/>\nSpeicher f\u00fcr F\u00fcllprogramme<br \/>\nGesamtanschlusswert: 400 V, 50 Hz, 4,2 kW<br \/>\nmit DHGA<br \/>\nmit Zubeh\u00f6r, div. F\u00fcllrohren<br \/>\nCE-Konform<\/p>\n","protected":false},"excerpt":{"rendered":"<p>MNr. F550081639 vollelektronische, kontinuierliche Vakuumf\u00fcllmaschine zum GERADEAUSF\u00dcLLEN, PORTIONIEREN und ABDREHEN mit HALTEVORRICHTUNG F\u00fcllleistung bis ca. 2.300 kg \/ Std. Maschinengeh\u00e4use und F\u00fclltrichter komplett aus Edelstahl Speicher f\u00fcr F\u00fcllprogramme Gesamtanschlusswert: 400 V, 50 Hz, 4,2 kW mit DHGA mit Zubeh\u00f6r, div. F\u00fcllrohren CE-Konform<\/p>\n","protected":false},"featured_media":0,"comment_status":"open","ping_status":"closed","template":"","meta":{"_acf_changed":false,"_crsspst_to_strasser-maschinench":false,"inline_featured_image":false},"product_cat":[92],"product_tag":[],"class_list":{"0":"post-18709","1":"product","2":"type-product","3":"status-publish","5":"product_cat-verkauft","7":"first","8":"instock","9":"taxable","10":"shipping-taxable","11":"product-type-simple"},"acf":[],"_links":{"self":[{"href":"https:\/\/www.strasser.co.at\/de\/wp-json\/wp\/v2\/product\/18709","targetHints":{"allow":["GET"]}}],"collection":[{"href":"https:\/\/www.strasser.co.at\/de\/wp-json\/wp\/v2\/product"}],"about":[{"href":"https:\/\/www.strasser.co.at\/de\/wp-json\/wp\/v2\/types\/product"}],"replies":[{"embeddable":true,"href":"https:\/\/www.strasser.co.at\/de\/wp-json\/wp\/v2\/comments?post=18709"}],"wp:attachment":[{"href":"https:\/\/www.strasser.co.at\/de\/wp-json\/wp\/v2\/media?parent=18709"}],"wp:term":[{"taxonomy":"product_cat","embeddable":true,"href":"https:\/\/www.strasser.co.at\/de\/wp-json\/wp\/v2\/product_cat?post=18709"},{"taxonomy":"product_tag","embeddable":true,"href":"https:\/\/www.strasser.co.at\/de\/wp-json\/wp\/v2\/product_tag?post=18709"}],"curies":[{"name":"wp","href":"https:\/\/api.w.org\/{rel}","templated":true}]}}