{"id":18894,"date":"2022-04-05T12:08:54","date_gmt":"2022-04-05T10:08:54","guid":{"rendered":"https:\/\/www.strasser.co.at\/?post_type=product&#038;p=18894"},"modified":"2024-07-08T13:47:19","modified_gmt":"2024-07-08T11:47:19","slug":"seydelmann-wolfautomat-au200-b","status":"publish","type":"product","link":"https:\/\/www.strasser.co.at\/de\/produkt\/seydelmann-wolfautomat-au200-b\/","title":{"rendered":"VERKAUFT: Seydelmann Winkelwolf AU200 B"},"content":{"rendered":"<p>massiv aus Edelstahl rostfrei<br \/>\n2-tourige Arbeitsschnecke<br \/>\n3-tourige Zubringerschnecke<br \/>\n&#8211; mit 200 mm Lochscheibendurchmesser<br \/>\n&#8211; Drehstrommotor IP 55 vollkommen geschlossen<br \/>\nca. 34\/52 kW-Leistung- 8\/4 polig<br \/>\n&#8211; 2-fache abgestufte thermische \u00dcberlastkontrolle<br \/>\n&#8211; 1. Impuls reduziert Zubringerdrehzahl<br \/>\n&#8211; 2. Impuls schaltet Hauptmotor ab<br \/>\n&#8211; Schaltschrank eingebaut f\u00fcr 230 V Steuerstrom<br \/>\n&#8211; Antrieb f\u00fcr 400 Volt, 3 Phasen, 50 Hz<br \/>\n&#8211; ca. 400 Liter Trichter<br \/>\n&#8211; Schaltwippe an der Trichteroberkante<br \/>\n&#8211; Auslaufhandschutz elektrisch verriegelt<br \/>\n&#8211; eingebaute Beladung f\u00fcr BW 200 L<br \/>\n&#8211; weite konische Zubringerschnecke rostfrei,<br \/>\nrechtwinkelig zur Arbeitsschnecke<br \/>\n&#8211; Zubringermotor ca. 3 kW, 3-tourig, separat schaltbar<br \/>\n&#8211; Schneckengeh\u00e4use massiv rostfrei<br \/>\nmit geh\u00e4rteten Lauffl\u00e4chen<br \/>\n&#8211; Sicherheitsauftritt und Erh\u00f6hungsf\u00fc\u00dfe<br \/>\n&#8211; Maschinenst\u00e4nder unten geschlossen<br \/>\n&#8211; Unterfahrh\u00f6he f\u00fcr 300 Liter Normwagen<br \/>\n(kann bei Bedarf auf 200 L umgetauscht werden)<br \/>\n&#8211; Blockierschutz mit Leistungsschalter<br \/>\n&#8211; kompletter Schneidsatz, gebraucht<\/p>\n","protected":false},"excerpt":{"rendered":"<p>massiv aus Edelstahl rostfrei 2-tourige Arbeitsschnecke 3-tourige Zubringerschnecke &#8211; mit 200 mm Lochscheibendurchmesser &#8211; Drehstrommotor IP 55 vollkommen geschlossen ca. 34\/52 kW-Leistung- 8\/4 polig &#8211; 2-fache abgestufte thermische \u00dcberlastkontrolle &#8211; 1. Impuls reduziert Zubringerdrehzahl &#8211; 2. Impuls schaltet Hauptmotor ab &#8211; Schaltschrank eingebaut f\u00fcr 230 V Steuerstrom &#8211; Antrieb f\u00fcr 400 Volt, 3 Phasen, 50 &#8230; <a title=\"VERKAUFT: Seydelmann Winkelwolf AU200 B\" class=\"read-more\" href=\"https:\/\/www.strasser.co.at\/de\/produkt\/seydelmann-wolfautomat-au200-b\/\" aria-label=\"Mehr dazu unter VERKAUFT: Seydelmann Winkelwolf AU200 B\">Weiterlesen<\/a><\/p>\n","protected":false},"featured_media":18900,"comment_status":"open","ping_status":"closed","template":"","meta":{"_acf_changed":false,"_crsspst_to_strasser-maschinench":true,"inline_featured_image":false},"product_cat":[92],"product_tag":[],"class_list":{"0":"post-18894","1":"product","2":"type-product","3":"status-publish","4":"has-post-thumbnail","6":"product_cat-verkauft","8":"first","9":"instock","10":"taxable","11":"shipping-taxable","12":"product-type-simple"},"acf":[],"_links":{"self":[{"href":"https:\/\/www.strasser.co.at\/de\/wp-json\/wp\/v2\/product\/18894","targetHints":{"allow":["GET"]}}],"collection":[{"href":"https:\/\/www.strasser.co.at\/de\/wp-json\/wp\/v2\/product"}],"about":[{"href":"https:\/\/www.strasser.co.at\/de\/wp-json\/wp\/v2\/types\/product"}],"replies":[{"embeddable":true,"href":"https:\/\/www.strasser.co.at\/de\/wp-json\/wp\/v2\/comments?post=18894"}],"wp:featuredmedia":[{"embeddable":true,"href":"https:\/\/www.strasser.co.at\/de\/wp-json\/wp\/v2\/media\/18900"}],"wp:attachment":[{"href":"https:\/\/www.strasser.co.at\/de\/wp-json\/wp\/v2\/media?parent=18894"}],"wp:term":[{"taxonomy":"product_cat","embeddable":true,"href":"https:\/\/www.strasser.co.at\/de\/wp-json\/wp\/v2\/product_cat?post=18894"},{"taxonomy":"product_tag","embeddable":true,"href":"https:\/\/www.strasser.co.at\/de\/wp-json\/wp\/v2\/product_tag?post=18894"}],"curies":[{"name":"wp","href":"https:\/\/api.w.org\/{rel}","templated":true}]}}