{"id":19014,"date":"2022-04-08T08:40:39","date_gmt":"2022-04-08T06:40:39","guid":{"rendered":"https:\/\/www.strasser.co.at\/?post_type=product&#038;p=19014"},"modified":"2022-10-13T15:45:28","modified_gmt":"2022-10-13T13:45:28","slug":"kilia-kutter-30l","status":"publish","type":"product","link":"https:\/\/www.strasser.co.at\/de\/produkt\/kilia-kutter-30l\/","title":{"rendered":"VERKAUFT Kilia Kutter 30L"},"content":{"rendered":"<p>Au\u00dfenfront aus Edelstahl rostfrei<br \/>\nSch\u00fcssel rostfrei<br \/>\nL\u00e4rmschutzdeckel und Hauptdeckel, handbet\u00e4tigt<br \/>\n2 Messergeschwindigkeiten<br \/>\n2 Sch\u00fcsselgeschwindigkeiten<br \/>\n2 Mischg\u00e4nge, r\u00fcckw\u00e4rts<br \/>\n2 Mischg\u00e4nge, vorw\u00e4rts<br \/>\ndigitale Anzeige f\u00fcr die Temperatur<br \/>\n6 Kuttermesser gebraucht, mit Zubeh\u00f6r<\/p>\n","protected":false},"excerpt":{"rendered":"<p>Au\u00dfenfront aus Edelstahl rostfrei Sch\u00fcssel rostfrei L\u00e4rmschutzdeckel und Hauptdeckel, handbet\u00e4tigt 2 Messergeschwindigkeiten 2 Sch\u00fcsselgeschwindigkeiten 2 Mischg\u00e4nge, r\u00fcckw\u00e4rts 2 Mischg\u00e4nge, vorw\u00e4rts digitale Anzeige f\u00fcr die Temperatur 6 Kuttermesser gebraucht, mit Zubeh\u00f6r<\/p>\n","protected":false},"featured_media":19020,"comment_status":"open","ping_status":"closed","template":"","meta":{"_acf_changed":false,"_crsspst_to_strasser-maschinench":false,"inline_featured_image":false},"product_cat":[92],"product_tag":[],"class_list":{"0":"post-19014","1":"product","2":"type-product","3":"status-publish","4":"has-post-thumbnail","6":"product_cat-verkauft","8":"first","9":"instock","10":"taxable","11":"shipping-taxable","12":"product-type-simple"},"acf":[],"_links":{"self":[{"href":"https:\/\/www.strasser.co.at\/de\/wp-json\/wp\/v2\/product\/19014","targetHints":{"allow":["GET"]}}],"collection":[{"href":"https:\/\/www.strasser.co.at\/de\/wp-json\/wp\/v2\/product"}],"about":[{"href":"https:\/\/www.strasser.co.at\/de\/wp-json\/wp\/v2\/types\/product"}],"replies":[{"embeddable":true,"href":"https:\/\/www.strasser.co.at\/de\/wp-json\/wp\/v2\/comments?post=19014"}],"wp:featuredmedia":[{"embeddable":true,"href":"https:\/\/www.strasser.co.at\/de\/wp-json\/wp\/v2\/media\/19020"}],"wp:attachment":[{"href":"https:\/\/www.strasser.co.at\/de\/wp-json\/wp\/v2\/media?parent=19014"}],"wp:term":[{"taxonomy":"product_cat","embeddable":true,"href":"https:\/\/www.strasser.co.at\/de\/wp-json\/wp\/v2\/product_cat?post=19014"},{"taxonomy":"product_tag","embeddable":true,"href":"https:\/\/www.strasser.co.at\/de\/wp-json\/wp\/v2\/product_tag?post=19014"}],"curies":[{"name":"wp","href":"https:\/\/api.w.org\/{rel}","templated":true}]}}