{"id":19145,"date":"2022-04-22T11:27:02","date_gmt":"2022-04-22T09:27:02","guid":{"rendered":"https:\/\/www.strasser.co.at\/?post_type=product&#038;p=19145"},"modified":"2023-06-22T12:55:59","modified_gmt":"2023-06-22T10:55:59","slug":"broekelmann-glyzerin-kochkessel-120-l","status":"publish","type":"product","link":"https:\/\/www.strasser.co.at\/de\/produkt\/broekelmann-glyzerin-kochkessel-120-l\/","title":{"rendered":"VERKAUFT: Br\u00f6kelmann Glyzerin Kochkessel 120 L"},"content":{"rendered":"<p>Beistellkessel aus Edelstahl<br \/>\nBaujahr 2020<br \/>\nInhalt: 120 L<br \/>\nDoppelwandig mit Glyzerinf\u00fcllung<br \/>\nmit losem Deckel<br \/>\nmit thermostatisch geregeltem Rohrheizk\u00f6rper<br \/>\nAbla\u00dfhahn<br \/>\nsteckerfertige Ausf\u00fchrung<br \/>\nel. Leistung 9 kW (400V\/50Hz)<\/p>\n","protected":false},"excerpt":{"rendered":"<p>Beistellkessel aus Edelstahl Baujahr 2020 Inhalt: 120 L Doppelwandig mit Glyzerinf\u00fcllung mit losem Deckel mit thermostatisch geregeltem Rohrheizk\u00f6rper Abla\u00dfhahn steckerfertige Ausf\u00fchrung el. Leistung 9 kW (400V\/50Hz)<\/p>\n","protected":false},"featured_media":19161,"comment_status":"open","ping_status":"closed","template":"","meta":{"_acf_changed":false,"_crsspst_to_strasser-maschinench":false,"inline_featured_image":false},"product_cat":[92],"product_tag":[],"class_list":{"0":"post-19145","1":"product","2":"type-product","3":"status-publish","4":"has-post-thumbnail","6":"product_cat-verkauft","8":"first","9":"instock","10":"taxable","11":"shipping-taxable","12":"product-type-simple"},"acf":[],"_links":{"self":[{"href":"https:\/\/www.strasser.co.at\/de\/wp-json\/wp\/v2\/product\/19145","targetHints":{"allow":["GET"]}}],"collection":[{"href":"https:\/\/www.strasser.co.at\/de\/wp-json\/wp\/v2\/product"}],"about":[{"href":"https:\/\/www.strasser.co.at\/de\/wp-json\/wp\/v2\/types\/product"}],"replies":[{"embeddable":true,"href":"https:\/\/www.strasser.co.at\/de\/wp-json\/wp\/v2\/comments?post=19145"}],"wp:featuredmedia":[{"embeddable":true,"href":"https:\/\/www.strasser.co.at\/de\/wp-json\/wp\/v2\/media\/19161"}],"wp:attachment":[{"href":"https:\/\/www.strasser.co.at\/de\/wp-json\/wp\/v2\/media?parent=19145"}],"wp:term":[{"taxonomy":"product_cat","embeddable":true,"href":"https:\/\/www.strasser.co.at\/de\/wp-json\/wp\/v2\/product_cat?post=19145"},{"taxonomy":"product_tag","embeddable":true,"href":"https:\/\/www.strasser.co.at\/de\/wp-json\/wp\/v2\/product_tag?post=19145"}],"curies":[{"name":"wp","href":"https:\/\/api.w.org\/{rel}","templated":true}]}}