{"id":19177,"date":"2022-04-25T10:31:37","date_gmt":"2022-04-25T08:31:37","guid":{"rendered":"https:\/\/www.strasser.co.at\/?post_type=product&#038;p=19177"},"modified":"2022-10-12T14:53:59","modified_gmt":"2022-10-12T12:53:59","slug":"korimat-autoklav-ka160-120l","status":"publish","type":"product","link":"https:\/\/www.strasser.co.at\/de\/produkt\/korimat-autoklav-ka160-120l\/","title":{"rendered":"VERKAUFT Korimat Autoklav KA160 \/ 120L"},"content":{"rendered":"<p>Baujahr 2022<br \/>\nkomplett rostfrei<br \/>\nKessel zum Sterilisieren von Dosen und Gl\u00e4sern,<br \/>\nauch ideal zum Kochen, D\u00e4mpfen und Garen<br \/>\nSicherheitsschnellverschluss<br \/>\nUnmittelbar wirkende Elektro-Heizung<br \/>\nHervorragende und damit energiesparende Rundumisolierung<br \/>\nKlassische Mikroprozessorsteuerung mit Programmspeicher<br \/>\nmit R\u00e4dern<br \/>\nVielf\u00e4ltige Steuerungsm\u00f6glichkeiten durch Vorgabe von:<br \/>\n&#8211; Kesseltemperatur<br \/>\n&#8211; Kochzeit<br \/>\n&#8211; Vorwahlzeit<br \/>\n&#8211; Kerntemperatur<br \/>\n&#8211; F-Wert<br \/>\n&#8211; Deltakochung<br \/>\ninkl. Einsatzkorb KA 160 1\/3<br \/>\ninkl. Bodenblech KA 160<br \/>\ninkl. Zwischenlage KA 160<\/p>\n<div class=\"col-sm-offset-1 col-sm-5\">\n<div class=\"appointment__form-wrapper\">\n<form class=\"appointment__form\" role=\"form\" method=\"post\" name=\"express_request_form\"><\/form>\n<\/div>\n<\/div>\n","protected":false},"excerpt":{"rendered":"<p>Baujahr 2022 komplett rostfrei Kessel zum Sterilisieren von Dosen und Gl\u00e4sern, auch ideal zum Kochen, D\u00e4mpfen und Garen Sicherheitsschnellverschluss Unmittelbar wirkende Elektro-Heizung Hervorragende und damit energiesparende Rundumisolierung Klassische Mikroprozessorsteuerung mit Programmspeicher mit R\u00e4dern Vielf\u00e4ltige Steuerungsm\u00f6glichkeiten durch Vorgabe von: &#8211; Kesseltemperatur &#8211; Kochzeit &#8211; Vorwahlzeit &#8211; Kerntemperatur &#8211; F-Wert &#8211; Deltakochung inkl. Einsatzkorb KA 160 1\/3 &#8230; <a title=\"VERKAUFT Korimat Autoklav KA160 \/ 120L\" class=\"read-more\" href=\"https:\/\/www.strasser.co.at\/de\/produkt\/korimat-autoklav-ka160-120l\/\" aria-label=\"Mehr dazu unter VERKAUFT Korimat Autoklav KA160 \/ 120L\">Weiterlesen<\/a><\/p>\n","protected":false},"featured_media":19183,"comment_status":"open","ping_status":"closed","template":"","meta":{"_acf_changed":false,"_crsspst_to_strasser-maschinench":false,"inline_featured_image":false},"product_cat":[92],"product_tag":[],"class_list":{"0":"post-19177","1":"product","2":"type-product","3":"status-publish","4":"has-post-thumbnail","6":"product_cat-verkauft","8":"first","9":"instock","10":"taxable","11":"shipping-taxable","12":"product-type-simple"},"acf":[],"_links":{"self":[{"href":"https:\/\/www.strasser.co.at\/de\/wp-json\/wp\/v2\/product\/19177","targetHints":{"allow":["GET"]}}],"collection":[{"href":"https:\/\/www.strasser.co.at\/de\/wp-json\/wp\/v2\/product"}],"about":[{"href":"https:\/\/www.strasser.co.at\/de\/wp-json\/wp\/v2\/types\/product"}],"replies":[{"embeddable":true,"href":"https:\/\/www.strasser.co.at\/de\/wp-json\/wp\/v2\/comments?post=19177"}],"wp:featuredmedia":[{"embeddable":true,"href":"https:\/\/www.strasser.co.at\/de\/wp-json\/wp\/v2\/media\/19183"}],"wp:attachment":[{"href":"https:\/\/www.strasser.co.at\/de\/wp-json\/wp\/v2\/media?parent=19177"}],"wp:term":[{"taxonomy":"product_cat","embeddable":true,"href":"https:\/\/www.strasser.co.at\/de\/wp-json\/wp\/v2\/product_cat?post=19177"},{"taxonomy":"product_tag","embeddable":true,"href":"https:\/\/www.strasser.co.at\/de\/wp-json\/wp\/v2\/product_tag?post=19177"}],"curies":[{"name":"wp","href":"https:\/\/api.w.org\/{rel}","templated":true}]}}