{"id":19306,"date":"2022-05-04T08:15:09","date_gmt":"2022-05-04T06:15:09","guid":{"rendered":"https:\/\/www.strasser.co.at\/?post_type=product&#038;p=19306"},"modified":"2024-02-27T10:28:44","modified_gmt":"2024-02-27T09:28:44","slug":"bastra-rauchanlage-1200-c","status":"publish","type":"product","link":"https:\/\/www.strasser.co.at\/de\/produkt\/bastra-rauchanlage-1200-c\/","title":{"rendered":"Bastramat 1200 C"},"content":{"rendered":"<p>Baujahr 2014<\/p>\n<p>Das BASTRAMAT-System<br \/>\nIntelligente Koch- und R\u00e4uchertechnik<br \/>\nim Einklang mit der Umwelt. Umweltfreundlich,<br \/>\nenergiesparend und zukunftsorientiert.<\/p>\n<p>Die vielseitigen Anwendungsbereiche wie<br \/>\nHei\u00dfr\u00e4uchern, Warmr\u00e4uchern, Kaltr\u00e4uchern,<br \/>\nFeuchtr\u00e4uchern, Intensivr\u00e4uchern, Schnellr\u00e4uchern,<br \/>\nR\u00f6ten, Trocknen, Schwitzen, Br\u00fchen, D\u00e4mpfen,<br \/>\nGaren, Kochen, Hei\u00dfluftgaren, Halbkonservieren, Backen,<br \/>\nBraten und Auftauen gew\u00e4hrleisten den universellen Einsatz<br \/>\ndieser Anlagen.<\/p>\n<p>BASTRAMAT Modellreihe 1200 C<\/p>\n<p>mit Reiberaucherzeuger, angebaut (650 RR)<br \/>\nmit Druckluftbefeuchtung<br \/>\nmit Druckluftschaumreinigung<br \/>\nmit psychrometrischer Feuchteregelung und<br \/>\nFrischluftautomatik<br \/>\nmit Programmsteuerung GPTec 500<\/p>\n<p>Nutzrauminhalt: 1700 ltr<br \/>\nFassungsverm\u00f6gen: 60 &#8211; 220 kg je nach Kaliber<br \/>\nund Art der Ware<br \/>\nBeheizung: Elektro<br \/>\nAnschlusswert: 22,8 kW<\/p>\n<p>&nbsp;<\/p>\n<div class=\"col-sm-offset-1 col-sm-5\">\n<div class=\"appointment__form-wrapper\">\n<form class=\"appointment__form\" role=\"form\" method=\"post\" name=\"express_request_form\"><\/form>\n<\/div>\n<\/div>\n","protected":false},"excerpt":{"rendered":"<p>Baujahr 2014 Das BASTRAMAT-System Intelligente Koch- und R\u00e4uchertechnik im Einklang mit der Umwelt. Umweltfreundlich, energiesparend und zukunftsorientiert. Die vielseitigen Anwendungsbereiche wie Hei\u00dfr\u00e4uchern, Warmr\u00e4uchern, Kaltr\u00e4uchern, Feuchtr\u00e4uchern, Intensivr\u00e4uchern, Schnellr\u00e4uchern, R\u00f6ten, Trocknen, Schwitzen, Br\u00fchen, D\u00e4mpfen, Garen, Kochen, Hei\u00dfluftgaren, Halbkonservieren, Backen, Braten und Auftauen gew\u00e4hrleisten den universellen Einsatz dieser Anlagen. BASTRAMAT Modellreihe 1200 C mit Reiberaucherzeuger, angebaut (650 RR) &#8230; <a title=\"Bastramat 1200 C\" class=\"read-more\" href=\"https:\/\/www.strasser.co.at\/de\/produkt\/bastra-rauchanlage-1200-c\/\" aria-label=\"Mehr dazu unter Bastramat 1200 C\">Weiterlesen<\/a><\/p>\n","protected":false},"featured_media":21520,"comment_status":"open","ping_status":"closed","template":"","meta":{"_acf_changed":false,"_crsspst_to_strasser-maschinench":true,"inline_featured_image":false},"product_cat":[428],"product_tag":[],"class_list":{"0":"post-19306","1":"product","2":"type-product","3":"status-publish","4":"has-post-thumbnail","6":"product_cat-rauchanlagen","8":"first","9":"instock","10":"taxable","11":"shipping-taxable","12":"product-type-simple"},"acf":[],"_links":{"self":[{"href":"https:\/\/www.strasser.co.at\/de\/wp-json\/wp\/v2\/product\/19306","targetHints":{"allow":["GET"]}}],"collection":[{"href":"https:\/\/www.strasser.co.at\/de\/wp-json\/wp\/v2\/product"}],"about":[{"href":"https:\/\/www.strasser.co.at\/de\/wp-json\/wp\/v2\/types\/product"}],"replies":[{"embeddable":true,"href":"https:\/\/www.strasser.co.at\/de\/wp-json\/wp\/v2\/comments?post=19306"}],"wp:featuredmedia":[{"embeddable":true,"href":"https:\/\/www.strasser.co.at\/de\/wp-json\/wp\/v2\/media\/21520"}],"wp:attachment":[{"href":"https:\/\/www.strasser.co.at\/de\/wp-json\/wp\/v2\/media?parent=19306"}],"wp:term":[{"taxonomy":"product_cat","embeddable":true,"href":"https:\/\/www.strasser.co.at\/de\/wp-json\/wp\/v2\/product_cat?post=19306"},{"taxonomy":"product_tag","embeddable":true,"href":"https:\/\/www.strasser.co.at\/de\/wp-json\/wp\/v2\/product_tag?post=19306"}],"curies":[{"name":"wp","href":"https:\/\/api.w.org\/{rel}","templated":true}]}}