{"id":19467,"date":"2022-05-16T11:30:44","date_gmt":"2022-05-16T09:30:44","guid":{"rendered":"https:\/\/www.strasser.co.at\/?post_type=product&#038;p=19467"},"modified":"2024-04-04T08:41:04","modified_gmt":"2024-04-04T06:41:04","slug":"korimat","status":"publish","type":"product","link":"https:\/\/www.strasser.co.at\/de\/produkt\/korimat\/","title":{"rendered":"Korimat"},"content":{"rendered":"<p><strong>\u00dcber 60 Unternehmensjahre und die st\u00e4ndig innovative Weiterentwicklung der KORIMAT-Autoklaven, machen diese zu bew\u00e4hrten Ger\u00e4ten f\u00fcr die Lebensmittelkonservierung. Seit 2014 steht das Unternehmen unter der Leitung von G\u00fcnter Specht und Daniela Kronenburg.<\/strong><\/p>\n<p>Mit Vertriebspartnern weltweit und einem engagierten Team von hochqualifizierten Mitarbeitern konnten sich die KORIMAT-Autoklaven in den letzten Jahrzehnten international etablieren.<\/p>\n<p><strong>Der KORIMAT-Kessel-Autoklav, ist seit \u00fcber 60 Jahren erfolgreich in Metzgereien und Gro\u00dfk\u00fcchen im Einsatz, und bietet viele M\u00f6glichkeiten:<\/strong><\/p>\n<ul>\n<li>als Autoklav zum Sterilisieren mit Kerntemperaturmessung und F-Wert-Ermittlung<\/li>\n<li>als Druckschnellkochkessel zum Kochen von Fleisch, Gem\u00fcse, Suppen und Fertiggerichten<\/li>\n<li>selbstverst\u00e4ndlich ist der KORIMAT auch als ganz normaler Kochkessel einsetzbar<\/li>\n<\/ul>\n<p>Die KORIMAT-Kessel-Autoklaven werden in drei verschiedenen Gr\u00f6\u00dfen gefertigt.<\/p>\n<ul>\n<li>KORIMAT KA 160<\/li>\n<li>KORIMAT KA 240<\/li>\n<li>KORIMAT KA 380<\/li>\n<\/ul>\n<p>F\u00fcr Ihr individuelles Angebot nehmen Sie gerne direkt mit uns <a href=\"https:\/\/2c342aae-e94b-481e-aca9-de530b3b6ed6.h3.conves.io\/de\/kontakt\" target=\"_blank\" rel=\"noopener\">Kontakt <\/a>auf.<\/p>\n<p><a href=\"https:\/\/korimat-gmbh.de\/\" target=\"_blank\" rel=\"noopener\">Link<\/a> zum Lieferanten.<\/p>\n","protected":false},"excerpt":{"rendered":"<p>Kessel zum Sterilisieren und zum Kochen<\/p>\n","protected":false},"featured_media":19473,"comment_status":"open","ping_status":"closed","template":"","meta":{"_acf_changed":false,"_crsspst_to_strasser-maschinench":true,"inline_featured_image":false},"product_cat":[62],"product_tag":[],"class_list":{"0":"post-19467","1":"product","2":"type-product","3":"status-publish","4":"has-post-thumbnail","6":"product_cat-neumaschinen","8":"first","9":"instock","10":"taxable","11":"shipping-taxable","12":"product-type-simple"},"acf":[],"_links":{"self":[{"href":"https:\/\/www.strasser.co.at\/de\/wp-json\/wp\/v2\/product\/19467","targetHints":{"allow":["GET"]}}],"collection":[{"href":"https:\/\/www.strasser.co.at\/de\/wp-json\/wp\/v2\/product"}],"about":[{"href":"https:\/\/www.strasser.co.at\/de\/wp-json\/wp\/v2\/types\/product"}],"replies":[{"embeddable":true,"href":"https:\/\/www.strasser.co.at\/de\/wp-json\/wp\/v2\/comments?post=19467"}],"wp:featuredmedia":[{"embeddable":true,"href":"https:\/\/www.strasser.co.at\/de\/wp-json\/wp\/v2\/media\/19473"}],"wp:attachment":[{"href":"https:\/\/www.strasser.co.at\/de\/wp-json\/wp\/v2\/media?parent=19467"}],"wp:term":[{"taxonomy":"product_cat","embeddable":true,"href":"https:\/\/www.strasser.co.at\/de\/wp-json\/wp\/v2\/product_cat?post=19467"},{"taxonomy":"product_tag","embeddable":true,"href":"https:\/\/www.strasser.co.at\/de\/wp-json\/wp\/v2\/product_tag?post=19467"}],"curies":[{"name":"wp","href":"https:\/\/api.w.org\/{rel}","templated":true}]}}