{"id":19477,"date":"2022-05-16T11:55:32","date_gmt":"2022-05-16T09:55:32","guid":{"rendered":"https:\/\/www.strasser.co.at\/?post_type=product&#038;p=19477"},"modified":"2025-10-22T07:54:54","modified_gmt":"2025-10-22T05:54:54","slug":"gaser","status":"publish","type":"product","link":"https:\/\/www.strasser.co.at\/de\/produkt\/gaser\/","title":{"rendered":"Gaser"},"content":{"rendered":"<p>INDUSTRIAS GASER SL wurde 1969 in Girona von Narc\u00eds Garganta gegr\u00fcndet und widmete sich zun\u00e4chst dem industriellen Bau von Edelstahlkarosserien f\u00fcr verschiedene Industriesektoren.\u00a0 1985 trat das Unternehmen in den Maschinenmarkt f\u00fcr die Lebensmittelindustrie ein und begann mit der Fertigung von kleinen Maschinen f\u00fcr die Herstellung von Hamburgern. Seitdem haben sie kontinuierlich neue Maschinen entwickelt, um L\u00f6sungen anzubieten, die den Bed\u00fcrfnissen der Kunden entsprechen.<\/p>\n<p><strong>INDUSTRIAS GASER SL<\/strong> ist nach wie vor ein expandierendes Familienunternehmen und wird bereits in zweiter Generation gef\u00fchrt. Mit seiner Pr\u00e4senz auf f\u00fcnf Kontinenten ist das Unternehmen seiner Devise \u201edie einfachste, effektivste und preiswerteste Technik zu bieten\u201c stets treu geblieben.<\/p>\n<p>&nbsp;<\/p>\n<p><strong>PANIERMASCHINEN<\/strong><\/p>\n<p>Gaser kann eine breite Palette an Paniermaschinen, vom Tischmodell bis zum Spitzenmodell mit einer Nutzbreite von 350 mm anbieten. Dabei kann durch die kleinen, effizienten Maschinen sehr wirtschaftlich gearbeitet werden und beim automatischen Panieren der Produkte, kann eine hohe Gleichm\u00e4\u00dfigkeit erreicht werden.<\/p>\n<p>&nbsp;<\/p>\n<p><strong>SPIESSMASCHINEN<\/strong><\/p>\n<p>Diese vollautomatischen, elektrisch und pneumatisch betriebene Maschine dienen zur Herstellung von Spie\u00dfen mit einer Produktion von maximal 1500 St\u00fcck pro Stunde. Die Spie\u00dfe k\u00f6nnen je nach Produkt und L\u00e4nge, individuelle adaptiert werden.<\/p>\n<p>F\u00fcr Ihr individuelles Angebot nehmen Sie gerne direkt mit uns <a href=\"https:\/\/2c342aae-e94b-481e-aca9-de530b3b6ed6.h3.conves.io\/de\/kontakt\" target=\"_blank\" rel=\"noopener\">Kontakt <\/a>auf.<\/p>\n<p><a href=\"https:\/\/www.gaser.com\/de\/\" target=\"_blank\" rel=\"noopener\">Link<\/a> zum Lieferanten.<\/p>\n","protected":false},"excerpt":{"rendered":"<p>Paniermaschinen, Filetiermaschinen, Spie\u00dfmaschinen<\/p>\n","protected":false},"featured_media":29747,"comment_status":"open","ping_status":"closed","template":"","meta":{"_acf_changed":false,"_crsspst_to_strasser-maschinench":true,"inline_featured_image":false},"product_cat":[62],"product_tag":[],"class_list":{"0":"post-19477","1":"product","2":"type-product","3":"status-publish","4":"has-post-thumbnail","6":"product_cat-neumaschinen","8":"first","9":"instock","10":"taxable","11":"shipping-taxable","12":"product-type-simple"},"acf":[],"_links":{"self":[{"href":"https:\/\/www.strasser.co.at\/de\/wp-json\/wp\/v2\/product\/19477","targetHints":{"allow":["GET"]}}],"collection":[{"href":"https:\/\/www.strasser.co.at\/de\/wp-json\/wp\/v2\/product"}],"about":[{"href":"https:\/\/www.strasser.co.at\/de\/wp-json\/wp\/v2\/types\/product"}],"replies":[{"embeddable":true,"href":"https:\/\/www.strasser.co.at\/de\/wp-json\/wp\/v2\/comments?post=19477"}],"wp:featuredmedia":[{"embeddable":true,"href":"https:\/\/www.strasser.co.at\/de\/wp-json\/wp\/v2\/media\/29747"}],"wp:attachment":[{"href":"https:\/\/www.strasser.co.at\/de\/wp-json\/wp\/v2\/media?parent=19477"}],"wp:term":[{"taxonomy":"product_cat","embeddable":true,"href":"https:\/\/www.strasser.co.at\/de\/wp-json\/wp\/v2\/product_cat?post=19477"},{"taxonomy":"product_tag","embeddable":true,"href":"https:\/\/www.strasser.co.at\/de\/wp-json\/wp\/v2\/product_tag?post=19477"}],"curies":[{"name":"wp","href":"https:\/\/api.w.org\/{rel}","templated":true}]}}