{"id":19584,"date":"2022-05-18T10:30:45","date_gmt":"2022-05-18T08:30:45","guid":{"rendered":"https:\/\/www.strasser.co.at\/?post_type=product&#038;p=19584"},"modified":"2022-12-16T07:09:37","modified_gmt":"2022-12-16T06:09:37","slug":"maja-abschwartmaschine-bxa-plus-554","status":"publish","type":"product","link":"https:\/\/www.strasser.co.at\/de\/produkt\/maja-abschwartmaschine-bxa-plus-554\/","title":{"rendered":"VERKAUFT: Maja Abschwartmaschine BXA Plus 554"},"content":{"rendered":"<p>Vorf\u00fchrmaschine MNr.: M-56591 \/ neuwertig<br \/>\nBaujahr 2022<br \/>\nzum vollautomatischen Entschwarten s\u00e4mtlicher<br \/>\nfrischer Teilst\u00fccke vom Schwein, z.B. Bauch,<br \/>\nR\u00fccken- und Nackenspeck<br \/>\n&#8211; Schnittbreite 554 mm<br \/>\n&#8211; Elektrischer Anschluss 400V\/50Hz\/3AC: 1,1 kW<br \/>\n&#8211; Mechanische Anschnittsteuerung<br \/>\n&#8211; Optimierter Andruck f\u00fcr maximale Ausbeute<br \/>\n&#8211; Schneller und einfacher Teilst\u00fcckwechsel<br \/>\n&#8211; Arretierbare Schwartenst\u00e4rkeneinstellung<\/p>\n","protected":false},"excerpt":{"rendered":"<p>Vorf\u00fchrmaschine MNr.: M-56591 \/ neuwertig Baujahr 2022 zum vollautomatischen Entschwarten s\u00e4mtlicher frischer Teilst\u00fccke vom Schwein, z.B. Bauch, R\u00fccken- und Nackenspeck &#8211; Schnittbreite 554 mm &#8211; Elektrischer Anschluss 400V\/50Hz\/3AC: 1,1 kW &#8211; Mechanische Anschnittsteuerung &#8211; Optimierter Andruck f\u00fcr maximale Ausbeute &#8211; Schneller und einfacher Teilst\u00fcckwechsel &#8211; Arretierbare Schwartenst\u00e4rkeneinstellung<\/p>\n","protected":false},"featured_media":19590,"comment_status":"open","ping_status":"closed","template":"","meta":{"_acf_changed":false,"_crsspst_to_strasser-maschinench":false,"inline_featured_image":false},"product_cat":[92],"product_tag":[],"class_list":{"0":"post-19584","1":"product","2":"type-product","3":"status-publish","4":"has-post-thumbnail","6":"product_cat-verkauft","8":"first","9":"instock","10":"taxable","11":"shipping-taxable","12":"product-type-simple"},"acf":[],"_links":{"self":[{"href":"https:\/\/www.strasser.co.at\/de\/wp-json\/wp\/v2\/product\/19584","targetHints":{"allow":["GET"]}}],"collection":[{"href":"https:\/\/www.strasser.co.at\/de\/wp-json\/wp\/v2\/product"}],"about":[{"href":"https:\/\/www.strasser.co.at\/de\/wp-json\/wp\/v2\/types\/product"}],"replies":[{"embeddable":true,"href":"https:\/\/www.strasser.co.at\/de\/wp-json\/wp\/v2\/comments?post=19584"}],"wp:featuredmedia":[{"embeddable":true,"href":"https:\/\/www.strasser.co.at\/de\/wp-json\/wp\/v2\/media\/19590"}],"wp:attachment":[{"href":"https:\/\/www.strasser.co.at\/de\/wp-json\/wp\/v2\/media?parent=19584"}],"wp:term":[{"taxonomy":"product_cat","embeddable":true,"href":"https:\/\/www.strasser.co.at\/de\/wp-json\/wp\/v2\/product_cat?post=19584"},{"taxonomy":"product_tag","embeddable":true,"href":"https:\/\/www.strasser.co.at\/de\/wp-json\/wp\/v2\/product_tag?post=19584"}],"curies":[{"name":"wp","href":"https:\/\/api.w.org\/{rel}","templated":true}]}}