{"id":19727,"date":"2022-06-07T07:56:44","date_gmt":"2022-06-07T05:56:44","guid":{"rendered":"https:\/\/www.strasser.co.at\/?post_type=product&#038;p=19727"},"modified":"2022-10-13T15:46:59","modified_gmt":"2022-10-13T13:46:59","slug":"seydelmann-kutter-k120-ac-8","status":"publish","type":"product","link":"https:\/\/www.strasser.co.at\/de\/produkt\/seydelmann-kutter-k120-ac-8\/","title":{"rendered":"VERKAUFT Seydelmann Kutter K120 AC-8"},"content":{"rendered":"<p>massiv aus Edelstahl rostfrei<br \/>\n120 L Sch\u00fcssel massiv aus Edelstahl rostfrei<br \/>\nstufenlos einstellbare Messergeschwindigkeiten<br \/>\nMischg\u00e4nge vor- und r\u00fcckw\u00e4rts<br \/>\n2 Sch\u00fcsselgeschwindigkeiten<br \/>\nL\u00e4rmschutzdeckel<br \/>\nHauptmotor 80 kW<br \/>\nAuswerfer manuell bet\u00e4tigt<br \/>\ndigitale Anzeige Command 1000 f\u00fcr Temperatur,<br \/>\nLaufzeit und Geschwindigkeit<br \/>\nseparater Edelstahl-Schaltschrank<br \/>\n6 Kuttermesser gebraucht, mit Zubeh\u00f6r<\/p>\n","protected":false},"excerpt":{"rendered":"<p>massiv aus Edelstahl rostfrei 120 L Sch\u00fcssel massiv aus Edelstahl rostfrei stufenlos einstellbare Messergeschwindigkeiten Mischg\u00e4nge vor- und r\u00fcckw\u00e4rts 2 Sch\u00fcsselgeschwindigkeiten L\u00e4rmschutzdeckel Hauptmotor 80 kW Auswerfer manuell bet\u00e4tigt digitale Anzeige Command 1000 f\u00fcr Temperatur, Laufzeit und Geschwindigkeit separater Edelstahl-Schaltschrank 6 Kuttermesser gebraucht, mit Zubeh\u00f6r<\/p>\n","protected":false},"featured_media":19769,"comment_status":"open","ping_status":"closed","template":"","meta":{"_acf_changed":false,"_crsspst_to_strasser-maschinench":false,"inline_featured_image":false},"product_cat":[92],"product_tag":[],"class_list":{"0":"post-19727","1":"product","2":"type-product","3":"status-publish","4":"has-post-thumbnail","6":"product_cat-verkauft","8":"first","9":"instock","10":"taxable","11":"shipping-taxable","12":"product-type-simple"},"acf":[],"_links":{"self":[{"href":"https:\/\/www.strasser.co.at\/de\/wp-json\/wp\/v2\/product\/19727","targetHints":{"allow":["GET"]}}],"collection":[{"href":"https:\/\/www.strasser.co.at\/de\/wp-json\/wp\/v2\/product"}],"about":[{"href":"https:\/\/www.strasser.co.at\/de\/wp-json\/wp\/v2\/types\/product"}],"replies":[{"embeddable":true,"href":"https:\/\/www.strasser.co.at\/de\/wp-json\/wp\/v2\/comments?post=19727"}],"wp:featuredmedia":[{"embeddable":true,"href":"https:\/\/www.strasser.co.at\/de\/wp-json\/wp\/v2\/media\/19769"}],"wp:attachment":[{"href":"https:\/\/www.strasser.co.at\/de\/wp-json\/wp\/v2\/media?parent=19727"}],"wp:term":[{"taxonomy":"product_cat","embeddable":true,"href":"https:\/\/www.strasser.co.at\/de\/wp-json\/wp\/v2\/product_cat?post=19727"},{"taxonomy":"product_tag","embeddable":true,"href":"https:\/\/www.strasser.co.at\/de\/wp-json\/wp\/v2\/product_tag?post=19727"}],"curies":[{"name":"wp","href":"https:\/\/api.w.org\/{rel}","templated":true}]}}