{"id":20136,"date":"2022-07-20T13:39:32","date_gmt":"2022-06-21T13:41:12","guid":{"rendered":"https:\/\/www.strasser.co.at\/?post_type=product&#038;p=20136"},"modified":"2023-02-23T14:13:08","modified_gmt":"2023-02-23T13:13:08","slug":"seydelmann-winkelwolf-ad114-3","status":"publish","type":"product","link":"https:\/\/www.strasser.co.at\/de\/produkt\/seydelmann-winkelwolf-ad114-3\/","title":{"rendered":"VERKAUFT: Seydelmann Wolf WD 114"},"content":{"rendered":"<p>massiv aus Edelstahl rostfrei<br \/>\n114 mm Schneckengeh\u00e4use massiv rostfrei<br \/>\n2-tourige Arbeitsschnecke mit Handschalter<br \/>\nrostfreies und geh\u00e4rtetes Schneckengeh\u00e4use<br \/>\nrostfreie Schnecke und \u00dcberwurfmutter<br \/>\nmit Trapezgewinde<br \/>\nSchneckenaussto\u00dfer<br \/>\n4,5 \/ 6 kW Leistung<br \/>\n400 Volt 50 HZ<br \/>\nTrichterinhalt ca. 60 Liter<br \/>\nkompletter Schneidsatz gebraucht<\/p>\n","protected":false},"excerpt":{"rendered":"<p>massiv aus Edelstahl rostfrei 114 mm Schneckengeh\u00e4use massiv rostfrei 2-tourige Arbeitsschnecke mit Handschalter rostfreies und geh\u00e4rtetes Schneckengeh\u00e4use rostfreie Schnecke und \u00dcberwurfmutter mit Trapezgewinde Schneckenaussto\u00dfer 4,5 \/ 6 kW Leistung 400 Volt 50 HZ Trichterinhalt ca. 60 Liter kompletter Schneidsatz gebraucht<\/p>\n","protected":false},"featured_media":20150,"comment_status":"open","ping_status":"closed","template":"","meta":{"_acf_changed":false,"_crsspst_to_strasser-maschinench":false,"inline_featured_image":false},"product_cat":[92],"product_tag":[],"class_list":{"0":"post-20136","1":"product","2":"type-product","3":"status-publish","4":"has-post-thumbnail","6":"product_cat-verkauft","8":"first","9":"instock","10":"taxable","11":"shipping-taxable","12":"product-type-simple"},"acf":[],"_links":{"self":[{"href":"https:\/\/www.strasser.co.at\/de\/wp-json\/wp\/v2\/product\/20136","targetHints":{"allow":["GET"]}}],"collection":[{"href":"https:\/\/www.strasser.co.at\/de\/wp-json\/wp\/v2\/product"}],"about":[{"href":"https:\/\/www.strasser.co.at\/de\/wp-json\/wp\/v2\/types\/product"}],"replies":[{"embeddable":true,"href":"https:\/\/www.strasser.co.at\/de\/wp-json\/wp\/v2\/comments?post=20136"}],"wp:featuredmedia":[{"embeddable":true,"href":"https:\/\/www.strasser.co.at\/de\/wp-json\/wp\/v2\/media\/20150"}],"wp:attachment":[{"href":"https:\/\/www.strasser.co.at\/de\/wp-json\/wp\/v2\/media?parent=20136"}],"wp:term":[{"taxonomy":"product_cat","embeddable":true,"href":"https:\/\/www.strasser.co.at\/de\/wp-json\/wp\/v2\/product_cat?post=20136"},{"taxonomy":"product_tag","embeddable":true,"href":"https:\/\/www.strasser.co.at\/de\/wp-json\/wp\/v2\/product_tag?post=20136"}],"curies":[{"name":"wp","href":"https:\/\/api.w.org\/{rel}","templated":true}]}}