{"id":20215,"date":"2022-07-20T11:19:13","date_gmt":"2022-06-28T11:22:52","guid":{"rendered":"https:\/\/www.strasser.co.at\/?post_type=product&#038;p=20215"},"modified":"2024-05-02T08:13:20","modified_gmt":"2024-05-02T06:13:20","slug":"seydelmann-kutter-k90-dc-6-2","status":"publish","type":"product","link":"https:\/\/www.strasser.co.at\/de\/produkt\/seydelmann-kutter-k90-dc-6-2\/","title":{"rendered":"Verkauft: Seydelmann Kutter K90 DC-6"},"content":{"rendered":"<p>massiv aus Edelstahl rostfrei<br \/>\n90 L Sch\u00fcssel massiv aus Edelstahl rostfrei<br \/>\nstufenlos regelbare Messergeschwindigkeiten<br \/>\n2 Mischg\u00e4nge vorw\u00e4rts<br \/>\n2 Sch\u00fcsselgeschwindigkeiten<br \/>\nMicro 12<br \/>\ndigitale Anzeige f\u00fcr Temperatur, Laufzeit und Geschwindigkeit<br \/>\nin separatem Edelstahl Geh\u00e4use<br \/>\ninkl. 6 Kuttermesser, mit Zubeh\u00f6r, gebraucht<\/p>\n","protected":false},"excerpt":{"rendered":"<p>massiv aus Edelstahl rostfrei 90 L Sch\u00fcssel massiv aus Edelstahl rostfrei stufenlos regelbare Messergeschwindigkeiten 2 Mischg\u00e4nge vorw\u00e4rts 2 Sch\u00fcsselgeschwindigkeiten Micro 12 digitale Anzeige f\u00fcr Temperatur, Laufzeit und Geschwindigkeit in separatem Edelstahl Geh\u00e4use inkl. 6 Kuttermesser, mit Zubeh\u00f6r, gebraucht<\/p>\n","protected":false},"featured_media":24656,"comment_status":"open","ping_status":"closed","template":"","meta":{"_acf_changed":false,"_crsspst_to_strasser-maschinench":false,"inline_featured_image":false},"product_cat":[92],"product_tag":[],"class_list":{"0":"post-20215","1":"product","2":"type-product","3":"status-publish","4":"has-post-thumbnail","6":"product_cat-verkauft","8":"first","9":"instock","10":"taxable","11":"shipping-taxable","12":"product-type-simple"},"acf":[],"_links":{"self":[{"href":"https:\/\/www.strasser.co.at\/de\/wp-json\/wp\/v2\/product\/20215","targetHints":{"allow":["GET"]}}],"collection":[{"href":"https:\/\/www.strasser.co.at\/de\/wp-json\/wp\/v2\/product"}],"about":[{"href":"https:\/\/www.strasser.co.at\/de\/wp-json\/wp\/v2\/types\/product"}],"replies":[{"embeddable":true,"href":"https:\/\/www.strasser.co.at\/de\/wp-json\/wp\/v2\/comments?post=20215"}],"wp:featuredmedia":[{"embeddable":true,"href":"https:\/\/www.strasser.co.at\/de\/wp-json\/wp\/v2\/media\/24656"}],"wp:attachment":[{"href":"https:\/\/www.strasser.co.at\/de\/wp-json\/wp\/v2\/media?parent=20215"}],"wp:term":[{"taxonomy":"product_cat","embeddable":true,"href":"https:\/\/www.strasser.co.at\/de\/wp-json\/wp\/v2\/product_cat?post=20215"},{"taxonomy":"product_tag","embeddable":true,"href":"https:\/\/www.strasser.co.at\/de\/wp-json\/wp\/v2\/product_tag?post=20215"}],"curies":[{"name":"wp","href":"https:\/\/api.w.org\/{rel}","templated":true}]}}