{"id":20250,"date":"2022-07-20T16:19:24","date_gmt":"2022-06-29T07:14:42","guid":{"rendered":"https:\/\/www.strasser.co.at\/?post_type=product&#038;p=20250"},"modified":"2022-10-13T15:38:36","modified_gmt":"2022-10-13T13:38:36","slug":"frey-vak-fueller-f40","status":"publish","type":"product","link":"https:\/\/www.strasser.co.at\/de\/produkt\/frey-vak-fueller-f40\/","title":{"rendered":"VERKAUFT Frey Vak. F\u00fcller F40"},"content":{"rendered":"<p>Baujahr 2017<br \/>\nvollelektronische, kontinuierliche Vakuumf\u00fcllmaschine<br \/>\nzum GERADEAUSF\u00dcLLEN, PORTIONIEREN und<br \/>\nABDREHEN mit HALTEVORRICHTUNG<br \/>\nF\u00fcllleistung bis ca. 1.900 kg \/ Std.<br \/>\nF\u00fclldruck ca. 30 bar<br \/>\nMaschinengeh\u00e4use und F\u00fclltrichter komplett<br \/>\naus Edelstahl<br \/>\nPortioniergeschwindigkeit max. 300 Port.\/min<br \/>\nSpeicher f\u00fcr 150 F\u00fcllprogramme<br \/>\nGesamtanschlusswert: max. 3,9 KW, 400 V, 50\/60 Hz<br \/>\nmit Zubeh\u00f6r<br \/>\nCE-Konform<\/p>\n","protected":false},"excerpt":{"rendered":"<p>Baujahr 2017 vollelektronische, kontinuierliche Vakuumf\u00fcllmaschine zum GERADEAUSF\u00dcLLEN, PORTIONIEREN und ABDREHEN mit HALTEVORRICHTUNG F\u00fcllleistung bis ca. 1.900 kg \/ Std. F\u00fclldruck ca. 30 bar Maschinengeh\u00e4use und F\u00fclltrichter komplett aus Edelstahl Portioniergeschwindigkeit max. 300 Port.\/min Speicher f\u00fcr 150 F\u00fcllprogramme Gesamtanschlusswert: max. 3,9 KW, 400 V, 50\/60 Hz mit Zubeh\u00f6r CE-Konform<\/p>\n","protected":false},"featured_media":20255,"comment_status":"open","ping_status":"closed","template":"","meta":{"_acf_changed":false,"_crsspst_to_strasser-maschinench":false,"inline_featured_image":false},"product_cat":[92],"product_tag":[],"class_list":{"0":"post-20250","1":"product","2":"type-product","3":"status-publish","4":"has-post-thumbnail","6":"product_cat-verkauft","8":"first","9":"instock","10":"taxable","11":"shipping-taxable","12":"product-type-simple"},"acf":[],"_links":{"self":[{"href":"https:\/\/www.strasser.co.at\/de\/wp-json\/wp\/v2\/product\/20250","targetHints":{"allow":["GET"]}}],"collection":[{"href":"https:\/\/www.strasser.co.at\/de\/wp-json\/wp\/v2\/product"}],"about":[{"href":"https:\/\/www.strasser.co.at\/de\/wp-json\/wp\/v2\/types\/product"}],"replies":[{"embeddable":true,"href":"https:\/\/www.strasser.co.at\/de\/wp-json\/wp\/v2\/comments?post=20250"}],"wp:featuredmedia":[{"embeddable":true,"href":"https:\/\/www.strasser.co.at\/de\/wp-json\/wp\/v2\/media\/20255"}],"wp:attachment":[{"href":"https:\/\/www.strasser.co.at\/de\/wp-json\/wp\/v2\/media?parent=20250"}],"wp:term":[{"taxonomy":"product_cat","embeddable":true,"href":"https:\/\/www.strasser.co.at\/de\/wp-json\/wp\/v2\/product_cat?post=20250"},{"taxonomy":"product_tag","embeddable":true,"href":"https:\/\/www.strasser.co.at\/de\/wp-json\/wp\/v2\/product_tag?post=20250"}],"curies":[{"name":"wp","href":"https:\/\/api.w.org\/{rel}","templated":true}]}}